{"id":2927,"date":"2023-12-19T17:07:36","date_gmt":"2023-12-19T16:07:36","guid":{"rendered":"https:\/\/softymed.ch\/boutique\/non%20class\u00e9\/portoir-mousse-pour-boite-de-transport-vacuette-vtb\/"},"modified":"2026-01-26T10:30:30","modified_gmt":"2026-01-26T09:30:30","slug":"schaumstofftrager-fur-transportbox-vacuette-vtb","status":"publish","type":"product","link":"https:\/\/softymed.ch\/de\/boutique\/expedition-transport\/portoir-mousse-pour-boite-de-transport-vacuette-vtb\/","title":{"rendered":"Schaumstofftr\u00e4ger f\u00fcr VACUETTE\u00ae Transportbox (VTB)"},"content":{"rendered":"<p>Schaumstoffgestell f\u00fcr VACUETTE\u00ae Transportbox (VTB) f\u00fcr 40 R\u00f6hrchen (alle Gr\u00f6\u00dfen), nicht steril<\/p>","protected":false},"excerpt":{"rendered":"<p>F\u00fcr 40 Tuben<\/p>","protected":false},"featured_media":2570,"template":"","meta":{"_acf_changed":false,"_seopress_robots_primary_cat":"none","_seopress_titles_title":"","_seopress_titles_desc":"","_seopress_robots_index":""},"product_brand":[],"product_cat":[126],"product_tag":[],"categorie_principale":[27],"marque":[186],"class_list":{"0":"post-2927","1":"product","2":"type-product","3":"status-publish","4":"has-post-thumbnail","6":"product_cat-expedition-transport","7":"categorie_principale-laboratoire","8":"marque-greiner","10":"first","11":"outofstock","12":"taxable","13":"shipping-taxable","14":"product-type-simple"},"supplier_id":null,"supplier_sku":"","atum_controlled":true,"out_stock_date":"2026-01-22 11:20:16","out_stock_threshold":null,"inheritable":false,"inbound_stock":null,"stock_on_hold":0,"sold_today":0,"sales_last_days":0,"reserved_stock":null,"customer_returns":null,"warehouse_damage":null,"lost_in_post":null,"other_logs":null,"out_stock_days":76,"lost_sales":0,"has_location":false,"update_date":"2026-04-09T00:03:17","atum_locations":[],"atum_stock_status":"outofstock","restock_status":false,"low_stock_amount":"","sales_update_date":"2026-04-09T00:03:17","calc_backorders":null,"acf":[],"_links":{"self":[{"href":"https:\/\/softymed.ch\/de\/wp-json\/wp\/v2\/product\/2927","targetHints":{"allow":["GET"]}}],"collection":[{"href":"https:\/\/softymed.ch\/de\/wp-json\/wp\/v2\/product"}],"about":[{"href":"https:\/\/softymed.ch\/de\/wp-json\/wp\/v2\/types\/product"}],"wp:featuredmedia":[{"embeddable":true,"href":"https:\/\/softymed.ch\/de\/wp-json\/wp\/v2\/media\/2570"}],"wp:attachment":[{"href":"https:\/\/softymed.ch\/de\/wp-json\/wp\/v2\/media?parent=2927"}],"wp:term":[{"taxonomy":"product_brand","embeddable":true,"href":"https:\/\/softymed.ch\/de\/wp-json\/wp\/v2\/product_brand?post=2927"},{"taxonomy":"product_cat","embeddable":true,"href":"https:\/\/softymed.ch\/de\/wp-json\/wp\/v2\/product_cat?post=2927"},{"taxonomy":"product_tag","embeddable":true,"href":"https:\/\/softymed.ch\/de\/wp-json\/wp\/v2\/product_tag?post=2927"},{"taxonomy":"categorie_principale","embeddable":true,"href":"https:\/\/softymed.ch\/de\/wp-json\/wp\/v2\/categorie_principale?post=2927"},{"taxonomy":"marque","embeddable":true,"href":"https:\/\/softymed.ch\/de\/wp-json\/wp\/v2\/marque?post=2927"}],"curies":[{"name":"wp","href":"https:\/\/api.w.org\/{rel}","templated":true}]}}