{"id":2923,"date":"2023-12-19T17:07:36","date_gmt":"2023-12-19T16:07:36","guid":{"rendered":"https:\/\/softymed.ch\/boutique\/non%20class\u00e9\/cryotubes\/"},"modified":"2026-03-31T18:32:08","modified_gmt":"2026-03-31T16:32:08","slug":"kryorohren","status":"publish","type":"product","link":"https:\/\/softymed.ch\/de\/boutique\/archives-conservation\/cryotubes\/","title":{"rendered":"Kryor\u00f6hren"},"content":{"rendered":"<p>Cryovial\u00ae en polypropyl\u00e8ne avec cape rentrante avec joint silicon\u00e9 irradi\u00e9<\/p>\n<p><strong>Anwendung<\/strong><br \/>\nStockage et cong\u00e9lation d&rsquo;\u00e9chantillons<\/p>\n<p><strong>Merkmale<\/strong><br \/>\n-Le m\u00eame coefficient de dilatation du tube et du bouchon garantit une meilleure \u00e9tanch\u00e9it\u00e9 \u00e0 toutes les temp\u00e9ratures<br \/>\n-Schnellverschluss: 1 1\/4 Umdrehung<br \/>\n-Zone de marquage s\u00e9rigraphi\u00e9e<br \/>\n-Graduierungen in 1\/10ml<br \/>\n-Chaque sac comporte une bande d\u2019int\u00e9grit\u00e9 d\u00e9tachable et une fermeture \u00e0 glissi\u00e8re<br \/>\n-Mati\u00e8re du cryotube Polypropyl\u00e8ne<br \/>\n-H\u00f6he: 48 mm<br \/>\n-\u00d8: 12,5 mm<br \/>\n-Capacit\u00e9 utile: 1.80 ml<br \/>\n-Capacit\u00e9 totale: 2.00 ml<br \/>\n-Runder Boden<br \/>\n-Rock mit eingezogenem Umhang<br \/>\n-Farbe des Umhangs: natur<br \/>\n-Mit Dichtung: ja<br \/>\n-Niveau de st\u00e9rilit\u00e9: irradi\u00e9 aux rayons Gamma<br \/>\n-Temp\u00e9rature minimale de stockage: -190\u00b0C<br \/>\n-Autoklavierbar: ja<br \/>\n-Autres caract\u00e9ristiques: dose d\u2019irradiation rayon Gamma de 6 \u00e0 12kGy (selon la biocharge)<\/p>","protected":false},"excerpt":{"rendered":"<p>Mit rundem Boden und einem Rock mit eingezogenem Umhang<\/p>","protected":false},"featured_media":5838,"template":"","meta":{"_acf_changed":false,"_seopress_robots_primary_cat":"none","_seopress_titles_title":"","_seopress_titles_desc":"","_seopress_robots_index":""},"product_brand":[],"product_cat":[331,123,131,132],"product_tag":[],"categorie_principale":[27],"marque":[182],"class_list":{"0":"post-2923","1":"product","2":"type-product","3":"status-publish","4":"has-post-thumbnail","6":"product_cat-archives-conservation","7":"product_cat-chimie-hematologie","8":"product_cat-microbiologie","9":"product_cat-microscopie","10":"categorie_principale-laboratoire","11":"marque-cryovial","13":"first","14":"instock","15":"taxable","16":"shipping-taxable","17":"purchasable","18":"product-type-simple"},"supplier_id":null,"supplier_sku":"","atum_controlled":true,"out_stock_date":null,"out_stock_threshold":null,"inheritable":false,"inbound_stock":null,"stock_on_hold":0,"sold_today":0,"sales_last_days":0,"reserved_stock":null,"customer_returns":null,"warehouse_damage":null,"lost_in_post":null,"other_logs":null,"out_stock_days":0,"lost_sales":0,"has_location":true,"update_date":"2026-04-09T00:03:55","atum_locations":[{"id":373,"name":"Officine","slug":"officine"}],"atum_stock_status":"instock","restock_status":false,"low_stock_amount":"","sales_update_date":"2026-04-09T00:03:55","calc_backorders":null,"acf":[],"_links":{"self":[{"href":"https:\/\/softymed.ch\/de\/wp-json\/wp\/v2\/product\/2923","targetHints":{"allow":["GET"]}}],"collection":[{"href":"https:\/\/softymed.ch\/de\/wp-json\/wp\/v2\/product"}],"about":[{"href":"https:\/\/softymed.ch\/de\/wp-json\/wp\/v2\/types\/product"}],"wp:featuredmedia":[{"embeddable":true,"href":"https:\/\/softymed.ch\/de\/wp-json\/wp\/v2\/media\/5838"}],"wp:attachment":[{"href":"https:\/\/softymed.ch\/de\/wp-json\/wp\/v2\/media?parent=2923"}],"wp:term":[{"taxonomy":"product_brand","embeddable":true,"href":"https:\/\/softymed.ch\/de\/wp-json\/wp\/v2\/product_brand?post=2923"},{"taxonomy":"product_cat","embeddable":true,"href":"https:\/\/softymed.ch\/de\/wp-json\/wp\/v2\/product_cat?post=2923"},{"taxonomy":"product_tag","embeddable":true,"href":"https:\/\/softymed.ch\/de\/wp-json\/wp\/v2\/product_tag?post=2923"},{"taxonomy":"categorie_principale","embeddable":true,"href":"https:\/\/softymed.ch\/de\/wp-json\/wp\/v2\/categorie_principale?post=2923"},{"taxonomy":"marque","embeddable":true,"href":"https:\/\/softymed.ch\/de\/wp-json\/wp\/v2\/marque?post=2923"}],"curies":[{"name":"wp","href":"https:\/\/api.w.org\/{rel}","templated":true}]}}