{"id":2918,"date":"2023-12-28T11:49:19","date_gmt":"2023-12-28T10:49:19","guid":{"rendered":"https:\/\/softymed.ch\/boutique\/non%20class\u00e9\/ecg-contec-1212g\/"},"modified":"2026-01-12T19:13:35","modified_gmt":"2026-01-12T18:13:35","slug":"ecg-contec-1212g","status":"publish","type":"product","link":"https:\/\/softymed.ch\/de\/boutique\/appareils-equipements\/echographie-ecg-electrodes\/ecg-contec-1212g\/","title":{"rendered":"EKG-Ger\u00e4t Contec 1212G"},"content":{"rendered":"<p>Le dispositif ECG Contec 1212G est un appareil ECG \u00e0 12 d\u00e9rivations avec analyse et interpr\u00e9tation automatiques.<\/p>\n<p><strong>Dieses EKG-Ger\u00e4t bietet verschiedene Aufzeichnungsmodi:<\/strong><br \/>\n-Automatische Aufzeichnung: Aufzeichnungseinstellungen je nach Format und Modus der automatischen Aufzeichnung, automatische \u00c4nderung der Ableitungen, Messung und Analyse<br \/>\n-Rhythmische Aufnahme: Konfiguration der Aufnahme nach Format und Modus der rhythmischen Aufnahme, automatische Messung und Analyse<br \/>\n-Manuelle Aufzeichnung: Aufzeichnungseinstellungen je nach manuellem Aufzeichnungsformat, manuelle \u00c4nderung der Ableitungen<\/p>\n<p><strong>Merkmale<\/strong><br \/>\n-\u00c9cran 10,1\u201d TFT, r\u00e9tro-\u00e9clairage haute r\u00e9solution LED 1280\u00d7800 pixels<br \/>\n-Visualisation et acquisition simultan\u00e9e de 12 d\u00e9rivations<br \/>\n-Technique de signal num\u00e9rique, filtre CA, filtre de ligne de base, filtre EMG<br \/>\n-Auto-analyse et auto-interpr\u00e9tation<br \/>\n-Mode \u00e9cran et impressions multiples, par exemple 12, 6+1 (rythme), 6, rythme 12, rythme10, rythme 8, rythme 6, manuel, gel, etc.<br \/>\n-2 prises USB et LAN pour charger les donn\u00e9es sur PC<br \/>\n-M\u00e9moire flash comprise. Stockage de plus de 1&rsquo;000 fichiers<\/p>\n<p><strong>\u00c9quipement standard<\/strong><br \/>\n-1 c\u00e2ble ECG<br \/>\n-1 Erdungskabel<br \/>\n-1 kit d\u2019attaches pour \u00e9lectrodes p\u00e9riph\u00e9riques<br \/>\n-1 Rolle Thermopapier: 210 mm x 20 m<br \/>\n-1 set d\u2019\u00e9lectrodes pour poitrine<br \/>\n-Anschluss Stromversorgung<br \/>\nUSB-Anschluss<br \/>\n-Wiederaufladbarer Akku<br \/>\n-Software GB, IT<br \/>\n-Mode d\u2019emploi: GB, IT<\/p>\n<p><strong>Technische Informationen<\/strong><br \/>\n-Voie d\u2019entr\u00e9e: Protection de fluctuation et d\u00e9fibrillation<br \/>\n-D\u00e9rivations: 12 d\u00e9rivations standards<br \/>\n-Courant de fuite chez le patient: &lt; 10 \u00b5A -Imp\u00e9dance d\u2019entr\u00e9e: = 50 MO -Fr\u00e9quence de r\u00e9ponse: 0,05 \u2013 150 Hz (-3 \u2013 + 0,4 dB) -Constante de temps: = 3,2 s -CMRR: &gt;60 dB, &gt; 100 dB (avec filtre)<br \/>\nEMG-Interferenzfilter: 25\/35 Hz (-3 dB)<br \/>\n-Thermopapier: 210 mm x 20 m High Speed<br \/>\n-Vitesse papier: Enregistrement auto et rythme 25, 50 mm\/s, \u00b15%<br \/>\n-Enregistrement manuel: 5, 6,25, 10, 12,5, 25, 50 mm\/s, \u00b15%<br \/>\n-S\u00e9lection de sensibilit\u00e9: 2,5, 5, 10, 20, 40 mm\/mV, \u00b15%<br \/>\n-Sensibilit\u00e9 standard 10 mm\/mV \u00b10,2 mm\/mV<br \/>\n-Enregistrement automatique: Param\u00e8tres d\u2019enregistrement selon la m\u00e9thode automatique avec changement automatique des \u00e9lectrodes, des mesures et des analyses<br \/>\n-Enregistrement rythme: Param\u00e8tres d\u2019enregistrement selon le rythme enregistr\u00e9, avec mesures et analyses automatiques<br \/>\n-Enregistrement manuel: Param\u00e8tres d\u2019enregistrement selon le format manuel avec changement manuel des \u00e9lectrodes<br \/>\n-Param\u00e8tres de mesure: Intervalle HR,P-R, dur\u00e9e P, dur\u00e9e QRS, dur\u00e9e T, Intervalle Q-T, Q-Tc, Axe P, Axe QRS, Axe T, R(V5), S(V1), R(V5)+S(V1)<br \/>\n-Type de s\u00e9curit\u00e9 des produits: Classe I CF Protection de d\u00e9fibrillation et stimulation<br \/>\n-Abmessungen: 334 x 320 x 85 mm<br \/>\nStromversorgung: AC: 100-240 V, 50\/60 Hz, DC: 14,8 V, 3'700mAh wiederaufladbare Lithium-Batterie<\/p>\n<p><strong>Garantie<\/strong>: 1 Jahr.<br \/>\nDie Garantie bezieht sich nicht auf das Patientenkabel, das Zubeh\u00f6r und die Akkus.<\/p>","protected":false},"excerpt":{"rendered":"<p>12 Bahnen mit Lehrer 10 \"<\/p>","protected":false},"featured_media":3539,"template":"","meta":{"_acf_changed":false,"_seopress_robots_primary_cat":"none","_seopress_titles_title":"","_seopress_titles_desc":"","_seopress_robots_index":""},"product_brand":[],"product_cat":[163,122,164],"product_tag":[347],"categorie_principale":[28,29],"marque":[222],"class_list":{"0":"post-2918","1":"product","2":"type-product","3":"status-publish","4":"has-post-thumbnail","6":"product_cat-appareils-equipements","7":"product_cat-auscultation-diagnostic","8":"product_cat-echographie-ecg-electrodes","9":"product_tag-best-seller","10":"categorie_principale-medecine-generale","11":"categorie_principale-permanence-hopital","12":"marque-contec-medical-systems","14":"first","15":"outofstock","16":"taxable","17":"shipping-taxable","18":"purchasable","19":"product-type-simple"},"supplier_id":null,"supplier_sku":"","atum_controlled":true,"out_stock_date":"2026-01-12 16:48:41","out_stock_threshold":null,"inheritable":false,"inbound_stock":0,"stock_on_hold":0,"sold_today":0,"sales_last_days":0,"reserved_stock":0,"customer_returns":0,"warehouse_damage":0,"lost_in_post":0,"other_logs":0,"out_stock_days":85,"lost_sales":21128,"has_location":false,"update_date":"2026-04-08T00:03:12","atum_locations":[],"atum_stock_status":"outofstock","restock_status":false,"low_stock_amount":"","sales_update_date":"2026-04-08T00:03:12","calc_backorders":null,"acf":[],"_links":{"self":[{"href":"https:\/\/softymed.ch\/de\/wp-json\/wp\/v2\/product\/2918","targetHints":{"allow":["GET"]}}],"collection":[{"href":"https:\/\/softymed.ch\/de\/wp-json\/wp\/v2\/product"}],"about":[{"href":"https:\/\/softymed.ch\/de\/wp-json\/wp\/v2\/types\/product"}],"wp:featuredmedia":[{"embeddable":true,"href":"https:\/\/softymed.ch\/de\/wp-json\/wp\/v2\/media\/3539"}],"wp:attachment":[{"href":"https:\/\/softymed.ch\/de\/wp-json\/wp\/v2\/media?parent=2918"}],"wp:term":[{"taxonomy":"product_brand","embeddable":true,"href":"https:\/\/softymed.ch\/de\/wp-json\/wp\/v2\/product_brand?post=2918"},{"taxonomy":"product_cat","embeddable":true,"href":"https:\/\/softymed.ch\/de\/wp-json\/wp\/v2\/product_cat?post=2918"},{"taxonomy":"product_tag","embeddable":true,"href":"https:\/\/softymed.ch\/de\/wp-json\/wp\/v2\/product_tag?post=2918"},{"taxonomy":"categorie_principale","embeddable":true,"href":"https:\/\/softymed.ch\/de\/wp-json\/wp\/v2\/categorie_principale?post=2918"},{"taxonomy":"marque","embeddable":true,"href":"https:\/\/softymed.ch\/de\/wp-json\/wp\/v2\/marque?post=2918"}],"curies":[{"name":"wp","href":"https:\/\/api.w.org\/{rel}","templated":true}]}}