{"id":2917,"date":"2023-12-28T11:49:19","date_gmt":"2023-12-28T10:49:19","guid":{"rendered":"https:\/\/softymed.ch\/boutique\/non%20class\u00e9\/ecg-contec-1200g\/"},"modified":"2025-10-31T16:56:26","modified_gmt":"2025-10-31T15:56:26","slug":"ecg-contec-1200g","status":"publish","type":"product","link":"https:\/\/softymed.ch\/de\/boutique\/appareils-equipements\/echographie-ecg-electrodes\/ecg-contec-1200g\/","title":{"rendered":"Contec 1200G EKG-Ger\u00e4t"},"content":{"rendered":"<p>Das EKG-Ger\u00e4t Contec 1200G ist ein 12-Kanal-EKG-Ger\u00e4t mit automatischer Analyse und Interpretation.<\/p>\n<p><strong>Dieses EKG-Ger\u00e4t bietet verschiedene Aufzeichnungsmodi:<\/strong><br \/>\n-Automatische Aufzeichnung: Aufzeichnungseinstellungen je nach Format und Modus der automatischen Aufzeichnung, automatische \u00c4nderung der Ableitungen, Messung und Analyse<br \/>\n-Rhythmische Aufnahme: Konfiguration der Aufnahme nach Format und Modus der rhythmischen Aufnahme, automatische Messung und Analyse<br \/>\n-Manuelle Aufzeichnung: Aufzeichnungseinstellungen je nach manuellem Aufzeichnungsformat, manuelle \u00c4nderung der Ableitungen<\/p>\n<p><strong>Merkmale<\/strong><br \/>\nVollfarbiger TFT-LED-Bildschirm, 8\u201d: 800 x 600 Punkte<br \/>\n-Hohe Aufl\u00f6sung<br \/>\n-LED-Hintergrundbeleuchtung<br \/>\n-Gleichzeitige Erfassung und Anzeige von 12 Ableitungen<br \/>\nMultimodus-Anzeige und -Druck: 12, 6 + 1 (Rhythmus), 6, Rhythmus 12, Rhythmus 10, Rhythmus 8, Rhythmus 6. Manuell, Freeze, ...<br \/>\n-Automatische Analyse und automatische Interpretation<br \/>\nDigitale Signaltechnologie, AC-Filter, Basislinienfilter, EMG-Filter<br \/>\n-Thermodrucksystem: Empfindlichkeit: 2,5, 5, 10, 20, 40 mm \/ mV, Papiergeschwindigkeit<br \/>\n-Automatische und rhythmische Aufnahme: 25, 50 mm \/ s, \u00b1 5%<br \/>\n-Manuelle Aufnahme: 5, 6.25, 10, 12.5, 25, 50 mm \/ s, \u00b1 5%<br \/>\nIntegrierter Flash-Speicher<br \/>\n-&gt; speichert \u00fcber 1'000 Dateien<br \/>\nUSB- und LAN-Anschluss<br \/>\n-&gt; Daten auf einen PC \u00fcbertragen<\/p>\n<p><strong>Technische Spezifikationen des EKG-Ger\u00e4ts Contec 1200G<\/strong><br \/>\n-Thermopapier: 210 mm x 20 m<br \/>\n-Frequenzbereich: 0,05 - 150 Hz (-3 - + 0,4 dB)<br \/>\n-Zeitkonstante: = 3.2 s<br \/>\nEMG-Interferenzfilter: 25\/35 Hz (-3 dB)<br \/>\n-Wechselstrom: 100-240 V, 50\/60 Hz<br \/>\n-Sicherheit: Klasse I<\/p>\n<p><strong>Inhalt<\/strong><br \/>\n-1 Satz EKG-Kabel<br \/>\n-1 Satz Brustelektroden<br \/>\n-1 Satz Gliedma\u00dfen-Elektrodenklemmen<br \/>\n-1 Erdungskabel<br \/>\n-Elektrische Verbindung<br \/>\n-1 Papierrolle<br \/>\nUSB-Anschluss<br \/>\nPC-Software<\/p>\n<p><strong>Ern\u00e4hrung:<\/strong> wiederaufladbare Lithiumbatterie<br \/>\nAbmessungen: 334 x 320 x 85 mm<\/p>\n<p><strong>Garantie<\/strong>: 1 Jahr.<br \/>\nDie Garantie bezieht sich nicht auf das Patientenkabel, das Zubeh\u00f6r und die Akkus.<\/p>","protected":false},"excerpt":{"rendered":"<p>12 Bahnen mit Lehrer 8 \"<\/p>","protected":false},"featured_media":3535,"template":"","meta":{"_acf_changed":false,"_seopress_robots_primary_cat":"","_seopress_titles_title":"","_seopress_titles_desc":"","_seopress_robots_index":""},"product_brand":[],"product_cat":[163,122,164],"product_tag":[],"categorie_principale":[28,29],"marque":[222],"class_list":{"0":"post-2917","1":"product","2":"type-product","3":"status-publish","4":"has-post-thumbnail","6":"product_cat-appareils-equipements","7":"product_cat-auscultation-diagnostic","8":"product_cat-echographie-ecg-electrodes","9":"categorie_principale-medecine-generale","10":"categorie_principale-permanence-hopital","11":"marque-contec-medical-systems","13":"first","14":"instock","15":"taxable","16":"shipping-taxable","17":"purchasable","18":"product-type-simple"},"supplier_id":null,"supplier_sku":"","atum_controlled":true,"out_stock_date":null,"out_stock_threshold":null,"inheritable":false,"inbound_stock":0,"stock_on_hold":0,"sold_today":0,"sales_last_days":0,"reserved_stock":0,"customer_returns":0,"warehouse_damage":0,"lost_in_post":0,"other_logs":0,"out_stock_days":0,"lost_sales":0,"has_location":true,"update_date":"2026-04-09T00:03:13","atum_locations":[{"id":219,"name":"Yellow Cube","slug":"yellow-cube"}],"atum_stock_status":"instock","restock_status":false,"low_stock_amount":"","sales_update_date":"2026-04-09T00:03:13","calc_backorders":null,"acf":[],"_links":{"self":[{"href":"https:\/\/softymed.ch\/de\/wp-json\/wp\/v2\/product\/2917","targetHints":{"allow":["GET"]}}],"collection":[{"href":"https:\/\/softymed.ch\/de\/wp-json\/wp\/v2\/product"}],"about":[{"href":"https:\/\/softymed.ch\/de\/wp-json\/wp\/v2\/types\/product"}],"wp:featuredmedia":[{"embeddable":true,"href":"https:\/\/softymed.ch\/de\/wp-json\/wp\/v2\/media\/3535"}],"wp:attachment":[{"href":"https:\/\/softymed.ch\/de\/wp-json\/wp\/v2\/media?parent=2917"}],"wp:term":[{"taxonomy":"product_brand","embeddable":true,"href":"https:\/\/softymed.ch\/de\/wp-json\/wp\/v2\/product_brand?post=2917"},{"taxonomy":"product_cat","embeddable":true,"href":"https:\/\/softymed.ch\/de\/wp-json\/wp\/v2\/product_cat?post=2917"},{"taxonomy":"product_tag","embeddable":true,"href":"https:\/\/softymed.ch\/de\/wp-json\/wp\/v2\/product_tag?post=2917"},{"taxonomy":"categorie_principale","embeddable":true,"href":"https:\/\/softymed.ch\/de\/wp-json\/wp\/v2\/categorie_principale?post=2917"},{"taxonomy":"marque","embeddable":true,"href":"https:\/\/softymed.ch\/de\/wp-json\/wp\/v2\/marque?post=2917"}],"curies":[{"name":"wp","href":"https:\/\/api.w.org\/{rel}","templated":true}]}}