{"id":2911,"date":"2023-12-19T17:07:29","date_gmt":"2023-12-19T16:07:29","guid":{"rendered":"https:\/\/softymed.ch\/boutique\/non%20class\u00e9\/essuie-mains-c-lux\/"},"modified":"2026-04-09T11:04:11","modified_gmt":"2026-04-09T09:04:11","slug":"handtuch-c-lux","status":"publish","type":"product","link":"https:\/\/softymed.ch\/de\/boutique\/liste-additionnelle\/essuie-mains-c-lux\/","title":{"rendered":"Handt\u00fccher C Lux"},"content":{"rendered":"<p><strong>Merkmale<\/strong><br \/>\nFarbe: wei\u00df<br \/>\nMati\u00e8re premi\u00e8re: 100% pure cellulose<br \/>\nGaufrage: micro-gaufr\u00e9s<br \/>\nAnzahl der Falten: 2<br \/>\nAnzahl der Bl\u00e4tter: 180<br \/>\nH\u00f6he des Blattes: 9 cm<br \/>\nL\u00e4nge des Blattes: 10 cm<br \/>\nRollenl\u00e4nge: 18 m<br \/>\nDiam\u00e8tre du rouleau: 10 cm<br \/>\nAnzahl der Rollen pro Packung: 8<br \/>\nCertification: EU Ecolabel, test\u00e9 dermatologiquement<\/p>","protected":false},"excerpt":{"rendered":"<p>Falthandt\u00fccher C, enth\u00e4lt 20 Packungen \u00e0 152 Blatt<\/p>","protected":false},"featured_media":2692,"template":"","meta":{"_acf_changed":false,"_seopress_robots_primary_cat":"none","_seopress_titles_title":"","_seopress_titles_desc":"","_seopress_robots_index":""},"product_brand":[],"product_cat":[288,176],"product_tag":[],"categorie_principale":[165,32,31,27,106,28,30,29],"marque":[17],"class_list":{"0":"post-2911","1":"product","2":"type-product","3":"status-publish","4":"has-post-thumbnail","6":"product_cat-liste-additionnelle","7":"product_cat-protection-consommable","8":"categorie_principale-autre","9":"categorie_principale-cardiologie","10":"categorie_principale-gynecologie","11":"categorie_principale-laboratoire","12":"categorie_principale-medecine-dentaire","13":"categorie_principale-medecine-generale","14":"categorie_principale-orthopedie","15":"categorie_principale-permanence-hopital","16":"marque-celtex","18":"first","19":"instock","20":"taxable","21":"shipping-taxable","22":"purchasable","23":"product-type-simple"},"supplier_id":null,"supplier_sku":"","atum_controlled":true,"out_stock_date":null,"out_stock_threshold":null,"inheritable":false,"inbound_stock":null,"stock_on_hold":0,"sold_today":0,"sales_last_days":9,"reserved_stock":null,"customer_returns":null,"warehouse_damage":null,"lost_in_post":null,"other_logs":null,"out_stock_days":0,"lost_sales":0,"has_location":true,"update_date":"2026-04-10T00:05:02","atum_locations":[{"id":373,"name":"Officine","slug":"officine"}],"atum_stock_status":"instock","restock_status":false,"low_stock_amount":"","sales_update_date":"2026-04-10T00:05:02","calc_backorders":null,"acf":[],"_links":{"self":[{"href":"https:\/\/softymed.ch\/de\/wp-json\/wp\/v2\/product\/2911","targetHints":{"allow":["GET"]}}],"collection":[{"href":"https:\/\/softymed.ch\/de\/wp-json\/wp\/v2\/product"}],"about":[{"href":"https:\/\/softymed.ch\/de\/wp-json\/wp\/v2\/types\/product"}],"wp:featuredmedia":[{"embeddable":true,"href":"https:\/\/softymed.ch\/de\/wp-json\/wp\/v2\/media\/2692"}],"wp:attachment":[{"href":"https:\/\/softymed.ch\/de\/wp-json\/wp\/v2\/media?parent=2911"}],"wp:term":[{"taxonomy":"product_brand","embeddable":true,"href":"https:\/\/softymed.ch\/de\/wp-json\/wp\/v2\/product_brand?post=2911"},{"taxonomy":"product_cat","embeddable":true,"href":"https:\/\/softymed.ch\/de\/wp-json\/wp\/v2\/product_cat?post=2911"},{"taxonomy":"product_tag","embeddable":true,"href":"https:\/\/softymed.ch\/de\/wp-json\/wp\/v2\/product_tag?post=2911"},{"taxonomy":"categorie_principale","embeddable":true,"href":"https:\/\/softymed.ch\/de\/wp-json\/wp\/v2\/categorie_principale?post=2911"},{"taxonomy":"marque","embeddable":true,"href":"https:\/\/softymed.ch\/de\/wp-json\/wp\/v2\/marque?post=2911"}],"curies":[{"name":"wp","href":"https:\/\/api.w.org\/{rel}","templated":true}]}}