{"id":2908,"date":"2023-12-28T11:49:20","date_gmt":"2023-12-28T10:49:20","guid":{"rendered":"https:\/\/softymed.ch\/boutique\/non%20class\u00e9\/electrodes-ecg-universelle-kendall-h92sg\/"},"modified":"2026-01-29T15:56:12","modified_gmt":"2026-01-29T14:56:12","slug":"ekg-elektroden-universal-kendall-h92sg","status":"publish","type":"product","link":"https:\/\/softymed.ch\/de\/boutique\/appareils-equipements\/echographie-ecg-electrodes\/electrodes-ecg-universelle-kendall-h92sg\/","title":{"rendered":"Kendall\u2122 H92SG Universal-EKG-Elektroden"},"content":{"rendered":"<p>Les \u00e9lectrodes universelles de CardinalHealth sont con\u00e7ues dans un souci de compatibilit\u00e9 \u00e9lev\u00e9e, qu\u2019elles soient utilis\u00e9es pendant un ECG de repos ou d\u2019effort. Le rev\u00eatement en gel solide permet \u00e0 l\u2019\u00e9lectrode de rester fermement en place, m\u00eame pendant de longues p\u00e9riodes d\u2019utilisation.<br \/>\nLe mat\u00e9riau du capteur Ag\/AgCl garantit que tous les param\u00e8tres pertinents pour l\u2019examen sont enregistr\u00e9s de mani\u00e8re fiable tout au long de l\u2019application. Gr\u00e2ce \u00e0 la mousse adaptable, les \u00e9lectrodes offrent n\u00e9anmoins un confort accru au patient et peuvent \u00eatre \u00e0 nouveau facilement retir\u00e9es gr\u00e2ce \u00e0 leur forme ovale.<\/p>\n<p><strong>Merkmale<\/strong><br \/>\n-\u00c9lectrodes ECG \u00e0 usage unique<br \/>\n-Convient \u00e0 toutes les applications de surveillance<br \/>\n-Rev\u00eatement en gel solide<br \/>\n-Form: oval<br \/>\n-Farbe: blau \/ wei\u00df<br \/>\n-Mat\u00e9riau de la surface de contact: mousse<br \/>\n-Mat\u00e9riau du capteur: Ag\/AgCl<br \/>\n-Abmessungen: 57 x 34 mm<\/p>","protected":false},"excerpt":{"rendered":"<p>Mit Hydrogel<\/p>","protected":false},"featured_media":3555,"template":"","meta":{"_acf_changed":false,"_seopress_robots_primary_cat":"none","_seopress_titles_title":"","_seopress_titles_desc":"","_seopress_robots_index":""},"product_brand":[],"product_cat":[163,122,164],"product_tag":[],"categorie_principale":[32,28,29],"marque":[221],"class_list":{"0":"post-2908","1":"product","2":"type-product","3":"status-publish","4":"has-post-thumbnail","6":"product_cat-appareils-equipements","7":"product_cat-auscultation-diagnostic","8":"product_cat-echographie-ecg-electrodes","9":"categorie_principale-cardiologie","10":"categorie_principale-medecine-generale","11":"categorie_principale-permanence-hopital","12":"marque-cardinalhealth","14":"first","15":"instock","16":"taxable","17":"shipping-taxable","18":"purchasable","19":"product-type-simple"},"supplier_id":null,"supplier_sku":"","atum_controlled":true,"out_stock_date":null,"out_stock_threshold":null,"inheritable":false,"inbound_stock":0,"stock_on_hold":0,"sold_today":0,"sales_last_days":0,"reserved_stock":0,"customer_returns":0,"warehouse_damage":0,"lost_in_post":0,"other_logs":0,"out_stock_days":0,"lost_sales":0,"has_location":true,"update_date":"2026-04-08T00:03:16","atum_locations":[{"id":373,"name":"Officine","slug":"officine"}],"atum_stock_status":"instock","restock_status":false,"low_stock_amount":"","sales_update_date":"2026-04-08T00:03:16","calc_backorders":null,"acf":[],"_links":{"self":[{"href":"https:\/\/softymed.ch\/de\/wp-json\/wp\/v2\/product\/2908","targetHints":{"allow":["GET"]}}],"collection":[{"href":"https:\/\/softymed.ch\/de\/wp-json\/wp\/v2\/product"}],"about":[{"href":"https:\/\/softymed.ch\/de\/wp-json\/wp\/v2\/types\/product"}],"wp:featuredmedia":[{"embeddable":true,"href":"https:\/\/softymed.ch\/de\/wp-json\/wp\/v2\/media\/3555"}],"wp:attachment":[{"href":"https:\/\/softymed.ch\/de\/wp-json\/wp\/v2\/media?parent=2908"}],"wp:term":[{"taxonomy":"product_brand","embeddable":true,"href":"https:\/\/softymed.ch\/de\/wp-json\/wp\/v2\/product_brand?post=2908"},{"taxonomy":"product_cat","embeddable":true,"href":"https:\/\/softymed.ch\/de\/wp-json\/wp\/v2\/product_cat?post=2908"},{"taxonomy":"product_tag","embeddable":true,"href":"https:\/\/softymed.ch\/de\/wp-json\/wp\/v2\/product_tag?post=2908"},{"taxonomy":"categorie_principale","embeddable":true,"href":"https:\/\/softymed.ch\/de\/wp-json\/wp\/v2\/categorie_principale?post=2908"},{"taxonomy":"marque","embeddable":true,"href":"https:\/\/softymed.ch\/de\/wp-json\/wp\/v2\/marque?post=2908"}],"curies":[{"name":"wp","href":"https:\/\/api.w.org\/{rel}","templated":true}]}}