{"id":2905,"date":"2023-12-19T17:07:29","date_gmt":"2023-12-19T16:07:29","guid":{"rendered":"https:\/\/softymed.ch\/boutique\/non%20class\u00e9\/flip-flotm\/"},"modified":"2025-02-25T18:26:52","modified_gmt":"2025-02-25T17:26:52","slug":"flip-flotm","status":"publish","type":"product","link":"https:\/\/softymed.ch\/de\/boutique\/divers\/flip-flotm\/","title":{"rendered":"Flip-Flo\u2122"},"content":{"rendered":"<p>La valve de cath\u00e9ter FLIP-FLO\u00ae convient \u00e0 un large \u00e9ventail de patients utilisant des cath\u00e9ters ur\u00e9traux ou sus-pubiens. Lorsqu\u2019elle est utilis\u00e9e d\u00e8s le d\u00e9but, la valve de cath\u00e9ter FLIP-FLO\u00ae peut aider \u00e0 maintenir le tonus et la capacit\u00e9 de la vessie. L\u2019action de rin\u00e7age peut \u00e9galement r\u00e9duire le risque d\u2019infections et de blocage.<\/p>","protected":false},"excerpt":{"rendered":"<p>Urethrales oder suprapubisches Katheterventil<\/p>","protected":false},"featured_media":2684,"template":"","meta":{"_acf_changed":false,"_seopress_robots_primary_cat":"none","_seopress_titles_title":"","_seopress_titles_desc":"","_seopress_robots_index":""},"product_brand":[],"product_cat":[125],"product_tag":[],"categorie_principale":[165,28,29],"marque":[172],"class_list":{"0":"post-2905","1":"product","2":"type-product","3":"status-publish","4":"has-post-thumbnail","6":"product_cat-divers","7":"categorie_principale-autre","8":"categorie_principale-medecine-generale","9":"categorie_principale-permanence-hopital","10":"marque-becton-dickinson","12":"first","13":"instock","14":"taxable","15":"shipping-taxable","16":"purchasable","17":"product-type-simple"},"supplier_id":null,"supplier_sku":"","atum_controlled":true,"out_stock_date":null,"out_stock_threshold":null,"inheritable":false,"inbound_stock":null,"stock_on_hold":0,"sold_today":0,"sales_last_days":0,"reserved_stock":null,"customer_returns":null,"warehouse_damage":null,"lost_in_post":null,"other_logs":null,"out_stock_days":0,"lost_sales":0,"has_location":true,"update_date":"2026-04-08T00:03:12","atum_locations":[{"id":219,"name":"Yellow Cube","slug":"yellow-cube"}],"atum_stock_status":"instock","restock_status":false,"low_stock_amount":"","sales_update_date":"2026-04-08T00:03:12","calc_backorders":null,"acf":[],"_links":{"self":[{"href":"https:\/\/softymed.ch\/de\/wp-json\/wp\/v2\/product\/2905","targetHints":{"allow":["GET"]}}],"collection":[{"href":"https:\/\/softymed.ch\/de\/wp-json\/wp\/v2\/product"}],"about":[{"href":"https:\/\/softymed.ch\/de\/wp-json\/wp\/v2\/types\/product"}],"wp:featuredmedia":[{"embeddable":true,"href":"https:\/\/softymed.ch\/de\/wp-json\/wp\/v2\/media\/2684"}],"wp:attachment":[{"href":"https:\/\/softymed.ch\/de\/wp-json\/wp\/v2\/media?parent=2905"}],"wp:term":[{"taxonomy":"product_brand","embeddable":true,"href":"https:\/\/softymed.ch\/de\/wp-json\/wp\/v2\/product_brand?post=2905"},{"taxonomy":"product_cat","embeddable":true,"href":"https:\/\/softymed.ch\/de\/wp-json\/wp\/v2\/product_cat?post=2905"},{"taxonomy":"product_tag","embeddable":true,"href":"https:\/\/softymed.ch\/de\/wp-json\/wp\/v2\/product_tag?post=2905"},{"taxonomy":"categorie_principale","embeddable":true,"href":"https:\/\/softymed.ch\/de\/wp-json\/wp\/v2\/categorie_principale?post=2905"},{"taxonomy":"marque","embeddable":true,"href":"https:\/\/softymed.ch\/de\/wp-json\/wp\/v2\/marque?post=2905"}],"curies":[{"name":"wp","href":"https:\/\/api.w.org\/{rel}","templated":true}]}}