{"id":2900,"date":"2023-12-19T17:07:29","date_gmt":"2023-12-19T16:07:29","guid":{"rendered":"https:\/\/softymed.ch\/boutique\/non%20class\u00e9\/bd-vacutainer-serum-gel-2\/"},"modified":"2026-04-07T08:24:15","modified_gmt":"2026-04-07T06:24:15","slug":"bd-vacutainer-serum-gel-5","status":"publish","type":"product","link":"https:\/\/softymed.ch\/de\/boutique\/prelevements\/prelevement-veineux\/bd-vacutainer-serum-gel-5\/","title":{"rendered":"BD Vacutainer\u00ae Serum-Gel"},"content":{"rendered":"<p>Tubes BD SST\u2122 II Advance &#8211; Silice et s\u00e9parateur de s\u00e9rum<br \/>\nFormat: 13\u00d7100<br \/>\nLeer: 5 ml<br \/>\nPapier-Etikett<br \/>\nS\u00e9parateur de s\u00e9rum: polym\u00e8re acrylique avec amorce de migration<br \/>\nActivateur de coagulation: micro-particules de silice en \u201cspray dry\u201d sur la paroi<br \/>\nPET-R\u00f6hren<\/p>","protected":false},"excerpt":{"rendered":"<p>BD SST\u2122 II Advance R\u00f6hren<\/p>","protected":false},"featured_media":2542,"template":"","meta":{"_acf_changed":false,"_seopress_robots_primary_cat":"137","_seopress_titles_title":"","_seopress_titles_desc":"","_seopress_robots_index":""},"product_brand":[],"product_cat":[333,372,137,136],"product_tag":[],"categorie_principale":[31,27,28,29],"marque":[172],"class_list":{"0":"post-2900","1":"product","2":"type-product","3":"status-publish","4":"has-post-thumbnail","6":"product_cat-autre-materiel-de-prelevement-labpoint","7":"product_cat-medicusana","8":"product_cat-prelevement-veineux","9":"product_cat-prelevements","10":"categorie_principale-gynecologie","11":"categorie_principale-laboratoire","12":"categorie_principale-medecine-generale","13":"categorie_principale-permanence-hopital","14":"marque-becton-dickinson","16":"first","17":"instock","18":"taxable","19":"shipping-taxable","20":"purchasable","21":"product-type-simple"},"supplier_id":null,"supplier_sku":"","atum_controlled":true,"out_stock_date":null,"out_stock_threshold":null,"inheritable":false,"inbound_stock":null,"stock_on_hold":0,"sold_today":0,"sales_last_days":0,"reserved_stock":null,"customer_returns":null,"warehouse_damage":null,"lost_in_post":null,"other_logs":null,"out_stock_days":0,"lost_sales":0,"has_location":true,"update_date":"2026-04-08T00:04:00","atum_locations":[{"id":373,"name":"Officine","slug":"officine"}],"atum_stock_status":"instock","restock_status":false,"low_stock_amount":"","sales_update_date":"2026-04-08T00:04:00","calc_backorders":null,"acf":[],"_links":{"self":[{"href":"https:\/\/softymed.ch\/de\/wp-json\/wp\/v2\/product\/2900","targetHints":{"allow":["GET"]}}],"collection":[{"href":"https:\/\/softymed.ch\/de\/wp-json\/wp\/v2\/product"}],"about":[{"href":"https:\/\/softymed.ch\/de\/wp-json\/wp\/v2\/types\/product"}],"wp:featuredmedia":[{"embeddable":true,"href":"https:\/\/softymed.ch\/de\/wp-json\/wp\/v2\/media\/2542"}],"wp:attachment":[{"href":"https:\/\/softymed.ch\/de\/wp-json\/wp\/v2\/media?parent=2900"}],"wp:term":[{"taxonomy":"product_brand","embeddable":true,"href":"https:\/\/softymed.ch\/de\/wp-json\/wp\/v2\/product_brand?post=2900"},{"taxonomy":"product_cat","embeddable":true,"href":"https:\/\/softymed.ch\/de\/wp-json\/wp\/v2\/product_cat?post=2900"},{"taxonomy":"product_tag","embeddable":true,"href":"https:\/\/softymed.ch\/de\/wp-json\/wp\/v2\/product_tag?post=2900"},{"taxonomy":"categorie_principale","embeddable":true,"href":"https:\/\/softymed.ch\/de\/wp-json\/wp\/v2\/categorie_principale?post=2900"},{"taxonomy":"marque","embeddable":true,"href":"https:\/\/softymed.ch\/de\/wp-json\/wp\/v2\/marque?post=2900"}],"curies":[{"name":"wp","href":"https:\/\/api.w.org\/{rel}","templated":true}]}}