{"id":2890,"date":"2023-12-19T17:07:21","date_gmt":"2023-12-19T16:07:21","guid":{"rendered":"https:\/\/softymed.ch\/boutique\/non%20class\u00e9\/aiguilles-bd-vacutainer-precisionglide\/"},"modified":"2026-03-05T16:53:30","modified_gmt":"2026-03-05T15:53:30","slug":"bd-nadeln-vacutainer-precisionglide-22g","status":"publish","type":"product","link":"https:\/\/softymed.ch\/de\/boutique\/prelevements\/aiguille\/aiguilles-bd-vacutainer-precisionglide-22g\/","title":{"rendered":"BD Vacutainer\u00ae PrecisionGlide\u2122 Kan\u00fclen"},"content":{"rendered":"<p>Aiguilles st\u00e9riles pour pr\u00e9l\u00e8vement multiple de sang veineux pour un usage en m\u00e9decine humaine par des professionnels de sant\u00e9 habilit\u00e9s.<\/p>\n<p><strong>Meilleure p\u00e9n\u00e9tration de l\u2019aiguille et confort du patient<\/strong><br \/>\n-Tranchant du biseau trait\u00e9 par \u00e9lectrochimie<br \/>\n-Canule lubrifi\u00e9e par \u00e9vaporation gazeuse<\/p>\n<p><strong>Facilit\u00e9 de manipulation<\/strong><br \/>\n-Manchon souple sur l\u2019aiguille perce-bouchon<br \/>\n-Surfaces de pr\u00e9hension plates et non polies sur les capuchons protecteurs<\/p>","protected":false},"excerpt":{"rendered":"<p>F\u00fcr mehrere Proben<\/p>","protected":false},"featured_media":2525,"template":"","meta":{"_acf_changed":false,"_seopress_robots_primary_cat":"","_seopress_titles_title":"","_seopress_titles_desc":"","_seopress_robots_index":""},"product_brand":[],"product_cat":[144,333,137,136],"product_tag":[],"categorie_principale":[31,27,28,29],"marque":[172],"class_list":{"0":"post-2890","1":"product","2":"type-product","3":"status-publish","4":"has-post-thumbnail","6":"product_cat-aiguille","7":"product_cat-autre-materiel-de-prelevement-labpoint","8":"product_cat-prelevement-veineux","9":"product_cat-prelevements","10":"categorie_principale-gynecologie","11":"categorie_principale-laboratoire","12":"categorie_principale-medecine-generale","13":"categorie_principale-permanence-hopital","14":"marque-becton-dickinson","16":"first","17":"instock","18":"taxable","19":"shipping-taxable","20":"purchasable","21":"product-type-simple"},"supplier_id":null,"supplier_sku":"","atum_controlled":true,"out_stock_date":null,"out_stock_threshold":null,"inheritable":false,"inbound_stock":null,"stock_on_hold":0,"sold_today":0,"sales_last_days":0,"reserved_stock":null,"customer_returns":null,"warehouse_damage":null,"lost_in_post":null,"other_logs":null,"out_stock_days":0,"lost_sales":0,"has_location":true,"update_date":"2026-04-09T00:03:36","atum_locations":[{"id":219,"name":"Yellow Cube","slug":"yellow-cube"}],"atum_stock_status":"instock","restock_status":false,"low_stock_amount":"","sales_update_date":"2026-04-09T00:03:36","calc_backorders":null,"acf":[],"_links":{"self":[{"href":"https:\/\/softymed.ch\/de\/wp-json\/wp\/v2\/product\/2890","targetHints":{"allow":["GET"]}}],"collection":[{"href":"https:\/\/softymed.ch\/de\/wp-json\/wp\/v2\/product"}],"about":[{"href":"https:\/\/softymed.ch\/de\/wp-json\/wp\/v2\/types\/product"}],"wp:featuredmedia":[{"embeddable":true,"href":"https:\/\/softymed.ch\/de\/wp-json\/wp\/v2\/media\/2525"}],"wp:attachment":[{"href":"https:\/\/softymed.ch\/de\/wp-json\/wp\/v2\/media?parent=2890"}],"wp:term":[{"taxonomy":"product_brand","embeddable":true,"href":"https:\/\/softymed.ch\/de\/wp-json\/wp\/v2\/product_brand?post=2890"},{"taxonomy":"product_cat","embeddable":true,"href":"https:\/\/softymed.ch\/de\/wp-json\/wp\/v2\/product_cat?post=2890"},{"taxonomy":"product_tag","embeddable":true,"href":"https:\/\/softymed.ch\/de\/wp-json\/wp\/v2\/product_tag?post=2890"},{"taxonomy":"categorie_principale","embeddable":true,"href":"https:\/\/softymed.ch\/de\/wp-json\/wp\/v2\/categorie_principale?post=2890"},{"taxonomy":"marque","embeddable":true,"href":"https:\/\/softymed.ch\/de\/wp-json\/wp\/v2\/marque?post=2890"}],"curies":[{"name":"wp","href":"https:\/\/api.w.org\/{rel}","templated":true}]}}