{"id":2881,"date":"2023-12-19T17:07:21","date_gmt":"2023-12-19T16:07:21","guid":{"rendered":"https:\/\/softymed.ch\/boutique\/non%20class\u00e9\/mini-spike\/"},"modified":"2026-03-19T15:48:57","modified_gmt":"2026-03-19T14:48:57","slug":"minispike","status":"publish","type":"product","link":"https:\/\/softymed.ch\/de\/boutique\/liste-additionnelle\/mini-spike\/","title":{"rendered":"Mini-Spike\u00ae"},"content":{"rendered":"<p>Le Mini Spire de B. Braun est un perforateur d\u2019injection et d\u2019aspiration pratique qui, gr\u00e2ce \u00e0 son filtre d\u2019a\u00e9ration antibact\u00e9rien de 0,45 \u00b5m, prot\u00e8ge le m\u00e9dicament de la contamination de l\u2019air ambiant pendant la pr\u00e9paration et contribue ainsi \u00e0 r\u00e9duire le risque de contamination. Le Mini Spike permet de doser les seringues en succession rapide et d\u2019\u00e9viter les bulles d\u2019air. Le pic d&rsquo;injection facilite le pr\u00e9l\u00e8vement de m\u00e9dicaments et d\u2019autres liquides m\u00e9dicaux n\u00e9cessaires dans les r\u00e9cipients multidoses.<\/p>\n<p>Les mini-spike prot\u00e8gent \u00e0 la fois l\u2019utilisateur et le patient. Gr\u00e2ce au raccord Luer-Lock pratique, prot\u00e9g\u00e9 par le couvercle vert \u00e0 encliqueter, l\u2019utilisateur est prot\u00e9g\u00e9 contre les blessures par piq\u00fbre d\u2019aiguille pendant le pr\u00e9l\u00e8vement, tandis que le filtre int\u00e9gr\u00e9 du pic d\u2019injection r\u00e9duit le risque de contamination. Gr\u00e2ce \u00e0 la compensation optimale de la pression, le Mini-Spike permet de pr\u00e9lever et d\u2019ajouter facilement des m\u00e9dicaments.<\/p>\n<p><strong>Merkmale<\/strong><br \/>\n-Perforateur d\u2019injection et d\u2019aspiration Mini Spike<br \/>\n-Filtre d\u2019a\u00e9ration int\u00e9gr\u00e9 r\u00e9sistant aux bact\u00e9ries de 0,45 \u00b5m<br \/>\n-Gr\u00fcner Deckel zum Aufklipsen<br \/>\nLuer-Lock-Anschluss<br \/>\n-Permet un pr\u00e9l\u00e8vement sans bulles d\u2019air<br \/>\n-Aucune compensation manuelle de pression n\u00e9cessaire<br \/>\n-Plusieurs seringues peuvent \u00eatre utilis\u00e9es en succession rapide<br \/>\n-Einfache Dosierung<br \/>\n-Protection suppl\u00e9mentaire contre la contamination du m\u00e9dicament<br \/>\n-Id\u00e9al pour la pr\u00e9paration de m\u00e9dicaments<br \/>\n-Avec capuchon de protection \u00e0 aiguille<br \/>\n-Sterile Einzelverpackung<\/p>","protected":false},"excerpt":{"rendered":"<p>Mit Mikrospitze<\/p>","protected":false},"featured_media":2638,"template":"","meta":{"_acf_changed":false,"_seopress_robots_primary_cat":"none","_seopress_titles_title":"","_seopress_titles_desc":"","_seopress_robots_index":""},"product_brand":[],"product_cat":[288,133],"product_tag":[],"categorie_principale":[31,28,29],"marque":[171],"class_list":{"0":"post-2881","1":"product","2":"type-product","3":"status-publish","4":"has-post-thumbnail","6":"product_cat-liste-additionnelle","7":"product_cat-perfusion-injection","8":"categorie_principale-gynecologie","9":"categorie_principale-medecine-generale","10":"categorie_principale-permanence-hopital","11":"marque-b-braun","13":"first","14":"instock","15":"taxable","16":"shipping-taxable","17":"purchasable","18":"product-type-simple"},"supplier_id":null,"supplier_sku":"","atum_controlled":true,"out_stock_date":null,"out_stock_threshold":null,"inheritable":false,"inbound_stock":null,"stock_on_hold":0,"sold_today":0,"sales_last_days":0,"reserved_stock":null,"customer_returns":null,"warehouse_damage":null,"lost_in_post":null,"other_logs":null,"out_stock_days":0,"lost_sales":0,"has_location":true,"update_date":"2026-04-09T00:03:43","atum_locations":[{"id":373,"name":"Officine","slug":"officine"}],"atum_stock_status":"instock","restock_status":false,"low_stock_amount":"","sales_update_date":"2026-04-09T00:03:43","calc_backorders":null,"acf":[],"_links":{"self":[{"href":"https:\/\/softymed.ch\/de\/wp-json\/wp\/v2\/product\/2881","targetHints":{"allow":["GET"]}}],"collection":[{"href":"https:\/\/softymed.ch\/de\/wp-json\/wp\/v2\/product"}],"about":[{"href":"https:\/\/softymed.ch\/de\/wp-json\/wp\/v2\/types\/product"}],"wp:featuredmedia":[{"embeddable":true,"href":"https:\/\/softymed.ch\/de\/wp-json\/wp\/v2\/media\/2638"}],"wp:attachment":[{"href":"https:\/\/softymed.ch\/de\/wp-json\/wp\/v2\/media?parent=2881"}],"wp:term":[{"taxonomy":"product_brand","embeddable":true,"href":"https:\/\/softymed.ch\/de\/wp-json\/wp\/v2\/product_brand?post=2881"},{"taxonomy":"product_cat","embeddable":true,"href":"https:\/\/softymed.ch\/de\/wp-json\/wp\/v2\/product_cat?post=2881"},{"taxonomy":"product_tag","embeddable":true,"href":"https:\/\/softymed.ch\/de\/wp-json\/wp\/v2\/product_tag?post=2881"},{"taxonomy":"categorie_principale","embeddable":true,"href":"https:\/\/softymed.ch\/de\/wp-json\/wp\/v2\/categorie_principale?post=2881"},{"taxonomy":"marque","embeddable":true,"href":"https:\/\/softymed.ch\/de\/wp-json\/wp\/v2\/marque?post=2881"}],"curies":[{"name":"wp","href":"https:\/\/api.w.org\/{rel}","templated":true}]}}