{"id":2876,"date":"2023-12-19T17:07:13","date_gmt":"2023-12-19T16:07:13","guid":{"rendered":"https:\/\/softymed.ch\/boutique\/non%20class\u00e9\/intrafix-primeline\/"},"modified":"2026-04-02T15:47:13","modified_gmt":"2026-04-02T13:47:13","slug":"intrafix-primeline","status":"publish","type":"product","link":"https:\/\/softymed.ch\/de\/boutique\/liste-additionnelle\/intrafix-primeline\/","title":{"rendered":"Intrafix\u00ae Primeline"},"content":{"rendered":"<p><strong>Merkmale<\/strong><br \/>\n-Trokar mit integriertem Lufteinlass<br \/>\n-Chambre de compte-gouttes compos\u00e9e d\u2019une partie sup\u00e9rieure transparente et d\u2019une partie inf\u00e9rieure souple reli\u00e9es par un anneau blanc<br \/>\n-Filtre 15 \u00b5m plac\u00e9 en fond de chambre afin de r\u00e9duire la contamination particulaire<br \/>\n-Pince \u00e0 roulette permettant de r\u00e9gler le d\u00e9bit de perfusion et de le stopper quand cela est n\u00e9cessaire<br \/>\n-Sp\u00fclbare Endspitze, beweglicher Luer Lock, der die L\u00f6sung am Ende der Sp\u00fclung automatisch stoppt<\/p>","protected":false},"excerpt":{"rendered":"<p>Schwerkraftperfusor SR LP<\/p>","protected":false},"featured_media":2620,"template":"","meta":{"_acf_changed":false,"_seopress_robots_primary_cat":"none","_seopress_titles_title":"","_seopress_titles_desc":"","_seopress_robots_index":""},"product_brand":[],"product_cat":[288,133],"product_tag":[],"categorie_principale":[32,31,27,28,29],"marque":[171],"class_list":{"0":"post-2876","1":"product","2":"type-product","3":"status-publish","4":"has-post-thumbnail","6":"product_cat-liste-additionnelle","7":"product_cat-perfusion-injection","8":"categorie_principale-cardiologie","9":"categorie_principale-gynecologie","10":"categorie_principale-laboratoire","11":"categorie_principale-medecine-generale","12":"categorie_principale-permanence-hopital","13":"marque-b-braun","15":"first","16":"instock","17":"taxable","18":"shipping-taxable","19":"purchasable","20":"product-type-simple"},"supplier_id":null,"supplier_sku":"","atum_controlled":true,"out_stock_date":null,"out_stock_threshold":null,"inheritable":false,"inbound_stock":0,"stock_on_hold":0,"sold_today":0,"sales_last_days":1,"reserved_stock":0,"customer_returns":0,"warehouse_damage":0,"lost_in_post":0,"other_logs":0,"out_stock_days":0,"lost_sales":0,"has_location":true,"update_date":"2026-04-08T00:04:03","atum_locations":[{"id":373,"name":"Officine","slug":"officine"}],"atum_stock_status":"instock","restock_status":false,"low_stock_amount":"","sales_update_date":"2026-04-08T00:04:02","calc_backorders":null,"acf":[],"_links":{"self":[{"href":"https:\/\/softymed.ch\/de\/wp-json\/wp\/v2\/product\/2876","targetHints":{"allow":["GET"]}}],"collection":[{"href":"https:\/\/softymed.ch\/de\/wp-json\/wp\/v2\/product"}],"about":[{"href":"https:\/\/softymed.ch\/de\/wp-json\/wp\/v2\/types\/product"}],"wp:featuredmedia":[{"embeddable":true,"href":"https:\/\/softymed.ch\/de\/wp-json\/wp\/v2\/media\/2620"}],"wp:attachment":[{"href":"https:\/\/softymed.ch\/de\/wp-json\/wp\/v2\/media?parent=2876"}],"wp:term":[{"taxonomy":"product_brand","embeddable":true,"href":"https:\/\/softymed.ch\/de\/wp-json\/wp\/v2\/product_brand?post=2876"},{"taxonomy":"product_cat","embeddable":true,"href":"https:\/\/softymed.ch\/de\/wp-json\/wp\/v2\/product_cat?post=2876"},{"taxonomy":"product_tag","embeddable":true,"href":"https:\/\/softymed.ch\/de\/wp-json\/wp\/v2\/product_tag?post=2876"},{"taxonomy":"categorie_principale","embeddable":true,"href":"https:\/\/softymed.ch\/de\/wp-json\/wp\/v2\/categorie_principale?post=2876"},{"taxonomy":"marque","embeddable":true,"href":"https:\/\/softymed.ch\/de\/wp-json\/wp\/v2\/marque?post=2876"}],"curies":[{"name":"wp","href":"https:\/\/api.w.org\/{rel}","templated":true}]}}