{"id":2875,"date":"2023-12-19T17:07:13","date_gmt":"2023-12-19T16:07:13","guid":{"rendered":"https:\/\/softymed.ch\/boutique\/non%20class\u00e9\/discofix\/"},"modified":"2026-03-25T14:12:39","modified_gmt":"2026-03-25T13:12:39","slug":"discofix","status":"publish","type":"product","link":"https:\/\/softymed.ch\/de\/boutique\/liste-additionnelle\/discofix\/","title":{"rendered":"Discofix\u00ae"},"content":{"rendered":"<p><strong>Merkmale<\/strong><br \/>\n-Robinets \u00e0 3 voies<br \/>\n-Pour la th\u00e9rapie par perfusion<br \/>\n-Embout m\u00e2le \u00e0 verrou mobile \u00e9vitant la rotation du montage et de 2 embases femelles munies d\u2019un obturateur<br \/>\n-Boisseau et ailettes de couleur: utilisation pr\u00e9f\u00e9rentielle du robinet bleu s\u2019il est plac\u00e9 sur une voie veineuse<br \/>\n-R\u00e9sistance aux lipides jusqu\u2019\u00e0 96 heures<br \/>\n-R\u00e9sistance \u00e0 la pression: 2 bars<\/p>","protected":false},"excerpt":{"rendered":"<p>3-Wege-Hahn<\/p>","protected":false},"featured_media":2555,"template":"","meta":{"_acf_changed":false,"_seopress_robots_primary_cat":"none","_seopress_titles_title":"","_seopress_titles_desc":"","_seopress_robots_index":""},"product_brand":[],"product_cat":[288,133],"product_tag":[],"categorie_principale":[31,27,28,29],"marque":[171],"class_list":{"0":"post-2875","1":"product","2":"type-product","3":"status-publish","4":"has-post-thumbnail","6":"product_cat-liste-additionnelle","7":"product_cat-perfusion-injection","8":"categorie_principale-gynecologie","9":"categorie_principale-laboratoire","10":"categorie_principale-medecine-generale","11":"categorie_principale-permanence-hopital","12":"marque-b-braun","14":"first","15":"instock","16":"taxable","17":"shipping-taxable","18":"purchasable","19":"product-type-simple"},"supplier_id":null,"supplier_sku":"","atum_controlled":true,"out_stock_date":null,"out_stock_threshold":null,"inheritable":false,"inbound_stock":null,"stock_on_hold":0,"sold_today":0,"sales_last_days":0,"reserved_stock":null,"customer_returns":null,"warehouse_damage":null,"lost_in_post":null,"other_logs":null,"out_stock_days":0,"lost_sales":0,"has_location":true,"update_date":"2026-04-09T00:03:46","atum_locations":[{"id":373,"name":"Officine","slug":"officine"}],"atum_stock_status":"instock","restock_status":false,"low_stock_amount":"","sales_update_date":"2026-04-09T00:03:46","calc_backorders":null,"acf":[],"_links":{"self":[{"href":"https:\/\/softymed.ch\/de\/wp-json\/wp\/v2\/product\/2875","targetHints":{"allow":["GET"]}}],"collection":[{"href":"https:\/\/softymed.ch\/de\/wp-json\/wp\/v2\/product"}],"about":[{"href":"https:\/\/softymed.ch\/de\/wp-json\/wp\/v2\/types\/product"}],"wp:featuredmedia":[{"embeddable":true,"href":"https:\/\/softymed.ch\/de\/wp-json\/wp\/v2\/media\/2555"}],"wp:attachment":[{"href":"https:\/\/softymed.ch\/de\/wp-json\/wp\/v2\/media?parent=2875"}],"wp:term":[{"taxonomy":"product_brand","embeddable":true,"href":"https:\/\/softymed.ch\/de\/wp-json\/wp\/v2\/product_brand?post=2875"},{"taxonomy":"product_cat","embeddable":true,"href":"https:\/\/softymed.ch\/de\/wp-json\/wp\/v2\/product_cat?post=2875"},{"taxonomy":"product_tag","embeddable":true,"href":"https:\/\/softymed.ch\/de\/wp-json\/wp\/v2\/product_tag?post=2875"},{"taxonomy":"categorie_principale","embeddable":true,"href":"https:\/\/softymed.ch\/de\/wp-json\/wp\/v2\/categorie_principale?post=2875"},{"taxonomy":"marque","embeddable":true,"href":"https:\/\/softymed.ch\/de\/wp-json\/wp\/v2\/marque?post=2875"}],"curies":[{"name":"wp","href":"https:\/\/api.w.org\/{rel}","templated":true}]}}