{"id":2873,"date":"2023-12-19T17:07:13","date_gmt":"2023-12-19T16:07:13","guid":{"rendered":"https:\/\/softymed.ch\/boutique\/non%20class\u00e9\/urinax\/"},"modified":"2026-04-09T14:33:51","modified_gmt":"2026-04-09T12:33:51","slug":"urinax-cl","status":"publish","type":"product","link":"https:\/\/softymed.ch\/de\/boutique\/prelevements\/prelevement-urinaire\/urinax-cl\/","title":{"rendered":"UrinAX"},"content":{"rendered":"<p>UrinAX CL\/MC sont des lames immerg\u00e9es, avec lesquels le d\u00e9nombrement total des germes, ainsi que la culture de bact\u00e9ries gram-n\u00e9gatives, comme p. ex. Escherichia coli sont possibles. Gr\u00e2ce \u00e0 la large surface agar les colonies peuvent particuli\u00e8rement bien \u00eatre reconnues et transmises.<\/p>\n<p>Avec ses lames immerg\u00e9es, UrinAX offre une possibilit\u00e9 simple d\u2019examens bact\u00e9riologiques de l\u2019urine rapides et cibl\u00e9s.<\/p>\n<p><strong>Merkmale<\/strong><br \/>\n-UrinAX CL\/MC (CLED\/MacConkey)<br \/>\n-Lames immerg\u00e9es pour l\u2019analyse d\u2019infection compl\u00e8te (p. ex. Escherichia coli)<br \/>\n-Aussi appropri\u00e9s comme milieu de transport<br \/>\n-Large surface agar CLED pour une meilleure lisibilit\u00e9 et un transfert plus ais\u00e9 des colonies<br \/>\n-Analyse d\u2019infection en 18 \u00e0 24 heures<\/p>","protected":false},"excerpt":{"rendered":"<p>Cled \/ MacConkey<\/p>","protected":false},"featured_media":2682,"template":"","meta":{"_acf_changed":false,"_seopress_robots_primary_cat":"none","_seopress_titles_title":"","_seopress_titles_desc":"","_seopress_robots_index":""},"product_brand":[],"product_cat":[288,140,136,68],"product_tag":[],"categorie_principale":[31,27],"marque":[170],"class_list":{"0":"post-2873","1":"product","2":"type-product","3":"status-publish","4":"has-post-thumbnail","6":"product_cat-liste-additionnelle","7":"product_cat-prelevement-urinaire","8":"product_cat-prelevements","9":"product_cat-test-rapide","10":"categorie_principale-gynecologie","11":"categorie_principale-laboratoire","12":"marque-axonlab","14":"first","15":"instock","16":"taxable","17":"shipping-taxable","18":"purchasable","19":"product-type-simple"},"supplier_id":null,"supplier_sku":"","atum_controlled":true,"out_stock_date":null,"out_stock_threshold":null,"inheritable":false,"inbound_stock":null,"stock_on_hold":0,"sold_today":0,"sales_last_days":2,"reserved_stock":null,"customer_returns":null,"warehouse_damage":null,"lost_in_post":null,"other_logs":null,"out_stock_days":0,"lost_sales":0,"has_location":true,"update_date":"2026-04-10T00:05:01","atum_locations":[{"id":373,"name":"Officine","slug":"officine"}],"atum_stock_status":"instock","restock_status":false,"low_stock_amount":"","sales_update_date":"2026-04-10T00:05:01","calc_backorders":null,"acf":[],"_links":{"self":[{"href":"https:\/\/softymed.ch\/de\/wp-json\/wp\/v2\/product\/2873","targetHints":{"allow":["GET"]}}],"collection":[{"href":"https:\/\/softymed.ch\/de\/wp-json\/wp\/v2\/product"}],"about":[{"href":"https:\/\/softymed.ch\/de\/wp-json\/wp\/v2\/types\/product"}],"wp:featuredmedia":[{"embeddable":true,"href":"https:\/\/softymed.ch\/de\/wp-json\/wp\/v2\/media\/2682"}],"wp:attachment":[{"href":"https:\/\/softymed.ch\/de\/wp-json\/wp\/v2\/media?parent=2873"}],"wp:term":[{"taxonomy":"product_brand","embeddable":true,"href":"https:\/\/softymed.ch\/de\/wp-json\/wp\/v2\/product_brand?post=2873"},{"taxonomy":"product_cat","embeddable":true,"href":"https:\/\/softymed.ch\/de\/wp-json\/wp\/v2\/product_cat?post=2873"},{"taxonomy":"product_tag","embeddable":true,"href":"https:\/\/softymed.ch\/de\/wp-json\/wp\/v2\/product_tag?post=2873"},{"taxonomy":"categorie_principale","embeddable":true,"href":"https:\/\/softymed.ch\/de\/wp-json\/wp\/v2\/categorie_principale?post=2873"},{"taxonomy":"marque","embeddable":true,"href":"https:\/\/softymed.ch\/de\/wp-json\/wp\/v2\/marque?post=2873"}],"curies":[{"name":"wp","href":"https:\/\/api.w.org\/{rel}","templated":true}]}}