{"id":2871,"date":"2023-12-19T17:07:13","date_gmt":"2023-12-19T16:07:13","guid":{"rendered":"https:\/\/softymed.ch\/boutique\/non%20class\u00e9\/test-rapide-dantigene-sars-cov-2\/"},"modified":"2026-02-27T08:15:35","modified_gmt":"2026-02-27T07:15:35","slug":"dantigene-sars-cov-2-schnelltest","status":"publish","type":"product","link":"https:\/\/softymed.ch\/de\/boutique\/liste-additionnelle\/test-rapide-dantigene-sars-cov-2\/","title":{"rendered":"SARS-Antigen-Schnelltest VOC 2"},"content":{"rendered":"<p>Le test rapide d\u2019antig\u00e8ne Covid\u2013 9 est utilis\u00e9 pour la d\u00e9tection qualitative de l\u2019antig\u00e8ne de la prot\u00e9ine de la nucl\u00e9ocapside du SRAS \u2013 CoV \u2013 2 dans des \u00e9chantillons de liquide buccal \/ \u00e9couvillon nasopharyng\u00e9 \/ nasal de personnes soup\u00e7onn\u00e9es d\u2019\u00eatre infect\u00e9es par le SRAS \u2013 CoV \u2013 2, en combinaison avec des manifestations cliniques et d\u2019autres r\u00e9sultats de tests de laboratoire.<\/p>\n<p><strong>Merkmale<\/strong><br \/>\n-R\u00e9sultats rapides<br \/>\n-Facile \u00e0 lire visuellement<br \/>\n-Fonctionnement simple sans \u00e9quipement<br \/>\n-Haute pr\u00e9cision<br \/>\nCE-Zertifikat<br \/>\n-Temp\u00e9rature de stockage 2 \u2013 30\u00b0C<\/p>","protected":false},"excerpt":{"rendered":"<p>SARS VOC 2 Antigen Rapid Nasopharyngeal Test<\/p>","protected":false},"featured_media":2728,"template":"","meta":{"_acf_changed":false,"_seopress_robots_primary_cat":"none","_seopress_titles_title":"","_seopress_titles_desc":"","_seopress_robots_index":""},"product_brand":[],"product_cat":[288,68],"product_tag":[],"categorie_principale":[28,29],"marque":[78],"class_list":{"0":"post-2871","1":"product","2":"type-product","3":"status-publish","4":"has-post-thumbnail","6":"product_cat-liste-additionnelle","7":"product_cat-test-rapide","8":"categorie_principale-medecine-generale","9":"categorie_principale-permanence-hopital","10":"marque-all-test","12":"first","13":"instock","14":"taxable","15":"shipping-taxable","16":"purchasable","17":"product-type-simple"},"supplier_id":null,"supplier_sku":"","atum_controlled":true,"out_stock_date":null,"out_stock_threshold":null,"inheritable":false,"inbound_stock":null,"stock_on_hold":0,"sold_today":0,"sales_last_days":0,"reserved_stock":null,"customer_returns":null,"warehouse_damage":null,"lost_in_post":null,"other_logs":null,"out_stock_days":0,"lost_sales":0,"has_location":true,"update_date":"2026-04-08T00:03:32","atum_locations":[{"id":373,"name":"Officine","slug":"officine"}],"atum_stock_status":"instock","restock_status":false,"low_stock_amount":"","sales_update_date":"2026-04-08T00:03:32","calc_backorders":null,"acf":[],"_links":{"self":[{"href":"https:\/\/softymed.ch\/de\/wp-json\/wp\/v2\/product\/2871","targetHints":{"allow":["GET"]}}],"collection":[{"href":"https:\/\/softymed.ch\/de\/wp-json\/wp\/v2\/product"}],"about":[{"href":"https:\/\/softymed.ch\/de\/wp-json\/wp\/v2\/types\/product"}],"wp:featuredmedia":[{"embeddable":true,"href":"https:\/\/softymed.ch\/de\/wp-json\/wp\/v2\/media\/2728"}],"wp:attachment":[{"href":"https:\/\/softymed.ch\/de\/wp-json\/wp\/v2\/media?parent=2871"}],"wp:term":[{"taxonomy":"product_brand","embeddable":true,"href":"https:\/\/softymed.ch\/de\/wp-json\/wp\/v2\/product_brand?post=2871"},{"taxonomy":"product_cat","embeddable":true,"href":"https:\/\/softymed.ch\/de\/wp-json\/wp\/v2\/product_cat?post=2871"},{"taxonomy":"product_tag","embeddable":true,"href":"https:\/\/softymed.ch\/de\/wp-json\/wp\/v2\/product_tag?post=2871"},{"taxonomy":"categorie_principale","embeddable":true,"href":"https:\/\/softymed.ch\/de\/wp-json\/wp\/v2\/categorie_principale?post=2871"},{"taxonomy":"marque","embeddable":true,"href":"https:\/\/softymed.ch\/de\/wp-json\/wp\/v2\/marque?post=2871"}],"curies":[{"name":"wp","href":"https:\/\/api.w.org\/{rel}","templated":true}]}}