{"id":2869,"date":"2023-12-19T17:07:13","date_gmt":"2023-12-19T16:07:13","guid":{"rendered":"https:\/\/softymed.ch\/boutique\/non%20class\u00e9\/tampons-alcoolises\/"},"modified":"2026-04-08T17:22:09","modified_gmt":"2026-04-08T15:22:09","slug":"alkoholtupfer","status":"publish","type":"product","link":"https:\/\/softymed.ch\/de\/boutique\/hygiene-desinfection\/desinfection-peau\/tampons-alcoolises\/","title":{"rendered":"Alkoholische Tampons"},"content":{"rendered":"<p>Les tampons alcoolis\u00e9s Alkotip sont adapt\u00e9s \u00e0 une d\u00e9sinfection rapide de la peau, par exemple avant une prise de sang, une ponction ou une vaccination.<br \/>\nLes tampons sont d\u00e9j\u00e0 imbib\u00e9s d&rsquo;alcool isopropylique \u00e0 70% et imm\u00e9diatement pr\u00eats \u00e0 l&#8217;emploi. Comme ils sont emball\u00e9s individuellement, ils peuvent tr\u00e8s bien \u00eatre utilis\u00e9s lors des visites \u00e0 domicile, par exemple dans les maisons de retraite ou en cas d&rsquo;urgence.<\/p>\n<p><strong>Merkmale<\/strong><br \/>\n-Alkotip Alkoholpuffer<br \/>\n-Ingr\u00e9dient actif: alcool isopropylique \u00e0 70%<br \/>\n-Pour la d\u00e9sinfection de la peau avant les ponctions ou les vaccinations<br \/>\n-Pr\u00eats \u00e0 l&#8217;emploi<br \/>\n-Abmessungen: 30 x 65 mm<br \/>\n-Einzelne Verpackung<\/p>","protected":false},"excerpt":{"rendered":"<p>Les tampons alcoolis\u00e9s Alkotip sont adapt\u00e9s \u00e0 une d\u00e9sinfection rapide de la peau, par exemple avant une prise de sang, une ponction ou une vaccination. Les tampons sont d\u00e9j\u00e0 imbib\u00e9s d&rsquo;alcool isopropylique \u00e0 70% et imm\u00e9diatement pr\u00eats \u00e0 l&#8217;emploi. Comme ils sont emball\u00e9s individuellement, ils peuvent tr\u00e8s bien \u00eatre utilis\u00e9s lors des visites \u00e0 domicile, [&hellip;]<\/p>\n","protected":false},"featured_media":2707,"template":"","meta":{"_acf_changed":false,"_seopress_robots_primary_cat":"129","_seopress_titles_title":"","_seopress_titles_desc":"","_seopress_robots_index":""},"product_brand":[],"product_cat":[371,129,127,372],"product_tag":[],"categorie_principale":[165,31,27,28,29],"marque":[353],"class_list":{"0":"post-2869","1":"product","2":"type-product","3":"status-publish","4":"has-post-thumbnail","6":"product_cat-clients-labpoint-avantages-particuliers","7":"product_cat-desinfection-peau","8":"product_cat-hygiene-desinfection","9":"product_cat-medicusana","10":"categorie_principale-autre","11":"categorie_principale-gynecologie","12":"categorie_principale-laboratoire","13":"categorie_principale-medecine-generale","14":"categorie_principale-permanence-hopital","15":"marque-alkotip","17":"first","18":"outofstock","19":"taxable","20":"shipping-taxable","21":"purchasable","22":"product-type-simple"},"supplier_id":null,"supplier_sku":"","atum_controlled":true,"out_stock_date":"2026-04-08 17:22:09","out_stock_threshold":null,"inheritable":false,"inbound_stock":null,"stock_on_hold":29,"sold_today":0,"sales_last_days":40,"reserved_stock":null,"customer_returns":null,"warehouse_damage":null,"lost_in_post":null,"other_logs":null,"out_stock_days":0,"lost_sales":0,"has_location":true,"update_date":"2026-04-08T15:22:17","atum_locations":[{"id":373,"name":"Officine","slug":"officine"}],"atum_stock_status":"outofstock","restock_status":false,"low_stock_amount":"","sales_update_date":"2026-04-08T15:22:17","calc_backorders":null,"acf":[],"_links":{"self":[{"href":"https:\/\/softymed.ch\/de\/wp-json\/wp\/v2\/product\/2869","targetHints":{"allow":["GET"]}}],"collection":[{"href":"https:\/\/softymed.ch\/de\/wp-json\/wp\/v2\/product"}],"about":[{"href":"https:\/\/softymed.ch\/de\/wp-json\/wp\/v2\/types\/product"}],"wp:featuredmedia":[{"embeddable":true,"href":"https:\/\/softymed.ch\/de\/wp-json\/wp\/v2\/media\/2707"}],"wp:attachment":[{"href":"https:\/\/softymed.ch\/de\/wp-json\/wp\/v2\/media?parent=2869"}],"wp:term":[{"taxonomy":"product_brand","embeddable":true,"href":"https:\/\/softymed.ch\/de\/wp-json\/wp\/v2\/product_brand?post=2869"},{"taxonomy":"product_cat","embeddable":true,"href":"https:\/\/softymed.ch\/de\/wp-json\/wp\/v2\/product_cat?post=2869"},{"taxonomy":"product_tag","embeddable":true,"href":"https:\/\/softymed.ch\/de\/wp-json\/wp\/v2\/product_tag?post=2869"},{"taxonomy":"categorie_principale","embeddable":true,"href":"https:\/\/softymed.ch\/de\/wp-json\/wp\/v2\/categorie_principale?post=2869"},{"taxonomy":"marque","embeddable":true,"href":"https:\/\/softymed.ch\/de\/wp-json\/wp\/v2\/marque?post=2869"}],"curies":[{"name":"wp","href":"https:\/\/api.w.org\/{rel}","templated":true}]}}