{"id":2867,"date":"2023-12-19T17:07:13","date_gmt":"2023-12-19T16:07:13","guid":{"rendered":"https:\/\/softymed.ch\/boutique\/non%20class\u00e9\/3m-tegaderm-i-v\/"},"modified":"2026-03-31T16:19:26","modified_gmt":"2026-03-31T14:19:26","slug":"3m-tegaderm-i-v","status":"publish","type":"product","link":"https:\/\/softymed.ch\/de\/boutique\/liste-additionnelle\/3m-tegaderm-i-v\/","title":{"rendered":"3M\u2122 Tegaderm\u2122 I.V."},"content":{"rendered":"<p>Les pansements 3M\u2122 Tegaderm\u2122 sont des pansements st\u00e9riles, perm\u00e9ables \u00e0 la vapeur d\u2019eau et transparents. Ils sont indiqu\u00e9s pour les plaies superficielles non-exsudatives, le recouvrement de pansement et le maintien de cath\u00e9ters. Ils \u00e9vitent le risque de contamination exog\u00e8ne et permettent le maintien en milieu humide des plaies, favorable \u00e0 la cicatrisation.<\/p>\n<p><strong>Merkmale<\/strong><br \/>\n-Barri\u00e8re st\u00e9rile \u00e9tanche: prot\u00e8ge le site de cath\u00e9ter I.V. ou la plaie des contaminants externes tels que les bact\u00e9ries, les virus, le sang et les fluides corporels : des tests in vitro montrent que le film transparent offre une protection contre les virus d\u2019au moins 27 nm de diam\u00e8tre, le pansement restant intact sans fuite<br \/>\n-Film respirant laissant p\u00e9n\u00e9trer l\u2019oxyg\u00e8ne et \u00e9liminant la vapeur d\u2019eau<br \/>\n-Le cadre de pose facilite le positionnement pr\u00e9cis du pansement et limite ainsi le risque d\u2019adh\u00e9rer aux gants ou sur lui-m\u00eame<br \/>\n-Le pansement transparent permet de voir en permanence le site d\u2019insertion intraveineux<br \/>\n-Le pansement s\u2019adapte \u00e0 la peau pour un confort accru du patient<br \/>\n-Peut \u00eatre port\u00e9 pendant 7 jours<br \/>\n-Compatible avec les radiographies gr\u00e2ce \u00e0 sa transparence. Les produits 3M\u2122 Tegaderm\u2122 peuvent \u00eatre laiss\u00e9s en toute s\u00e9curit\u00e9 sur la peau du patient pendant les traitements de radioth\u00e9rapie. Le pansement n\u2019agit pas comme un bolus, avec ou sans film protecteur cutan\u00e9 non-irritant 3M\u2122 Cavilon\u2122<br \/>\n-Peut \u00eatre utilis\u00e9 pour maintenir un environnement humide sur la plaie afin de faciliter le d\u00e9bridement autolytique<br \/>\n-Aide \u00e0 pr\u00e9venir la d\u00e9gradation de la peau caus\u00e9e par la friction<\/p>","protected":false},"excerpt":{"rendered":"<p>Transparenter Folienverband f\u00fcr intraven\u00f6se Katheter<\/p>","protected":false},"featured_media":2432,"template":"","meta":{"_acf_changed":false,"_seopress_robots_primary_cat":"none","_seopress_titles_title":"","_seopress_titles_desc":"","_seopress_robots_index":""},"product_brand":[],"product_cat":[288,133],"product_tag":[],"categorie_principale":[31,28,29],"marque":[102],"class_list":{"0":"post-2867","1":"product","2":"type-product","3":"status-publish","4":"has-post-thumbnail","6":"product_cat-liste-additionnelle","7":"product_cat-perfusion-injection","8":"categorie_principale-gynecologie","9":"categorie_principale-medecine-generale","10":"categorie_principale-permanence-hopital","11":"marque-3m","13":"first","14":"instock","15":"taxable","16":"shipping-taxable","17":"purchasable","18":"product-type-simple"},"supplier_id":null,"supplier_sku":"","atum_controlled":true,"out_stock_date":null,"out_stock_threshold":null,"inheritable":false,"inbound_stock":null,"stock_on_hold":0,"sold_today":0,"sales_last_days":4,"reserved_stock":null,"customer_returns":null,"warehouse_damage":null,"lost_in_post":null,"other_logs":null,"out_stock_days":0,"lost_sales":0,"has_location":true,"update_date":"2026-04-08T00:03:55","atum_locations":[{"id":373,"name":"Officine","slug":"officine"}],"atum_stock_status":"instock","restock_status":false,"low_stock_amount":"","sales_update_date":"2026-04-08T00:03:55","calc_backorders":null,"acf":[],"_links":{"self":[{"href":"https:\/\/softymed.ch\/de\/wp-json\/wp\/v2\/product\/2867","targetHints":{"allow":["GET"]}}],"collection":[{"href":"https:\/\/softymed.ch\/de\/wp-json\/wp\/v2\/product"}],"about":[{"href":"https:\/\/softymed.ch\/de\/wp-json\/wp\/v2\/types\/product"}],"wp:featuredmedia":[{"embeddable":true,"href":"https:\/\/softymed.ch\/de\/wp-json\/wp\/v2\/media\/2432"}],"wp:attachment":[{"href":"https:\/\/softymed.ch\/de\/wp-json\/wp\/v2\/media?parent=2867"}],"wp:term":[{"taxonomy":"product_brand","embeddable":true,"href":"https:\/\/softymed.ch\/de\/wp-json\/wp\/v2\/product_brand?post=2867"},{"taxonomy":"product_cat","embeddable":true,"href":"https:\/\/softymed.ch\/de\/wp-json\/wp\/v2\/product_cat?post=2867"},{"taxonomy":"product_tag","embeddable":true,"href":"https:\/\/softymed.ch\/de\/wp-json\/wp\/v2\/product_tag?post=2867"},{"taxonomy":"categorie_principale","embeddable":true,"href":"https:\/\/softymed.ch\/de\/wp-json\/wp\/v2\/categorie_principale?post=2867"},{"taxonomy":"marque","embeddable":true,"href":"https:\/\/softymed.ch\/de\/wp-json\/wp\/v2\/marque?post=2867"}],"curies":[{"name":"wp","href":"https:\/\/api.w.org\/{rel}","templated":true}]}}