{"id":2863,"date":"2023-12-19T17:07:13","date_gmt":"2023-12-19T16:07:13","guid":{"rendered":"https:\/\/softymed.ch\/boutique\/non%20class\u00e9\/3m-precise\/"},"modified":"2026-02-27T16:45:23","modified_gmt":"2026-02-27T15:45:23","slug":"3m-genau","status":"publish","type":"product","link":"https:\/\/softymed.ch\/de\/boutique\/petite-chirurgie-suture\/3m-precise\/","title":{"rendered":"3M\u2122 Precise\u2122"},"content":{"rendered":"<p>L\u2019agrafeuse cutan\u00e9e 3M Precise\u2122 permet une fermeture rapide, simple et s\u00fbre des plaies chirurgicales et autres plaies \u00e0 bords lisses. Les agrafes sont en acier m\u00e9dical inoxydable et offrent une excellente compatibilit\u00e9 tissulaire. Comme chaque agrafeuse cutan\u00e9e est emball\u00e9e individuellement de mani\u00e8re st\u00e9rile et jet\u00e9e imm\u00e9diatement apr\u00e8s utilisation, il n\u2019y a aucun risque de transmission d\u2019infections dues \u00e0 une pr\u00e9paration insuffisante.<\/p>\n<p>L\u2019agrafeuse cutan\u00e9e 3M Precise\u2122 est disponible avec 5 ou 15 agrafes courb\u00e9es, adapt\u00e9es aux diff\u00e9rentes tailles de plaies.<\/p>\n<p><strong>Merkmale<\/strong><br \/>\n-Agrafeuse cutan\u00e9e 3M Precise\u2122<br \/>\n-Article st\u00e9rile \u00e0 usage unique<br \/>\n-Avec agrafes courb\u00e9s<br \/>\n-Pr\u00eat \u00e0 l\u2019emploi<br \/>\n-Agrafes en acier m\u00e9dical inoxydable<br \/>\n-Tr\u00e8s bonne compatibilit\u00e9 avec les tissus<br \/>\n-Excellents r\u00e9sultats de cicatrisation<br \/>\n-Id\u00e9al pour fermer les plaies longues avec des bords de plaie lisses<br \/>\n-Agrafes faciles \u00e0 retirer \u00e0 l\u2019aide d\u2019un \u00f4te-agrafes<br \/>\n-Fermeture rapide et s\u00fbre des plaies<br \/>\n-Aucun risque de transmission d\u2019infection ou de contamination crois\u00e9e, car l\u2019agrafeuse est jet\u00e9e apr\u00e8s utilisation<br \/>\n-Chaque agrafeuse cutan\u00e9e est emball\u00e9e individuellement de mani\u00e8re st\u00e9rile<\/p>","protected":false},"excerpt":{"rendered":"<p>Hautklammerger\u00e4t f\u00fcr den Einmalgebrauch mit vorgeformten Klammern<\/p>","protected":false},"featured_media":2700,"template":"","meta":{"_acf_changed":false,"_seopress_robots_primary_cat":"none","_seopress_titles_title":"","_seopress_titles_desc":"","_seopress_robots_index":""},"product_brand":[],"product_cat":[134],"product_tag":[],"categorie_principale":[31,28,29],"marque":[102],"class_list":{"0":"post-2863","1":"product","2":"type-product","3":"status-publish","4":"has-post-thumbnail","6":"product_cat-petite-chirurgie-suture","7":"categorie_principale-gynecologie","8":"categorie_principale-medecine-generale","9":"categorie_principale-permanence-hopital","10":"marque-3m","12":"first","13":"outofstock","14":"taxable","15":"shipping-taxable","16":"purchasable","17":"product-type-variable"},"supplier_id":null,"supplier_sku":"","atum_controlled":true,"out_stock_date":"2023-12-22 11:44:45","out_stock_threshold":null,"inheritable":true,"inbound_stock":null,"stock_on_hold":0,"sold_today":0,"sales_last_days":0,"reserved_stock":null,"customer_returns":null,"warehouse_damage":null,"lost_in_post":null,"other_logs":null,"out_stock_days":837,"lost_sales":0,"has_location":true,"update_date":"2026-04-08T00:03:32","atum_locations":[{"id":373,"name":"Officine","slug":"officine"}],"atum_stock_status":"outofstock","restock_status":false,"low_stock_amount":"","sales_update_date":"2026-04-08T00:03:32","calc_backorders":null,"acf":[],"_links":{"self":[{"href":"https:\/\/softymed.ch\/de\/wp-json\/wp\/v2\/product\/2863","targetHints":{"allow":["GET"]}}],"collection":[{"href":"https:\/\/softymed.ch\/de\/wp-json\/wp\/v2\/product"}],"about":[{"href":"https:\/\/softymed.ch\/de\/wp-json\/wp\/v2\/types\/product"}],"wp:featuredmedia":[{"embeddable":true,"href":"https:\/\/softymed.ch\/de\/wp-json\/wp\/v2\/media\/2700"}],"wp:attachment":[{"href":"https:\/\/softymed.ch\/de\/wp-json\/wp\/v2\/media?parent=2863"}],"wp:term":[{"taxonomy":"product_brand","embeddable":true,"href":"https:\/\/softymed.ch\/de\/wp-json\/wp\/v2\/product_brand?post=2863"},{"taxonomy":"product_cat","embeddable":true,"href":"https:\/\/softymed.ch\/de\/wp-json\/wp\/v2\/product_cat?post=2863"},{"taxonomy":"product_tag","embeddable":true,"href":"https:\/\/softymed.ch\/de\/wp-json\/wp\/v2\/product_tag?post=2863"},{"taxonomy":"categorie_principale","embeddable":true,"href":"https:\/\/softymed.ch\/de\/wp-json\/wp\/v2\/categorie_principale?post=2863"},{"taxonomy":"marque","embeddable":true,"href":"https:\/\/softymed.ch\/de\/wp-json\/wp\/v2\/marque?post=2863"}],"curies":[{"name":"wp","href":"https:\/\/api.w.org\/{rel}","templated":true}]}}