{"id":2861,"date":"2023-12-19T17:07:13","date_gmt":"2023-12-19T16:07:13","guid":{"rendered":"https:\/\/softymed.ch\/boutique\/non%20class\u00e9\/3m-micropore\/"},"modified":"2026-03-31T14:34:16","modified_gmt":"2026-03-31T12:34:16","slug":"3m-mikroporos-25","status":"publish","type":"product","link":"https:\/\/softymed.ch\/de\/boutique\/soin-des-plaies\/pansement\/3m-micropore-25\/","title":{"rendered":"3M\u2122 Micropore\u2122"},"content":{"rendered":"<p>Les sparadraps 3M\u2122 Micropore\u2122 sont multi-usages. Doux pour la peau, ils offrent une excellente adh\u00e9sivit\u00e9 tout en minimisant les r\u00e9sidus lors du retrait. Respirants et d\u00e9pourvus de latex, les sparadraps sont \u00e9conomiques.<\/p>\n<p>Les sparadraps 3M\u2122 Micropore\u2122 sont utilis\u00e9s pour la fixation des pansements. Ils conviennent pour les pansements fr\u00e9quemment renouvel\u00e9s.<\/p>\n<p><strong>Merkmale<\/strong><br \/>\n-D\u00e9vidoir pratique et rechargeable qui offre une meilleure hygi\u00e8ne, une d\u00e9coupe et un rangement faciles<br \/>\n-Adapt\u00e9s aux peaux sensibles<br \/>\n-Schmerzlos und atraumatisch, repositionierbar<br \/>\n-MICDEV25<br \/>\n-Lassen die Haut atmen<br \/>\n-S\u2019adaptent aux microreliefs de la peau<br \/>\n-Ne se d\u00e9collent pas, m\u00eame mouill\u00e9s<br \/>\n-Wei\u00df<br \/>\n-Gr\u00f6\u00dfe: 25 mm x 9.14 m<\/p>","protected":false},"excerpt":{"rendered":"<p>Mikropor\u00f6ses Vliespflaster<\/p>","protected":false},"featured_media":2428,"template":"","meta":{"_acf_changed":false,"_seopress_robots_primary_cat":"none","_seopress_titles_title":"","_seopress_titles_desc":"","_seopress_robots_index":""},"product_brand":[],"product_cat":[288,146,104],"product_tag":[],"categorie_principale":[31,28,29],"marque":[102],"class_list":{"0":"post-2861","1":"product","2":"type-product","3":"status-publish","4":"has-post-thumbnail","6":"product_cat-liste-additionnelle","7":"product_cat-pansement","8":"product_cat-soin-des-plaies","9":"categorie_principale-gynecologie","10":"categorie_principale-medecine-generale","11":"categorie_principale-permanence-hopital","12":"marque-3m","14":"first","15":"instock","16":"taxable","17":"shipping-taxable","18":"purchasable","19":"product-type-simple"},"supplier_id":null,"supplier_sku":"","atum_controlled":true,"out_stock_date":null,"out_stock_threshold":null,"inheritable":false,"inbound_stock":null,"stock_on_hold":0,"sold_today":0,"sales_last_days":8,"reserved_stock":null,"customer_returns":null,"warehouse_damage":null,"lost_in_post":null,"other_logs":null,"out_stock_days":0,"lost_sales":0,"has_location":true,"update_date":"2026-04-08T00:03:55","atum_locations":[{"id":373,"name":"Officine","slug":"officine"}],"atum_stock_status":"instock","restock_status":false,"low_stock_amount":"","sales_update_date":"2026-04-08T00:03:55","calc_backorders":null,"acf":[],"_links":{"self":[{"href":"https:\/\/softymed.ch\/de\/wp-json\/wp\/v2\/product\/2861","targetHints":{"allow":["GET"]}}],"collection":[{"href":"https:\/\/softymed.ch\/de\/wp-json\/wp\/v2\/product"}],"about":[{"href":"https:\/\/softymed.ch\/de\/wp-json\/wp\/v2\/types\/product"}],"wp:featuredmedia":[{"embeddable":true,"href":"https:\/\/softymed.ch\/de\/wp-json\/wp\/v2\/media\/2428"}],"wp:attachment":[{"href":"https:\/\/softymed.ch\/de\/wp-json\/wp\/v2\/media?parent=2861"}],"wp:term":[{"taxonomy":"product_brand","embeddable":true,"href":"https:\/\/softymed.ch\/de\/wp-json\/wp\/v2\/product_brand?post=2861"},{"taxonomy":"product_cat","embeddable":true,"href":"https:\/\/softymed.ch\/de\/wp-json\/wp\/v2\/product_cat?post=2861"},{"taxonomy":"product_tag","embeddable":true,"href":"https:\/\/softymed.ch\/de\/wp-json\/wp\/v2\/product_tag?post=2861"},{"taxonomy":"categorie_principale","embeddable":true,"href":"https:\/\/softymed.ch\/de\/wp-json\/wp\/v2\/categorie_principale?post=2861"},{"taxonomy":"marque","embeddable":true,"href":"https:\/\/softymed.ch\/de\/wp-json\/wp\/v2\/marque?post=2861"}],"curies":[{"name":"wp","href":"https:\/\/api.w.org\/{rel}","templated":true}]}}