{"id":15657,"date":"2026-03-30T17:18:53","date_gmt":"2026-03-30T15:18:53","guid":{"rendered":"https:\/\/softymed.ch\/?post_type=product&#038;p=15657"},"modified":"2026-04-02T17:35:05","modified_gmt":"2026-04-02T15:35:05","slug":"gants-medi-tril-coats-weis","status":"publish","type":"product","link":"https:\/\/softymed.ch\/de\/boutique\/protection-consommable\/gants-medi-tril-coats-white\/","title":{"rendered":"MEDI-TRIL Handschuhe Wei\u00df"},"content":{"rendered":"<p>Gant d\u2019examen \u00e0 usage unique en nitrile non poudr\u00e9 trait\u00e9 aux flocons d\u2019avoine.<\/p>\n<p><strong>Merkmale<\/strong><br \/>\n-Ambidextre en nitrile non poudr\u00e9<br \/>\n-Exempt de latex, l\u00e9ger et confortable<br \/>\n-Finesse de 0.08mm avec une surface micro rugueuse pour une meilleure pr\u00e9hension des instruments<br \/>\n-Technologie brevet\u00e9e d\u2019enduction de gants contenant un agent protecteur de la peau cliniquement prouv\u00e9. sons et les irritations associ\u00e9es \u00e0 diverses s\u00e9cheresses cutan\u00e9es.<\/p>","protected":false},"excerpt":{"rendered":"<p>Einmal-Untersuchungshandschuhe aus puderfreiem Nitril<\/p>","protected":false},"featured_media":15660,"template":"","meta":{"_acf_changed":false,"_seopress_robots_primary_cat":"none","_seopress_titles_title":"","_seopress_titles_desc":"","_seopress_robots_index":""},"product_brand":[],"product_cat":[176],"product_tag":[348],"categorie_principale":[165,32,31,27,106,28,29],"marque":[386],"class_list":{"0":"post-15657","1":"product","2":"type-product","3":"status-publish","4":"has-post-thumbnail","6":"product_cat-protection-consommable","7":"product_tag-nouveaute","8":"categorie_principale-autre","9":"categorie_principale-cardiologie","10":"categorie_principale-gynecologie","11":"categorie_principale-laboratoire","12":"categorie_principale-medecine-dentaire","13":"categorie_principale-medecine-generale","14":"categorie_principale-permanence-hopital","15":"marque-medistock","17":"first","18":"instock","19":"taxable","20":"shipping-taxable","21":"purchasable","22":"product-type-simple"},"supplier_id":null,"supplier_sku":"","atum_controlled":true,"out_stock_date":null,"out_stock_threshold":null,"inheritable":false,"inbound_stock":null,"stock_on_hold":0,"sold_today":0,"sales_last_days":5,"reserved_stock":null,"customer_returns":null,"warehouse_damage":null,"lost_in_post":null,"other_logs":null,"out_stock_days":0,"lost_sales":0,"has_location":true,"update_date":"2026-04-10T00:04:59","atum_locations":[{"id":373,"name":"Officine","slug":"officine"}],"atum_stock_status":"instock","restock_status":false,"low_stock_amount":"","sales_update_date":"2026-04-10T00:04:59","calc_backorders":null,"acf":[],"_links":{"self":[{"href":"https:\/\/softymed.ch\/de\/wp-json\/wp\/v2\/product\/15657","targetHints":{"allow":["GET"]}}],"collection":[{"href":"https:\/\/softymed.ch\/de\/wp-json\/wp\/v2\/product"}],"about":[{"href":"https:\/\/softymed.ch\/de\/wp-json\/wp\/v2\/types\/product"}],"wp:featuredmedia":[{"embeddable":true,"href":"https:\/\/softymed.ch\/de\/wp-json\/wp\/v2\/media\/15660"}],"wp:attachment":[{"href":"https:\/\/softymed.ch\/de\/wp-json\/wp\/v2\/media?parent=15657"}],"wp:term":[{"taxonomy":"product_brand","embeddable":true,"href":"https:\/\/softymed.ch\/de\/wp-json\/wp\/v2\/product_brand?post=15657"},{"taxonomy":"product_cat","embeddable":true,"href":"https:\/\/softymed.ch\/de\/wp-json\/wp\/v2\/product_cat?post=15657"},{"taxonomy":"product_tag","embeddable":true,"href":"https:\/\/softymed.ch\/de\/wp-json\/wp\/v2\/product_tag?post=15657"},{"taxonomy":"categorie_principale","embeddable":true,"href":"https:\/\/softymed.ch\/de\/wp-json\/wp\/v2\/categorie_principale?post=15657"},{"taxonomy":"marque","embeddable":true,"href":"https:\/\/softymed.ch\/de\/wp-json\/wp\/v2\/marque?post=15657"}],"curies":[{"name":"wp","href":"https:\/\/api.w.org\/{rel}","templated":true}]}}