{"id":15371,"date":"2026-02-24T11:36:21","date_gmt":"2026-02-24T10:36:21","guid":{"rendered":"https:\/\/softymed.ch\/?post_type=product&#038;p=15371"},"modified":"2026-02-27T09:26:53","modified_gmt":"2026-02-27T08:26:53","slug":"einwegdusen","status":"publish","type":"product","link":"https:\/\/softymed.ch\/de\/boutique\/appareils-equipements\/buses-jetables\/","title":{"rendered":"Einwegd\u00fcsen"},"content":{"rendered":"<p>Ces embouts jetables sont utilis\u00e9s avec le dispositif professionnel de rin\u00e7age du conduit auditif Mulimed otoscillo et assurent un rin\u00e7age particuli\u00e8rement hygi\u00e9nique des oreilles.<\/p>\n<p><strong>Produktdetails<\/strong><br \/>\n-Buses \u00e0 usage unique pour l&rsquo;appareil de rin\u00e7age du conduit auditif Mulimed Otoscillo Professional<br \/>\n-Hygi\u00e9nique et s\u00fbr<br \/>\n-Non st\u00e9rile<\/p>","protected":false},"excerpt":{"rendered":"<p>F\u00fcr Mulimed otoscillo professional<\/p>","protected":false},"featured_media":15374,"template":"","meta":{"_acf_changed":false,"_seopress_robots_primary_cat":"none","_seopress_titles_title":"","_seopress_titles_desc":"","_seopress_robots_index":""},"product_brand":[],"product_cat":[163],"product_tag":[],"categorie_principale":[165,28,29],"marque":[399],"class_list":{"0":"post-15371","1":"product","2":"type-product","3":"status-publish","4":"has-post-thumbnail","6":"product_cat-appareils-equipements","7":"categorie_principale-autre","8":"categorie_principale-medecine-generale","9":"categorie_principale-permanence-hopital","10":"marque-mullimed","12":"first","13":"outofstock","14":"taxable","15":"shipping-taxable","16":"product-type-simple"},"supplier_id":null,"supplier_sku":"","atum_controlled":true,"out_stock_date":"2026-02-27 07:36:12","out_stock_threshold":null,"inheritable":false,"inbound_stock":null,"stock_on_hold":0,"sold_today":0,"sales_last_days":0,"reserved_stock":null,"customer_returns":null,"warehouse_damage":null,"lost_in_post":null,"other_logs":null,"out_stock_days":43,"lost_sales":0,"has_location":true,"update_date":"2026-04-12T00:05:48","atum_locations":[{"id":373,"name":"Officine","slug":"officine"}],"atum_stock_status":"outofstock","restock_status":false,"low_stock_amount":"","sales_update_date":"2026-04-12T00:05:48","calc_backorders":null,"acf":[],"_links":{"self":[{"href":"https:\/\/softymed.ch\/de\/wp-json\/wp\/v2\/product\/15371","targetHints":{"allow":["GET"]}}],"collection":[{"href":"https:\/\/softymed.ch\/de\/wp-json\/wp\/v2\/product"}],"about":[{"href":"https:\/\/softymed.ch\/de\/wp-json\/wp\/v2\/types\/product"}],"wp:featuredmedia":[{"embeddable":true,"href":"https:\/\/softymed.ch\/de\/wp-json\/wp\/v2\/media\/15374"}],"wp:attachment":[{"href":"https:\/\/softymed.ch\/de\/wp-json\/wp\/v2\/media?parent=15371"}],"wp:term":[{"taxonomy":"product_brand","embeddable":true,"href":"https:\/\/softymed.ch\/de\/wp-json\/wp\/v2\/product_brand?post=15371"},{"taxonomy":"product_cat","embeddable":true,"href":"https:\/\/softymed.ch\/de\/wp-json\/wp\/v2\/product_cat?post=15371"},{"taxonomy":"product_tag","embeddable":true,"href":"https:\/\/softymed.ch\/de\/wp-json\/wp\/v2\/product_tag?post=15371"},{"taxonomy":"categorie_principale","embeddable":true,"href":"https:\/\/softymed.ch\/de\/wp-json\/wp\/v2\/categorie_principale?post=15371"},{"taxonomy":"marque","embeddable":true,"href":"https:\/\/softymed.ch\/de\/wp-json\/wp\/v2\/marque?post=15371"}],"curies":[{"name":"wp","href":"https:\/\/api.w.org\/{rel}","templated":true}]}}