{"id":15322,"date":"2026-02-18T17:32:00","date_gmt":"2026-02-18T16:32:00","guid":{"rendered":"https:\/\/softymed.ch\/?post_type=product&#038;p=15322"},"modified":"2026-02-20T15:18:09","modified_gmt":"2026-02-20T14:18:09","slug":"foliodress-mask-loop-ffp2","status":"publish","type":"product","link":"https:\/\/softymed.ch\/de\/boutique\/protection-consommable\/foliodress-mask-loop-ffp2\/","title":{"rendered":"Foliodress\u00ae Mask Loop FFP2"},"content":{"rendered":"<p>Masque de protection respiratoire filtrant destin\u00e9s \u00e0 prot\u00e9ger \u00e0 la fois des a\u00e9rosols solides et des a\u00e9rosols liquides. EN 149:2001+A1:2009.<\/p>\n<p>Ce masque de protection respiratoire filtrant appartient \u00e0 la cat\u00e9gorie III selon le R\u00e8glement (EU) 2016\/425. Il est destin\u00e9 \u00e0 un usage unique et prot\u00e8ge les utilisateurs.<\/p>","protected":false},"excerpt":{"rendered":"<p>Mit elastischen Ohrb\u00e4ndern, nicht steril FFP2<\/p>","protected":false},"featured_media":15325,"template":"","meta":{"_acf_changed":false,"_seopress_robots_primary_cat":"none","_seopress_titles_title":"","_seopress_titles_desc":"","_seopress_robots_index":""},"product_brand":[],"product_cat":[176],"product_tag":[],"categorie_principale":[165,32,31,27,106,28,30,29],"marque":[107],"class_list":{"0":"post-15322","1":"product","2":"type-product","3":"status-publish","4":"has-post-thumbnail","6":"product_cat-protection-consommable","7":"categorie_principale-autre","8":"categorie_principale-cardiologie","9":"categorie_principale-gynecologie","10":"categorie_principale-laboratoire","11":"categorie_principale-medecine-dentaire","12":"categorie_principale-medecine-generale","13":"categorie_principale-orthopedie","14":"categorie_principale-permanence-hopital","15":"marque-hartmann","17":"first","18":"outofstock","19":"taxable","20":"shipping-taxable","21":"product-type-simple"},"supplier_id":null,"supplier_sku":"","atum_controlled":true,"out_stock_date":"2026-02-20 11:46:20","out_stock_threshold":null,"inheritable":false,"inbound_stock":null,"stock_on_hold":0,"sold_today":0,"sales_last_days":0,"reserved_stock":null,"customer_returns":null,"warehouse_damage":null,"lost_in_post":null,"other_logs":null,"out_stock_days":46,"lost_sales":0,"has_location":true,"update_date":"2026-04-08T00:03:48","atum_locations":[{"id":373,"name":"Officine","slug":"officine"}],"atum_stock_status":"outofstock","restock_status":false,"low_stock_amount":"","sales_update_date":"2026-04-08T00:03:48","calc_backorders":null,"acf":[],"_links":{"self":[{"href":"https:\/\/softymed.ch\/de\/wp-json\/wp\/v2\/product\/15322","targetHints":{"allow":["GET"]}}],"collection":[{"href":"https:\/\/softymed.ch\/de\/wp-json\/wp\/v2\/product"}],"about":[{"href":"https:\/\/softymed.ch\/de\/wp-json\/wp\/v2\/types\/product"}],"wp:featuredmedia":[{"embeddable":true,"href":"https:\/\/softymed.ch\/de\/wp-json\/wp\/v2\/media\/15325"}],"wp:attachment":[{"href":"https:\/\/softymed.ch\/de\/wp-json\/wp\/v2\/media?parent=15322"}],"wp:term":[{"taxonomy":"product_brand","embeddable":true,"href":"https:\/\/softymed.ch\/de\/wp-json\/wp\/v2\/product_brand?post=15322"},{"taxonomy":"product_cat","embeddable":true,"href":"https:\/\/softymed.ch\/de\/wp-json\/wp\/v2\/product_cat?post=15322"},{"taxonomy":"product_tag","embeddable":true,"href":"https:\/\/softymed.ch\/de\/wp-json\/wp\/v2\/product_tag?post=15322"},{"taxonomy":"categorie_principale","embeddable":true,"href":"https:\/\/softymed.ch\/de\/wp-json\/wp\/v2\/categorie_principale?post=15322"},{"taxonomy":"marque","embeddable":true,"href":"https:\/\/softymed.ch\/de\/wp-json\/wp\/v2\/marque?post=15322"}],"curies":[{"name":"wp","href":"https:\/\/api.w.org\/{rel}","templated":true}]}}