{"id":15250,"date":"2026-02-11T13:34:36","date_gmt":"2026-02-11T12:34:36","guid":{"rendered":"https:\/\/softymed.ch\/?post_type=product&#038;p=15250"},"modified":"2026-03-31T11:19:20","modified_gmt":"2026-03-31T09:19:20","slug":"peha-anatomische-pinzette-standard","status":"publish","type":"product","link":"https:\/\/softymed.ch\/de\/boutique\/petite-chirurgie-suture\/peha-pincette-anatomique-standard\/","title":{"rendered":"Peha\u00ae Anatomische Standardpinzette"},"content":{"rendered":"<p>Les dispositifs Peha\u00ae -instrument sont des instruments \u00e0 usage unique fabriqu\u00e9s en acier inoxydable bross\u00e9 mat de haute qualit\u00e9. La gamme d&rsquo;instruments Peha\u00ae -instrument est livr\u00e9e dans un emballage individuel st\u00e9rile avec une dur\u00e9e de conservation de 5 ans, est toujours pr\u00eate \u00e0 l\u2019emploi et peut \u00eatre utilis\u00e9 pour diverses interventions chirurgicales. En outre, le marquage de s\u00e9curit\u00e9 Peha\u00ae colour lock\u00ae permet une diff\u00e9renciation rapide et fiable des instruments \u00e0 usage multiple. En utilisant la gamme Peha\u00ae -instrument, vous simplifiez les processus.<\/p>\n<p>Ces pincettes anatomiques en version standard font partie de la gamme d&rsquo;instruments \u00e0 usage unique d&rsquo;Hartmann. Ces pincettes anatomiques sont en acier bross\u00e9 et se jettent apr\u00e8s utilisation dans un r\u00e9cipient r\u00e9sistant aux perforations, tels qu&rsquo;un r\u00e9cipient pour objet tranchant. L&rsquo;utilisation d&rsquo;instruments jetables emp\u00eache efficacement la contamination crois\u00e9e et permet aux instruments d&rsquo;excellent qualit\u00e9 d&rsquo;\u00eatre toujours disponibles.<\/p>\n<p>La pincette anatomique standard de Hartmann est de forme droite, poss\u00e8de une longueur de 14 cm et est livr\u00e9e dans un distributeur de 40 pi\u00e8ces.<\/p>\n<p><strong>Anwendungsbereiche<\/strong><br \/>\nLes pincettes anatomiques sont une version standard pouvant \u00eatre utilis\u00e9s en anatomie et en chirurgie, et sont utilis\u00e9s pour saisir et maintenir les tissus sensibles, tels que les nerfs ou les vaisseaux. Les rainures des forceps anatomiques assurent un traumatisme minimal au niveau du tissu.<\/p>\n<p>Elles conviennent pour maintenir les pansements, les \u00e9ponges et les tissus, ainsi que pour maintenir ou retirer les corps \u00e9trangers.<\/p>\n<p><strong>Merkmale<\/strong><br \/>\n-Anatomische Pinzette<br \/>\n-Standardversion<br \/>\n-Mat\u00e9riau: Acier, bross\u00e9<br \/>\n-Form: gerade<br \/>\n-L\u00e4nge: 14 cm<br \/>\n-Dur\u00e9e de conservation st\u00e9rile: 5 ans<br \/>\n-Emballage st\u00e9rile individuel<br \/>\n-Ne cr\u00e9e pas de reflet lors de son utilisation<br \/>\n-Particuli\u00e8rement \u00e9conomique<br \/>\n-Convient \u00e9galement pour \u00eatre utilis\u00e9e comme fourniture dans une mallette ou une valise de m\u00e9decin.<br \/>\n-Distributeur contenant 40 pincettes \u00e0 usage unique<\/p>","protected":false},"excerpt":{"rendered":"<p>Steril, gerade, 14 cm<\/p>","protected":false},"featured_media":15254,"template":"","meta":{"_acf_changed":false,"_seopress_robots_primary_cat":"none","_seopress_titles_title":"","_seopress_titles_desc":"","_seopress_robots_index":""},"product_brand":[],"product_cat":[134],"product_tag":[],"categorie_principale":[165,28,29],"marque":[107],"class_list":{"0":"post-15250","1":"product","2":"type-product","3":"status-publish","4":"has-post-thumbnail","6":"product_cat-petite-chirurgie-suture","7":"categorie_principale-autre","8":"categorie_principale-medecine-generale","9":"categorie_principale-permanence-hopital","10":"marque-hartmann","12":"first","13":"instock","14":"taxable","15":"shipping-taxable","16":"purchasable","17":"product-type-simple"},"supplier_id":null,"supplier_sku":"","atum_controlled":true,"out_stock_date":null,"out_stock_threshold":null,"inheritable":false,"inbound_stock":null,"stock_on_hold":0,"sold_today":0,"sales_last_days":0,"reserved_stock":null,"customer_returns":null,"warehouse_damage":null,"lost_in_post":null,"other_logs":null,"out_stock_days":0,"lost_sales":0,"has_location":true,"update_date":"2026-04-08T00:03:56","atum_locations":[{"id":373,"name":"Officine","slug":"officine"}],"atum_stock_status":"instock","restock_status":false,"low_stock_amount":"","sales_update_date":"2026-04-08T00:03:56","calc_backorders":null,"acf":[],"_links":{"self":[{"href":"https:\/\/softymed.ch\/de\/wp-json\/wp\/v2\/product\/15250","targetHints":{"allow":["GET"]}}],"collection":[{"href":"https:\/\/softymed.ch\/de\/wp-json\/wp\/v2\/product"}],"about":[{"href":"https:\/\/softymed.ch\/de\/wp-json\/wp\/v2\/types\/product"}],"wp:featuredmedia":[{"embeddable":true,"href":"https:\/\/softymed.ch\/de\/wp-json\/wp\/v2\/media\/15254"}],"wp:attachment":[{"href":"https:\/\/softymed.ch\/de\/wp-json\/wp\/v2\/media?parent=15250"}],"wp:term":[{"taxonomy":"product_brand","embeddable":true,"href":"https:\/\/softymed.ch\/de\/wp-json\/wp\/v2\/product_brand?post=15250"},{"taxonomy":"product_cat","embeddable":true,"href":"https:\/\/softymed.ch\/de\/wp-json\/wp\/v2\/product_cat?post=15250"},{"taxonomy":"product_tag","embeddable":true,"href":"https:\/\/softymed.ch\/de\/wp-json\/wp\/v2\/product_tag?post=15250"},{"taxonomy":"categorie_principale","embeddable":true,"href":"https:\/\/softymed.ch\/de\/wp-json\/wp\/v2\/categorie_principale?post=15250"},{"taxonomy":"marque","embeddable":true,"href":"https:\/\/softymed.ch\/de\/wp-json\/wp\/v2\/marque?post=15250"}],"curies":[{"name":"wp","href":"https:\/\/api.w.org\/{rel}","templated":true}]}}