{"id":15215,"date":"2026-02-09T14:24:20","date_gmt":"2026-02-09T13:24:20","guid":{"rendered":"https:\/\/softymed.ch\/?post_type=product&#038;p=15215"},"modified":"2026-02-16T12:53:02","modified_gmt":"2026-02-16T11:53:02","slug":"attest","status":"publish","type":"product","link":"https:\/\/softymed.ch\/de\/boutique\/sterilisation\/indicateurs-chimiques\/attest\/","title":{"rendered":"3M\u2122 Attest\u2122"},"content":{"rendered":"<p>Indicateur d\u2019int\u00e9gration de classe 5 conforme \u00e0 la norme ANSI\/AAMI\/ISO 11140-1:2005 \u00e0 utiliser pour d\u00e9terminer si les conditions n\u00e9cessaires de st\u00e9rilisation ont \u00e9t\u00e9 r\u00e9unies au sein de chaque article. Peut \u00eatre utilis\u00e9 dans tous les cycles de st\u00e9rilisation de 121 \u00e0 134 \u00b0C. Cet indicateur permet de mani\u00e8re instantan\u00e9e, simple et pr\u00e9cise de contr\u00f4ler les conditions de st\u00e9rilisation \u00e0 l\u2019int\u00e9rieur de chaque article. Il peut \u00eatre utilis\u00e9 dans tous les st\u00e9rilisateurs \u00e0 la vapeur. Le principe de migration de cire permet une lecture facile et pr\u00e9cise<\/p>\n<p><strong>Merkmale<\/strong><br \/>\n-La technologie de migration de cire donne un r\u00e9sultat sans \u00e9quivoque \u00ab Accept \u00bb ou \u00ab Reject \u00bb.<br \/>\n-Con\u00e7u pour des cycles de st\u00e9rilisation \u00e0 la vapeur de 121\u00b0C, 125\u00b0C et 134\u00b0C.<br \/>\n-La r\u00e9ponse obtenue est en corr\u00e9lation avec celle d\u2019un indicateur biologique au niveau de 3 valeurs de r\u00e9f\u00e9rence temps\/temp\u00e9rature dans des conditions id\u00e9ales de st\u00e9rilisation \u00e0 la vapeur.<br \/>\n-Certifi\u00e9 par le BSI comme r\u00e9pondant aux exigences de performance de la norme ANSI\/AAMI\/ISO 11140-1:2005 Classe 5<\/p>\n<p><strong>Applications sugg\u00e9r\u00e9es<\/strong><br \/>\n-\u00c0 utiliser en tant que contr\u00f4le interne des paquets dans tous les proc\u00e9d\u00e9s de st\u00e9rilisation \u00e0 la vapeur de 120 \u00e0 135 \u00b0C.<\/p>","protected":false},"excerpt":{"rendered":"<p>Integrationsindikator f\u00fcr Dampfsterilisation<\/p>","protected":false},"featured_media":15220,"template":"","meta":{"_acf_changed":false,"_seopress_robots_primary_cat":"none","_seopress_titles_title":"","_seopress_titles_desc":"","_seopress_robots_index":""},"product_brand":[],"product_cat":[395,394],"product_tag":[348],"categorie_principale":[165,31,27,28,29],"marque":[102],"class_list":{"0":"post-15215","1":"product","2":"type-product","3":"status-publish","4":"has-post-thumbnail","6":"product_cat-indicateurs-chimiques","7":"product_cat-sterilisation","8":"product_tag-nouveaute","9":"categorie_principale-autre","10":"categorie_principale-gynecologie","11":"categorie_principale-laboratoire","12":"categorie_principale-medecine-generale","13":"categorie_principale-permanence-hopital","14":"marque-3m","16":"first","17":"instock","18":"taxable","19":"shipping-taxable","20":"purchasable","21":"product-type-simple"},"supplier_id":null,"supplier_sku":"","atum_controlled":true,"out_stock_date":null,"out_stock_threshold":null,"inheritable":false,"inbound_stock":null,"stock_on_hold":0,"sold_today":0,"sales_last_days":0,"reserved_stock":null,"customer_returns":null,"warehouse_damage":null,"lost_in_post":null,"other_logs":null,"out_stock_days":0,"lost_sales":0,"has_location":true,"update_date":"2026-04-08T00:03:46","atum_locations":[{"id":373,"name":"Officine","slug":"officine"}],"atum_stock_status":"instock","restock_status":false,"low_stock_amount":"","sales_update_date":"2026-04-08T00:03:46","calc_backorders":null,"acf":[],"_links":{"self":[{"href":"https:\/\/softymed.ch\/de\/wp-json\/wp\/v2\/product\/15215","targetHints":{"allow":["GET"]}}],"collection":[{"href":"https:\/\/softymed.ch\/de\/wp-json\/wp\/v2\/product"}],"about":[{"href":"https:\/\/softymed.ch\/de\/wp-json\/wp\/v2\/types\/product"}],"wp:featuredmedia":[{"embeddable":true,"href":"https:\/\/softymed.ch\/de\/wp-json\/wp\/v2\/media\/15220"}],"wp:attachment":[{"href":"https:\/\/softymed.ch\/de\/wp-json\/wp\/v2\/media?parent=15215"}],"wp:term":[{"taxonomy":"product_brand","embeddable":true,"href":"https:\/\/softymed.ch\/de\/wp-json\/wp\/v2\/product_brand?post=15215"},{"taxonomy":"product_cat","embeddable":true,"href":"https:\/\/softymed.ch\/de\/wp-json\/wp\/v2\/product_cat?post=15215"},{"taxonomy":"product_tag","embeddable":true,"href":"https:\/\/softymed.ch\/de\/wp-json\/wp\/v2\/product_tag?post=15215"},{"taxonomy":"categorie_principale","embeddable":true,"href":"https:\/\/softymed.ch\/de\/wp-json\/wp\/v2\/categorie_principale?post=15215"},{"taxonomy":"marque","embeddable":true,"href":"https:\/\/softymed.ch\/de\/wp-json\/wp\/v2\/marque?post=15215"}],"curies":[{"name":"wp","href":"https:\/\/api.w.org\/{rel}","templated":true}]}}