{"id":15147,"date":"2026-02-02T13:45:48","date_gmt":"2026-02-02T12:45:48","guid":{"rendered":"https:\/\/softymed.ch\/?post_type=product&#038;p=15147"},"modified":"2026-02-24T10:05:35","modified_gmt":"2026-02-24T09:05:35","slug":"molicare-premium-fixpants","status":"publish","type":"product","link":"https:\/\/softymed.ch\/de\/boutique\/protection-consommable\/molicare-premium-fixpants\/","title":{"rendered":"MoliCare\u00ae Premium Fixpants"},"content":{"rendered":"<p>Les culottes longues MoliCare\u00ae Premium assurent un confort maximal. Ils impressionnent par leur mat\u00e9riau particuli\u00e8rement dense et doux.<\/p>\n<p><strong>Die Vorteile<\/strong><br \/>\n-Bessere Fixierung<br \/>\n-R\u00e9sistance garantie \u00e0 la d\u00e9chirure<br \/>\n-Sans coutures lat\u00e9rales et avec une base de jambe \u00e9tendue<br \/>\n-Aide \u00e0 pr\u00e9venir l&rsquo;irritation de la peau.<\/p>\n<p>Le marquage de la taille est facilement reconnaissable par des bandes de couleur tiss\u00e9es.<\/p>\n<p><strong>Merkmale<\/strong><br \/>\n-Geeignet f\u00fcr M\u00e4nner und Frauen<br \/>\n-Assurer une bonne tenue des coussinets, m\u00eame sans frottement adh\u00e9sif<br \/>\n-Mat\u00e9riaux ressemblant \u00e0 des sous-v\u00eatements<br \/>\n-Respectueux de la peau, respirant et r\u00e9sistant<br \/>\n-Structure \u00e9troitement tiss\u00e9e<br \/>\n-Fils crois\u00e9s \u00e0 \u00e9lasticit\u00e9 permanente<br \/>\n-Weiche Manschetten<br \/>\n-Avec jambe allong\u00e9e pour une fixation optimale<br \/>\n-Optimale Anpassung<br \/>\n-Hoher Komfort<br \/>\n-Mit Gr\u00f6\u00dfenmarkierung im G\u00fcrtel<br \/>\n-Facile \u00e0 mettre et \u00e0 enlever<br \/>\n-Dimensionsstabil<br \/>\n-Lavable jusqu&rsquo;\u00e0 60 \u00b0C (filet \u00e0 linge)<br \/>\n-Convient pour le s\u00e8che-linge (basse temp\u00e9rature)<br \/>\n-Dispositif m\u00e9dical non st\u00e9rile de classe I conform\u00e9ment aux exigences de la directive 93\/42\/CEE et de la FDA<\/p>","protected":false},"excerpt":{"rendered":"<p>Slip f\u00fcr M\u00e4nner und Frauen<\/p>","protected":false},"featured_media":15151,"template":"","meta":{"_acf_changed":false,"_seopress_robots_primary_cat":"none","_seopress_titles_title":"","_seopress_titles_desc":"","_seopress_robots_index":""},"product_brand":[],"product_cat":[176],"product_tag":[348],"categorie_principale":[165,31,28,29],"marque":[107],"class_list":{"0":"post-15147","1":"product","2":"type-product","3":"status-publish","4":"has-post-thumbnail","6":"product_cat-protection-consommable","7":"product_tag-nouveaute","8":"categorie_principale-autre","9":"categorie_principale-gynecologie","10":"categorie_principale-medecine-generale","11":"categorie_principale-permanence-hopital","12":"marque-hartmann","14":"first","15":"instock","16":"taxable","17":"shipping-taxable","18":"purchasable","19":"product-type-simple"},"supplier_id":null,"supplier_sku":"","atum_controlled":true,"out_stock_date":null,"out_stock_threshold":null,"inheritable":false,"inbound_stock":null,"stock_on_hold":0,"sold_today":0,"sales_last_days":0,"reserved_stock":null,"customer_returns":null,"warehouse_damage":null,"lost_in_post":null,"other_logs":null,"out_stock_days":0,"lost_sales":0,"has_location":true,"update_date":"2026-04-08T00:03:45","atum_locations":[{"id":373,"name":"Officine","slug":"officine"}],"atum_stock_status":"instock","restock_status":false,"low_stock_amount":"","sales_update_date":"2026-04-08T00:03:45","calc_backorders":null,"acf":[],"_links":{"self":[{"href":"https:\/\/softymed.ch\/de\/wp-json\/wp\/v2\/product\/15147","targetHints":{"allow":["GET"]}}],"collection":[{"href":"https:\/\/softymed.ch\/de\/wp-json\/wp\/v2\/product"}],"about":[{"href":"https:\/\/softymed.ch\/de\/wp-json\/wp\/v2\/types\/product"}],"wp:featuredmedia":[{"embeddable":true,"href":"https:\/\/softymed.ch\/de\/wp-json\/wp\/v2\/media\/15151"}],"wp:attachment":[{"href":"https:\/\/softymed.ch\/de\/wp-json\/wp\/v2\/media?parent=15147"}],"wp:term":[{"taxonomy":"product_brand","embeddable":true,"href":"https:\/\/softymed.ch\/de\/wp-json\/wp\/v2\/product_brand?post=15147"},{"taxonomy":"product_cat","embeddable":true,"href":"https:\/\/softymed.ch\/de\/wp-json\/wp\/v2\/product_cat?post=15147"},{"taxonomy":"product_tag","embeddable":true,"href":"https:\/\/softymed.ch\/de\/wp-json\/wp\/v2\/product_tag?post=15147"},{"taxonomy":"categorie_principale","embeddable":true,"href":"https:\/\/softymed.ch\/de\/wp-json\/wp\/v2\/categorie_principale?post=15147"},{"taxonomy":"marque","embeddable":true,"href":"https:\/\/softymed.ch\/de\/wp-json\/wp\/v2\/marque?post=15147"}],"curies":[{"name":"wp","href":"https:\/\/api.w.org\/{rel}","templated":true}]}}