{"id":14756,"date":"2025-12-05T22:57:20","date_gmt":"2025-12-05T21:57:20","guid":{"rendered":"https:\/\/softymed.ch\/?post_type=product&#038;p=14756"},"modified":"2026-02-11T13:46:04","modified_gmt":"2026-02-11T12:46:04","slug":"peha-chirurgische-schere","status":"publish","type":"product","link":"https:\/\/softymed.ch\/de\/boutique\/petite-chirurgie-suture\/peha-ciseaux-chirurgicaux\/","title":{"rendered":"Peha\u00ae Chirurgische Schere"},"content":{"rendered":"<p>Les dispositifs Peha\u00ae -instrument sont des instruments \u00e0 usage unique fabriqu\u00e9s en acier inoxydable bross\u00e9 mat de haute qualit\u00e9. La gamme d&rsquo;instruments Peha\u00ae -instrument est livr\u00e9e dans un emballage individuel st\u00e9rile avec une dur\u00e9e de conservation de 5 ans, est toujours pr\u00eate \u00e0 l\u2019emploi et peut \u00eatre utilis\u00e9 pour diverses interventions chirurgicales. En outre, le marquage de s\u00e9curit\u00e9 Peha\u00ae colour lock\u00ae permet une diff\u00e9renciation rapide et fiable des instruments \u00e0 usage multiple. En utilisant la gamme Peha\u00ae -instrument, vous simplifiez les processus.<\/p>\n<p>Les ciseaux chirurgicaux sont des instruments \u00e0 usage unique et sont en acier bross\u00e9. Ils sont des instruments chirurgicaux classiques destin\u00e9s \u00e0 d\u00e9couper les tissus et les pansements. Ils sont \u00e9galement souvent utilis\u00e9s pour enlever les fils. Les ciseaux chirurgicaux sont une pi\u00e8ce importante de la gamme d&rsquo;instruments chirurgicaux et peuvent \u00eatre utilis\u00e9s dans pratiquement toutes les interventions chirurgicales.<\/p>\n<p><strong>Merkmale<\/strong><br \/>\n-Chirurgische Einwegschere<br \/>\n-Mat\u00e9riau: acier bross\u00e9<br \/>\n-Dur\u00e9e de conservation st\u00e9rile: 5 ans<br \/>\n-Pr\u00e9sent\u00e9s dans un emballage individuel st\u00e9rile<br \/>\n-Clairement identifi\u00e9s comme \u00e9tant un instrument \u00e0 usage unique, avec marquage de s\u00e9curit\u00e9 Colour Lock<br \/>\n-Distributeur contenant 25 ciseaux chirurgicaux emball\u00e9s individuellement<br \/>\n-L\u00e4nge 14.5 cm<\/p>","protected":false},"excerpt":{"rendered":"<p>Spitz\/Schaumstoff, gerade steril, 14.5 cm<\/p>","protected":false},"featured_media":14762,"template":"","meta":{"_acf_changed":false,"_seopress_robots_primary_cat":"none","_seopress_titles_title":"","_seopress_titles_desc":"","_seopress_robots_index":""},"product_brand":[],"product_cat":[134,104],"product_tag":[348],"categorie_principale":[31,28,29],"marque":[107],"class_list":{"0":"post-14756","1":"product","2":"type-product","3":"status-publish","4":"has-post-thumbnail","6":"product_cat-petite-chirurgie-suture","7":"product_cat-soin-des-plaies","8":"product_tag-nouveaute","9":"categorie_principale-gynecologie","10":"categorie_principale-medecine-generale","11":"categorie_principale-permanence-hopital","12":"marque-hartmann","14":"first","15":"instock","16":"taxable","17":"shipping-taxable","18":"purchasable","19":"product-type-simple"},"supplier_id":null,"supplier_sku":"","atum_controlled":true,"out_stock_date":null,"out_stock_threshold":null,"inheritable":false,"inbound_stock":null,"stock_on_hold":0,"sold_today":0,"sales_last_days":0,"reserved_stock":null,"customer_returns":null,"warehouse_damage":null,"lost_in_post":null,"other_logs":null,"out_stock_days":0,"lost_sales":0,"has_location":true,"update_date":"2026-04-08T00:03:45","atum_locations":[{"id":373,"name":"Officine","slug":"officine"}],"atum_stock_status":"instock","restock_status":false,"low_stock_amount":"","sales_update_date":"2026-04-08T00:03:45","calc_backorders":null,"acf":[],"_links":{"self":[{"href":"https:\/\/softymed.ch\/de\/wp-json\/wp\/v2\/product\/14756","targetHints":{"allow":["GET"]}}],"collection":[{"href":"https:\/\/softymed.ch\/de\/wp-json\/wp\/v2\/product"}],"about":[{"href":"https:\/\/softymed.ch\/de\/wp-json\/wp\/v2\/types\/product"}],"wp:featuredmedia":[{"embeddable":true,"href":"https:\/\/softymed.ch\/de\/wp-json\/wp\/v2\/media\/14762"}],"wp:attachment":[{"href":"https:\/\/softymed.ch\/de\/wp-json\/wp\/v2\/media?parent=14756"}],"wp:term":[{"taxonomy":"product_brand","embeddable":true,"href":"https:\/\/softymed.ch\/de\/wp-json\/wp\/v2\/product_brand?post=14756"},{"taxonomy":"product_cat","embeddable":true,"href":"https:\/\/softymed.ch\/de\/wp-json\/wp\/v2\/product_cat?post=14756"},{"taxonomy":"product_tag","embeddable":true,"href":"https:\/\/softymed.ch\/de\/wp-json\/wp\/v2\/product_tag?post=14756"},{"taxonomy":"categorie_principale","embeddable":true,"href":"https:\/\/softymed.ch\/de\/wp-json\/wp\/v2\/categorie_principale?post=14756"},{"taxonomy":"marque","embeddable":true,"href":"https:\/\/softymed.ch\/de\/wp-json\/wp\/v2\/marque?post=14756"}],"curies":[{"name":"wp","href":"https:\/\/api.w.org\/{rel}","templated":true}]}}