{"id":14708,"date":"2025-12-01T17:20:23","date_gmt":"2025-12-01T16:20:23","guid":{"rendered":"https:\/\/softymed.ch\/?post_type=product&#038;p=14708"},"modified":"2026-03-31T11:20:18","modified_gmt":"2026-03-31T09:20:18","slug":"rollstuhl-classic-df2","status":"publish","type":"product","link":"https:\/\/softymed.ch\/de\/boutique\/mobilite\/fauteuil-roulant-classic-df2\/","title":{"rendered":"Rollstuhl Classic DF2"},"content":{"rendered":"<p>Fauteuil roulant en acier avec roues 24 pouces \u00e0 d\u00e9montage rapide.<\/p>\n<p><strong>Merkmale<\/strong><br \/>\n-Adaptable: accoudoirs escamotables, plus bas \u00e0 l\u2019avant pour approcher des tables<br \/>\n-Ajustable: repose-pieds r\u00e9glables en hauteur<br \/>\n-Fonctionnel: pliage facile gr\u00e2ce aux roues et repose-pieds d\u00e9montables<br \/>\n-R\u00e9sistant: structure en acier \u00e0 double croisillon<br \/>\n-Confortable: assise et dossier rembourr\u00e9s r\u00e9sistant au feu*<br \/>\n-Accessoire inclus: pochette de rangement \u00e0 l\u2019arri\u00e8re du dossier<br \/>\n-Roues: Roues avant \u00e0 bandage 8&#215;1&Prime;<br \/>\n-Roues arri\u00e8re \u00e0 bandage 24&Prime;: roues pleines, n\u00e9cessitent peu d\u2019entretien<br \/>\n-Breite der Sitzfl\u00e4che: 51,5 cm<br \/>\n-Gesamtbreite: 75,2 cm<br \/>\nGesamtl\u00e4nge x -h\u00f6he: 107,5 x 91,5 cm.<br \/>\n-Hauteur d\u2019assise \u00e0 l&rsquo;avant\/\u00e0 l&rsquo;arri\u00e8re: 48 \/ 46 cm<br \/>\n-Profondeur d\u2019assise: 45,5 cm<br \/>\n-Poids du fauteuil et du ch\u00e2ssis: 18 \/ 11 kg<br \/>\n-Farbe: Schwarz und Blau<br \/>\n-Geeignet f\u00fcr einen Nutzer mit einem Maximalgewicht von 120 kg<\/p>\n<p>Optionales Zubeh\u00f6r (nicht im Lieferumfang enthalten): Beinst\u00fctze rechts oder links<\/p>\n<p><strong>Patients cibl\u00e9s<\/strong><br \/>\nCe fauteuil roulant a \u00e9t\u00e9 sp\u00e9cialement con\u00e7u pour les patients \u00e2g\u00e9s de plus de 12 ans et pesant au maximum 120 kg.<br \/>\nIl est destin\u00e9 aux patients ayant une mobilit\u00e9 r\u00e9duite, temporaire ou permanente, et ayant les capacit\u00e9s cognitives et motrices n\u00e9cessaires pour maintenir une position assise dans un fauteuil (appui du tronc). Cette mobilit\u00e9 r\u00e9duite peut r\u00e9sulter d&rsquo;un probl\u00e8me neurologique, d&rsquo;un d\u00e9ficit g\u00e9n\u00e9tique ou cognitif, d&rsquo;une pathologie des membres inf\u00e9rieurs ou du tronc ou de difficult\u00e9s li\u00e9es \u00e0 l&rsquo;\u00e2ge (endurance limit\u00e9e).<\/p>","protected":false},"excerpt":{"rendered":"<p>Aus Stahl mit schnell abnehmbaren 24-Zoll-R\u00e4dern<\/p>","protected":false},"featured_media":14714,"template":"","meta":{"_acf_changed":false,"_seopress_robots_primary_cat":"none","_seopress_titles_title":"","_seopress_titles_desc":"","_seopress_robots_index":""},"product_brand":[],"product_cat":[387],"product_tag":[],"categorie_principale":[28,30,29],"marque":[217],"class_list":{"0":"post-14708","1":"product","2":"type-product","3":"status-publish","4":"has-post-thumbnail","6":"product_cat-mobilite","7":"categorie_principale-medecine-generale","8":"categorie_principale-orthopedie","9":"categorie_principale-permanence-hopital","10":"marque-thuasne","12":"first","13":"outofstock","14":"taxable","15":"shipping-taxable","16":"product-type-simple"},"supplier_id":null,"supplier_sku":"","atum_controlled":true,"out_stock_date":"2025-12-04 16:38:23","out_stock_threshold":null,"inheritable":false,"inbound_stock":null,"stock_on_hold":0,"sold_today":0,"sales_last_days":0,"reserved_stock":null,"customer_returns":null,"warehouse_damage":null,"lost_in_post":null,"other_logs":null,"out_stock_days":124,"lost_sales":0,"has_location":true,"update_date":"2026-04-08T00:03:56","atum_locations":[{"id":373,"name":"Officine","slug":"officine"}],"atum_stock_status":"outofstock","restock_status":false,"low_stock_amount":"","sales_update_date":"2026-04-08T00:03:56","calc_backorders":null,"acf":[],"_links":{"self":[{"href":"https:\/\/softymed.ch\/de\/wp-json\/wp\/v2\/product\/14708","targetHints":{"allow":["GET"]}}],"collection":[{"href":"https:\/\/softymed.ch\/de\/wp-json\/wp\/v2\/product"}],"about":[{"href":"https:\/\/softymed.ch\/de\/wp-json\/wp\/v2\/types\/product"}],"wp:featuredmedia":[{"embeddable":true,"href":"https:\/\/softymed.ch\/de\/wp-json\/wp\/v2\/media\/14714"}],"wp:attachment":[{"href":"https:\/\/softymed.ch\/de\/wp-json\/wp\/v2\/media?parent=14708"}],"wp:term":[{"taxonomy":"product_brand","embeddable":true,"href":"https:\/\/softymed.ch\/de\/wp-json\/wp\/v2\/product_brand?post=14708"},{"taxonomy":"product_cat","embeddable":true,"href":"https:\/\/softymed.ch\/de\/wp-json\/wp\/v2\/product_cat?post=14708"},{"taxonomy":"product_tag","embeddable":true,"href":"https:\/\/softymed.ch\/de\/wp-json\/wp\/v2\/product_tag?post=14708"},{"taxonomy":"categorie_principale","embeddable":true,"href":"https:\/\/softymed.ch\/de\/wp-json\/wp\/v2\/categorie_principale?post=14708"},{"taxonomy":"marque","embeddable":true,"href":"https:\/\/softymed.ch\/de\/wp-json\/wp\/v2\/marque?post=14708"}],"curies":[{"name":"wp","href":"https:\/\/api.w.org\/{rel}","templated":true}]}}