{"id":14526,"date":"2025-11-04T16:15:12","date_gmt":"2025-11-04T15:15:12","guid":{"rendered":"https:\/\/softymed.ch\/?post_type=product&#038;p=14526"},"modified":"2025-11-26T12:39:02","modified_gmt":"2025-11-26T11:39:02","slug":"infrarot-ohrthermometer","status":"publish","type":"product","link":"https:\/\/softymed.ch\/de\/boutique\/auscultation-diagnostic\/thermometre-auriculaire-infrarouge\/","title":{"rendered":"Infrarot-Ohrthermometer"},"content":{"rendered":"<p>La technologie Peak Select effectue plusieurs mesures et s\u00e9lectionne la temp\u00e9rature la plus \u00e9lev\u00e9e pour l&rsquo;affichage en 1 \u00e0 2 secondes. La conception robuste du capteur \u00e0 pointe am\u00e9liore sa durabilit\u00e9 et r\u00e9duit la fr\u00e9quence des recalibrages. L&rsquo;affichage programmable indique la temp\u00e9rature buccale, rectale ou la temp\u00e9rature absolue en mode auriculaire. Le bo\u00eetier en plastique repens\u00e9 offre une protection IP22 contre la poussi\u00e8re et les infiltrations de liquides. Les embouts de sonde jetables \u00e0 usage unique contribuent \u00e0 pr\u00e9venir la contamination crois\u00e9e.<\/p>\n<p>Le Genius 3 s&rsquo;int\u00e8gre dans une unit\u00e9 de base existante. Le thermom\u00e8tre Genius 3 doit \u00eatre utilis\u00e9 avec les manchons de mesure Genius.<\/p>\n<p><strong>Merkmale<\/strong><br \/>\n-Affichage facile \u00e0 lire avec symboles<br \/>\nPuls-Timer-Funktion f\u00fcr 60 Sekunden<br \/>\n-R\u00e9solution de temp\u00e9rature: 0,1 \u00b0C<br \/>\n-Pr\u00e9cision de la mesure: +\/- 0,3 \u00b0C<br \/>\n-Temp\u00e9rature ambiante: +16 \u00b0C \u00e0 33 \u00b0C<br \/>\n-Temp\u00e9rature cible: +33 \u00b0C \u00e0 42 \u00b0C<br \/>\n-Temp\u00e9rature de stockage: -25 \u00b0C \/ +55 \u00b0C<br \/>\n-Temps de r\u00e9action de la mesure: 1 \u00e0 2 secondes<br \/>\n-Le \u00ab mode veille \u00bb conserve la derni\u00e8re temp\u00e9rature et prolonge l&rsquo;autonomie de la batterie.<br \/>\nBatterien: 3 AAA-Batterien<br \/>\n-Batterielebensdauer: 15.000 Messungen<br \/>\n-Dimensions du thermom\u00e8tre: 17.8 cm<br \/>\n-Dimensions de l&rsquo;unit\u00e9 de base: 20.3 cm<br \/>\n-Poids du thermom\u00e8tre: 160 g (piles incluses)<br \/>\n-Poids de l&rsquo;unit\u00e9 de base: 100 g<br \/>\n-Im Lieferumfang sind 32 Messh\u00fclsen und ein Benutzerhandbuch auf CD-ROM enthalten.<br \/>\n-Performances test\u00e9es selon les normes industrielles, durabilit\u00e9 am\u00e9lior\u00e9e<br \/>\n-Protection antivol: support mural (en option, r\u00e9f. 303058 sur demande)<\/p>","protected":false},"excerpt":{"rendered":"<p>Genius 3<\/p>","protected":false},"featured_media":14529,"template":"","meta":{"_acf_changed":false,"_seopress_robots_primary_cat":"none","_seopress_titles_title":"","_seopress_titles_desc":"","_seopress_robots_index":""},"product_brand":[],"product_cat":[122],"product_tag":[],"categorie_principale":[32,28,29],"marque":[221],"class_list":{"0":"post-14526","1":"product","2":"type-product","3":"status-publish","4":"has-post-thumbnail","6":"product_cat-auscultation-diagnostic","7":"categorie_principale-cardiologie","8":"categorie_principale-medecine-generale","9":"categorie_principale-permanence-hopital","10":"marque-cardinalhealth","12":"first","13":"outofstock","14":"taxable","15":"shipping-taxable","16":"product-type-simple"},"supplier_id":null,"supplier_sku":"","atum_controlled":true,"out_stock_date":"2025-11-06 11:59:29","out_stock_threshold":null,"inheritable":false,"inbound_stock":null,"stock_on_hold":0,"sold_today":0,"sales_last_days":0,"reserved_stock":null,"customer_returns":null,"warehouse_damage":null,"lost_in_post":null,"other_logs":null,"out_stock_days":152,"lost_sales":0,"has_location":true,"update_date":"2026-04-08T00:03:44","atum_locations":[{"id":373,"name":"Officine","slug":"officine"}],"atum_stock_status":"outofstock","restock_status":false,"low_stock_amount":"","sales_update_date":"2026-04-08T00:03:44","calc_backorders":null,"acf":[],"_links":{"self":[{"href":"https:\/\/softymed.ch\/de\/wp-json\/wp\/v2\/product\/14526","targetHints":{"allow":["GET"]}}],"collection":[{"href":"https:\/\/softymed.ch\/de\/wp-json\/wp\/v2\/product"}],"about":[{"href":"https:\/\/softymed.ch\/de\/wp-json\/wp\/v2\/types\/product"}],"wp:featuredmedia":[{"embeddable":true,"href":"https:\/\/softymed.ch\/de\/wp-json\/wp\/v2\/media\/14529"}],"wp:attachment":[{"href":"https:\/\/softymed.ch\/de\/wp-json\/wp\/v2\/media?parent=14526"}],"wp:term":[{"taxonomy":"product_brand","embeddable":true,"href":"https:\/\/softymed.ch\/de\/wp-json\/wp\/v2\/product_brand?post=14526"},{"taxonomy":"product_cat","embeddable":true,"href":"https:\/\/softymed.ch\/de\/wp-json\/wp\/v2\/product_cat?post=14526"},{"taxonomy":"product_tag","embeddable":true,"href":"https:\/\/softymed.ch\/de\/wp-json\/wp\/v2\/product_tag?post=14526"},{"taxonomy":"categorie_principale","embeddable":true,"href":"https:\/\/softymed.ch\/de\/wp-json\/wp\/v2\/categorie_principale?post=14526"},{"taxonomy":"marque","embeddable":true,"href":"https:\/\/softymed.ch\/de\/wp-json\/wp\/v2\/marque?post=14526"}],"curies":[{"name":"wp","href":"https:\/\/api.w.org\/{rel}","templated":true}]}}