{"id":14465,"date":"2025-11-17T10:11:00","date_gmt":"2025-11-17T09:11:00","guid":{"rendered":"https:\/\/softymed.ch\/?post_type=product&#038;p=14465"},"modified":"2026-03-13T13:49:10","modified_gmt":"2026-03-13T12:49:10","slug":"lanzette-fur-allergietests-mediprick","status":"publish","type":"product","link":"https:\/\/softymed.ch\/de\/boutique\/auscultation-diagnostic\/test-cutane\/lancette-de-test-dallergie-mediprick\/","title":{"rendered":"Mediprick Allergietest-Lanzette"},"content":{"rendered":"<p>Pour r\u00e9aliser un test d&rsquo;allergie, une lancette sp\u00e9ciale \u00e0 pointe courte (0,9 mm) est n\u00e9cessaire.<\/p>\n<p>La nouvelle lancette Mediprick Allergy-Test est fabriqu\u00e9e en acier inoxydable flexible, avec une tige sans nickel et une pointe sp\u00e9cialement con\u00e7ue permettant d&rsquo;introduire les substances test\u00e9es sous la peau \u00e0 la profondeur de p\u00e9n\u00e9tration n\u00e9cessaire. Chaque lancette est st\u00e9rile et scell\u00e9e individuellement.<\/p>\n<p><strong>Merkmale<\/strong><br \/>\n-Lancette \u00e0 faible profondeur de piq\u00fbre (0.9 mm)<br \/>\n-En acier sp\u00e9cial \u00e0 ressort, inoxydable et \u00e9lastique<br \/>\n-Mit Schaft ohne Winkelst\u00fcck<br \/>\n-Pointe avec profondeur de piq\u00fbre d\u00e9finie avec pr\u00e9cision<br \/>\n-Erm\u00f6glicht eine schonende Einf\u00fchrung von Allergietestsubstanzen<br \/>\n-Scell\u00e9es individuellement de mani\u00e8re st\u00e9rile<\/p>","protected":false},"excerpt":{"rendered":"<p>Steril, einzeln versiegelt<\/p>","protected":false},"featured_media":14469,"template":"","meta":{"_acf_changed":false,"_seopress_robots_primary_cat":"none","_seopress_titles_title":"","_seopress_titles_desc":"","_seopress_robots_index":""},"product_brand":[],"product_cat":[122,385],"product_tag":[348],"categorie_principale":[165,28,29],"marque":[384],"class_list":{"0":"post-14465","1":"product","2":"type-product","3":"status-publish","4":"has-post-thumbnail","6":"product_cat-auscultation-diagnostic","7":"product_cat-test-cutane","8":"product_tag-nouveaute","9":"categorie_principale-autre","10":"categorie_principale-medecine-generale","11":"categorie_principale-permanence-hopital","12":"marque-mediprick-allergie","14":"first","15":"instock","16":"taxable","17":"shipping-taxable","18":"purchasable","19":"product-type-simple"},"supplier_id":null,"supplier_sku":"","atum_controlled":true,"out_stock_date":null,"out_stock_threshold":null,"inheritable":false,"inbound_stock":null,"stock_on_hold":0,"sold_today":0,"sales_last_days":0,"reserved_stock":null,"customer_returns":null,"warehouse_damage":null,"lost_in_post":null,"other_logs":null,"out_stock_days":0,"lost_sales":0,"has_location":true,"update_date":"2026-04-08T00:03:50","atum_locations":[{"id":373,"name":"Officine","slug":"officine"}],"atum_stock_status":"instock","restock_status":false,"low_stock_amount":"","sales_update_date":"2026-04-08T00:03:50","calc_backorders":null,"acf":[],"_links":{"self":[{"href":"https:\/\/softymed.ch\/de\/wp-json\/wp\/v2\/product\/14465","targetHints":{"allow":["GET"]}}],"collection":[{"href":"https:\/\/softymed.ch\/de\/wp-json\/wp\/v2\/product"}],"about":[{"href":"https:\/\/softymed.ch\/de\/wp-json\/wp\/v2\/types\/product"}],"wp:featuredmedia":[{"embeddable":true,"href":"https:\/\/softymed.ch\/de\/wp-json\/wp\/v2\/media\/14469"}],"wp:attachment":[{"href":"https:\/\/softymed.ch\/de\/wp-json\/wp\/v2\/media?parent=14465"}],"wp:term":[{"taxonomy":"product_brand","embeddable":true,"href":"https:\/\/softymed.ch\/de\/wp-json\/wp\/v2\/product_brand?post=14465"},{"taxonomy":"product_cat","embeddable":true,"href":"https:\/\/softymed.ch\/de\/wp-json\/wp\/v2\/product_cat?post=14465"},{"taxonomy":"product_tag","embeddable":true,"href":"https:\/\/softymed.ch\/de\/wp-json\/wp\/v2\/product_tag?post=14465"},{"taxonomy":"categorie_principale","embeddable":true,"href":"https:\/\/softymed.ch\/de\/wp-json\/wp\/v2\/categorie_principale?post=14465"},{"taxonomy":"marque","embeddable":true,"href":"https:\/\/softymed.ch\/de\/wp-json\/wp\/v2\/marque?post=14465"}],"curies":[{"name":"wp","href":"https:\/\/api.w.org\/{rel}","templated":true}]}}