{"id":14348,"date":"2025-10-10T19:37:54","date_gmt":"2025-10-10T17:37:54","guid":{"rendered":"https:\/\/softymed.ch\/?post_type=product&#038;p=14348"},"modified":"2026-03-25T09:42:49","modified_gmt":"2026-03-25T08:42:49","slug":"ligaflex-rhizo","status":"publish","type":"product","link":"https:\/\/softymed.ch\/de\/boutique\/attelles-platres\/main-poignet-et-doigt\/ligaflex-rhizo\/","title":{"rendered":"Ligaflex\u00ae Rhizo"},"content":{"rendered":"<p><strong>Hinweise<\/strong><br \/>\nRuhigstellung des Trapezium-Metakarpal-Gelenks bei beginnender Rhizarthrose<br \/>\n-Schmerzen an der Daumenbasis<br \/>\n-Peri-Skaphoidale Arthrose<br \/>\nPostoperativ: Prothese, Trapezektomie, Operation von Frakturen der Basis des ersten Mittelhandknochens (Rolando- oder Bennett-Fraktur).<br \/>\n-Leichte Verstauchung des Daumens.<\/p>\n<p><strong>Merkmale<\/strong><br \/>\n-Ruhigstellung des Daumens in schmerzstillender Position durch einen patentierten Drahtb\u00fcgel, der sich am Daumenwinkel befindet.<br \/>\n-\u00d6ffnung an der Daumens\u00e4ule, um ein schmerzhaftes Aufst\u00fctzen zu vermeiden<br \/>\n-Besonders geeignet bei Rhizarthrose<br \/>\n-Erhalt des Greifens und Erhaltung des Handgelenkumfangs<br \/>\nAntibakteriell behandeltes 3D-Strickgewebe, leicht und atmungsaktiv f\u00fcr besseren Feuchtigkeitstransport, geeignet f\u00fcr l\u00e4ngeres Tragen<br \/>\n-Thermytex-Innenstoff: atmungsaktiv und antibakteriell<br \/>\n-Zwei Klettb\u00e4nder erleichtern das Anlegen des Produkts<\/p>\n<p><strong>Kontraindikationen<\/strong><br \/>\n-Bringen Sie das Produkt nicht direkt mit verletzter Haut in Ber\u00fchrung.<\/p>","protected":false},"excerpt":{"rendered":"<p>Statische Daumenschiene<\/p>","protected":false},"featured_media":14352,"template":"","meta":{"_acf_changed":false,"_seopress_robots_primary_cat":"none","_seopress_titles_title":"","_seopress_titles_desc":"","_seopress_robots_index":""},"product_brand":[],"product_cat":[149,185],"product_tag":[],"categorie_principale":[28,30,29],"marque":[217],"class_list":{"0":"post-14348","1":"product","2":"type-product","3":"status-publish","4":"has-post-thumbnail","6":"product_cat-attelles-platres","7":"product_cat-main-poignet-et-doigt","8":"categorie_principale-medecine-generale","9":"categorie_principale-orthopedie","10":"categorie_principale-permanence-hopital","11":"marque-thuasne","13":"first","14":"instock","15":"taxable","16":"shipping-taxable","17":"purchasable","18":"product-type-variable"},"supplier_id":null,"supplier_sku":"","atum_controlled":true,"out_stock_date":null,"out_stock_threshold":null,"inheritable":true,"inbound_stock":null,"stock_on_hold":0,"sold_today":0,"sales_last_days":10,"reserved_stock":null,"customer_returns":null,"warehouse_damage":null,"lost_in_post":null,"other_logs":null,"out_stock_days":0,"lost_sales":0,"has_location":true,"update_date":"2026-04-08T00:03:53","atum_locations":[{"id":373,"name":"Officine","slug":"officine"}],"atum_stock_status":"instock","restock_status":false,"low_stock_amount":"","sales_update_date":"2026-04-08T00:03:53","calc_backorders":null,"acf":[],"_links":{"self":[{"href":"https:\/\/softymed.ch\/de\/wp-json\/wp\/v2\/product\/14348","targetHints":{"allow":["GET"]}}],"collection":[{"href":"https:\/\/softymed.ch\/de\/wp-json\/wp\/v2\/product"}],"about":[{"href":"https:\/\/softymed.ch\/de\/wp-json\/wp\/v2\/types\/product"}],"wp:featuredmedia":[{"embeddable":true,"href":"https:\/\/softymed.ch\/de\/wp-json\/wp\/v2\/media\/14352"}],"wp:attachment":[{"href":"https:\/\/softymed.ch\/de\/wp-json\/wp\/v2\/media?parent=14348"}],"wp:term":[{"taxonomy":"product_brand","embeddable":true,"href":"https:\/\/softymed.ch\/de\/wp-json\/wp\/v2\/product_brand?post=14348"},{"taxonomy":"product_cat","embeddable":true,"href":"https:\/\/softymed.ch\/de\/wp-json\/wp\/v2\/product_cat?post=14348"},{"taxonomy":"product_tag","embeddable":true,"href":"https:\/\/softymed.ch\/de\/wp-json\/wp\/v2\/product_tag?post=14348"},{"taxonomy":"categorie_principale","embeddable":true,"href":"https:\/\/softymed.ch\/de\/wp-json\/wp\/v2\/categorie_principale?post=14348"},{"taxonomy":"marque","embeddable":true,"href":"https:\/\/softymed.ch\/de\/wp-json\/wp\/v2\/marque?post=14348"}],"curies":[{"name":"wp","href":"https:\/\/api.w.org\/{rel}","templated":true}]}}