{"id":14217,"date":"2025-09-23T12:27:40","date_gmt":"2025-09-23T10:27:40","guid":{"rendered":"https:\/\/softymed.ch\/?post_type=product&#038;p=14217"},"modified":"2026-03-16T23:35:36","modified_gmt":"2026-03-16T22:35:36","slug":"dosierpumpe-mit-kurzem-auslauf","status":"publish","type":"product","link":"https:\/\/softymed.ch\/de\/boutique\/hygiene-desinfection\/desinfection-peau\/pompe-doseuse-a-bec-court\/","title":{"rendered":"Dosierpumpe mit kurzer T\u00fclle"},"content":{"rendered":"<p>Les pompes sont des accessoires \u00e0 usage unique pour l&rsquo;application de d\u00e9sinfectants liquides ou en gel pour les mains, le lavage et des lotions de soin pour la peau, en combinaison avec les flacons standard de BODE.<br \/>\nLes pompes sont destin\u00e9es \u00e0 \u00eatre utilis\u00e9es par des utilisateurs professionnels de sant\u00e9, des utilisateurs form\u00e9s dans un contexte clinique : les infirmiers, les services de soins, les m\u00e9decins g\u00e9n\u00e9ralistes et sp\u00e9cialistes, le personnel de nettoyage, ainsi que les patients ou autres non-professionnels.<\/p>\n<p><strong>Merkmale<\/strong><br \/>\n-Schraubring: 32 mm<br \/>\n-Longueur totale de la t\u00eate de la pompe: 41 mm<br \/>\n-L\u00e4nge des Ausgusses (von der Mitte der Pumpe): 30 mm<br \/>\n-Zusammensetzung: Vertikale Einwegpumpe aus PP, LDPE, Glas, Edelstahl, Silikon\u00f6l<br \/>\n-Abwesenheit von Latex<\/p>","protected":false},"excerpt":{"rendered":"<p>F\u00fcr Sterillium-Flaschen 350\/500 ml<\/p>","protected":false},"featured_media":14220,"template":"","meta":{"_acf_changed":false,"_seopress_robots_primary_cat":"none","_seopress_titles_title":"","_seopress_titles_desc":"","_seopress_robots_index":""},"product_brand":[],"product_cat":[129,127,288],"product_tag":[],"categorie_principale":[165,32,31,27,106,28,30,29],"marque":[107],"class_list":{"0":"post-14217","1":"product","2":"type-product","3":"status-publish","4":"has-post-thumbnail","6":"product_cat-desinfection-peau","7":"product_cat-hygiene-desinfection","8":"product_cat-liste-additionnelle","9":"categorie_principale-autre","10":"categorie_principale-cardiologie","11":"categorie_principale-gynecologie","12":"categorie_principale-laboratoire","13":"categorie_principale-medecine-dentaire","14":"categorie_principale-medecine-generale","15":"categorie_principale-orthopedie","16":"categorie_principale-permanence-hopital","17":"marque-hartmann","19":"first","20":"instock","21":"taxable","22":"shipping-taxable","23":"purchasable","24":"product-type-simple"},"supplier_id":null,"supplier_sku":"","atum_controlled":true,"out_stock_date":null,"out_stock_threshold":null,"inheritable":false,"inbound_stock":null,"stock_on_hold":0,"sold_today":0,"sales_last_days":0,"reserved_stock":null,"customer_returns":null,"warehouse_damage":null,"lost_in_post":null,"other_logs":null,"out_stock_days":0,"lost_sales":0,"has_location":true,"update_date":"2026-04-09T00:03:52","atum_locations":[{"id":373,"name":"Officine","slug":"officine"}],"atum_stock_status":"instock","restock_status":false,"low_stock_amount":"","sales_update_date":"2026-04-09T00:03:52","calc_backorders":null,"acf":[],"_links":{"self":[{"href":"https:\/\/softymed.ch\/de\/wp-json\/wp\/v2\/product\/14217","targetHints":{"allow":["GET"]}}],"collection":[{"href":"https:\/\/softymed.ch\/de\/wp-json\/wp\/v2\/product"}],"about":[{"href":"https:\/\/softymed.ch\/de\/wp-json\/wp\/v2\/types\/product"}],"wp:featuredmedia":[{"embeddable":true,"href":"https:\/\/softymed.ch\/de\/wp-json\/wp\/v2\/media\/14220"}],"wp:attachment":[{"href":"https:\/\/softymed.ch\/de\/wp-json\/wp\/v2\/media?parent=14217"}],"wp:term":[{"taxonomy":"product_brand","embeddable":true,"href":"https:\/\/softymed.ch\/de\/wp-json\/wp\/v2\/product_brand?post=14217"},{"taxonomy":"product_cat","embeddable":true,"href":"https:\/\/softymed.ch\/de\/wp-json\/wp\/v2\/product_cat?post=14217"},{"taxonomy":"product_tag","embeddable":true,"href":"https:\/\/softymed.ch\/de\/wp-json\/wp\/v2\/product_tag?post=14217"},{"taxonomy":"categorie_principale","embeddable":true,"href":"https:\/\/softymed.ch\/de\/wp-json\/wp\/v2\/categorie_principale?post=14217"},{"taxonomy":"marque","embeddable":true,"href":"https:\/\/softymed.ch\/de\/wp-json\/wp\/v2\/marque?post=14217"}],"curies":[{"name":"wp","href":"https:\/\/api.w.org\/{rel}","templated":true}]}}