{"id":14153,"date":"2025-09-15T15:21:09","date_gmt":"2025-09-15T13:21:09","guid":{"rendered":"https:\/\/softymed.ch\/?post_type=product&#038;p=14153"},"modified":"2026-03-31T19:09:05","modified_gmt":"2026-03-31T17:09:05","slug":"untersuchungslaken-watte","status":"publish","type":"product","link":"https:\/\/softymed.ch\/de\/boutique\/liste-additionnelle\/drap-dexamen-ouate\/","title":{"rendered":"Wattiertes Untersuchungslaken"},"content":{"rendered":"<p>Les draps d\u2019examen mini 40 \u00d7 38 cm bicouche en 100% ouate garantissent absorption, confort et r\u00e9sistance. Gr\u00e2ce \u00e0 leur format presque carr\u00e9 ils peuvent aussi bien servir de protection de table d\u2019examen que de papier d\u2019essuyage m\u00e9dical.<\/p>\n<p><strong>Merkmale<\/strong><br \/>\n-Zellstoffwatte 100 % rein, wei\u00df<br \/>\n-Pr\u00e9d\u00e9coup\u00e9 tous les 38 cm<br \/>\nStandards: CE-Zertifizierung<\/p>\n<p><strong>Verf\u00fcgbare Ma\u00dfe<\/strong><br \/>\n-40 cm x 38 cm, 2 plis, 19 g\/m\u00b2 par pli (38 g\/m\u00b2 au total), 150 feuilles (900 par colis)<br \/>\n-Kartons mit 6 Rollen,\/<\/p>\n<p>Voir rubrique \u00ab\u00a0Disclaimer\u00a0\u00bb<\/p>","protected":false},"excerpt":{"rendered":"<p>Bicouche aus 100% Watte, vorgeschnitten alle 38 cm<\/p>","protected":false},"featured_media":14157,"template":"","meta":{"_acf_changed":false,"_seopress_robots_primary_cat":"none","_seopress_titles_title":"","_seopress_titles_desc":"","_seopress_robots_index":""},"product_brand":[],"product_cat":[288,176],"product_tag":[348],"categorie_principale":[165,32,31,27,106,28,30,29],"marque":[382],"class_list":{"0":"post-14153","1":"product","2":"type-product","3":"status-publish","4":"has-post-thumbnail","6":"product_cat-liste-additionnelle","7":"product_cat-protection-consommable","8":"product_tag-nouveaute","9":"categorie_principale-autre","10":"categorie_principale-cardiologie","11":"categorie_principale-gynecologie","12":"categorie_principale-laboratoire","13":"categorie_principale-medecine-dentaire","14":"categorie_principale-medecine-generale","15":"categorie_principale-orthopedie","16":"categorie_principale-permanence-hopital","17":"marque-mediclinic","19":"first","20":"instock","21":"taxable","22":"shipping-taxable","23":"purchasable","24":"product-type-simple"},"supplier_id":null,"supplier_sku":"","atum_controlled":true,"out_stock_date":null,"out_stock_threshold":null,"inheritable":false,"inbound_stock":null,"stock_on_hold":0,"sold_today":0,"sales_last_days":0,"reserved_stock":null,"customer_returns":null,"warehouse_damage":null,"lost_in_post":null,"other_logs":null,"out_stock_days":0,"lost_sales":0,"has_location":true,"update_date":"2026-04-09T00:03:59","atum_locations":[{"id":373,"name":"Officine","slug":"officine"}],"atum_stock_status":"instock","restock_status":false,"low_stock_amount":"","sales_update_date":"2026-04-09T00:03:59","calc_backorders":null,"acf":[],"_links":{"self":[{"href":"https:\/\/softymed.ch\/de\/wp-json\/wp\/v2\/product\/14153","targetHints":{"allow":["GET"]}}],"collection":[{"href":"https:\/\/softymed.ch\/de\/wp-json\/wp\/v2\/product"}],"about":[{"href":"https:\/\/softymed.ch\/de\/wp-json\/wp\/v2\/types\/product"}],"wp:featuredmedia":[{"embeddable":true,"href":"https:\/\/softymed.ch\/de\/wp-json\/wp\/v2\/media\/14157"}],"wp:attachment":[{"href":"https:\/\/softymed.ch\/de\/wp-json\/wp\/v2\/media?parent=14153"}],"wp:term":[{"taxonomy":"product_brand","embeddable":true,"href":"https:\/\/softymed.ch\/de\/wp-json\/wp\/v2\/product_brand?post=14153"},{"taxonomy":"product_cat","embeddable":true,"href":"https:\/\/softymed.ch\/de\/wp-json\/wp\/v2\/product_cat?post=14153"},{"taxonomy":"product_tag","embeddable":true,"href":"https:\/\/softymed.ch\/de\/wp-json\/wp\/v2\/product_tag?post=14153"},{"taxonomy":"categorie_principale","embeddable":true,"href":"https:\/\/softymed.ch\/de\/wp-json\/wp\/v2\/categorie_principale?post=14153"},{"taxonomy":"marque","embeddable":true,"href":"https:\/\/softymed.ch\/de\/wp-json\/wp\/v2\/marque?post=14153"}],"curies":[{"name":"wp","href":"https:\/\/api.w.org\/{rel}","templated":true}]}}