{"id":14071,"date":"2025-09-05T19:38:23","date_gmt":"2025-09-05T17:38:23","guid":{"rendered":"https:\/\/softymed.ch\/?post_type=product&#038;p=14071"},"modified":"2026-03-25T16:53:16","modified_gmt":"2026-03-25T15:53:16","slug":"omnifix-luer-lock-solo","status":"publish","type":"product","link":"https:\/\/softymed.ch\/de\/boutique\/liste-additionnelle\/omnifix-luer-lock-solo\/","title":{"rendered":"Omnifix\u00ae Luer Lock Solo"},"content":{"rendered":"<p><strong>Merkmale<\/strong><br \/>\nOmnifix Solo 3-teilige Einmalspritzen<br \/>\nMit Luer-Lock-Ansatz<br \/>\n-Mat\u00e9riel: polypropyl\u00e8ne<br \/>\n-Nach EN ISO 7886-1<br \/>\n-Cylindre tr\u00e8s transparent avec graduation ind\u00e9l\u00e9bile et contrast\u00e9e<br \/>\n-Volume r\u00e9siduel minimal<br \/>\n-R\u00e9sistant au lavage<br \/>\n-Arr\u00eat s\u00fbr du piston<br \/>\n-Bouchon de piston en caoutchouc synth\u00e9tique avec double bague d&rsquo;\u00e9tanch\u00e9it\u00e9<br \/>\n-Excellent pour le dosage de petites quantit\u00e9s<br \/>\nLatex- und PVC-frei<br \/>\n-C\u00f4ne centr\u00e9<br \/>\n-Emballage st\u00e9rile individuel<br \/>\n-Int\u00e9rieur silicon\u00e9<\/p>","protected":false},"excerpt":{"rendered":"<p>3-teilige Einwegspritze Luer Lock<\/p>","protected":false},"featured_media":14075,"template":"","meta":{"_acf_changed":false,"_seopress_robots_primary_cat":"none","_seopress_titles_title":"","_seopress_titles_desc":"","_seopress_robots_index":""},"product_brand":[],"product_cat":[288,133],"product_tag":[],"categorie_principale":[32,31,27,28,29],"marque":[171],"class_list":{"0":"post-14071","1":"product","2":"type-product","3":"status-publish","4":"has-post-thumbnail","6":"product_cat-liste-additionnelle","7":"product_cat-perfusion-injection","8":"categorie_principale-cardiologie","9":"categorie_principale-gynecologie","10":"categorie_principale-laboratoire","11":"categorie_principale-medecine-generale","12":"categorie_principale-permanence-hopital","13":"marque-b-braun","15":"first","16":"instock","17":"taxable","18":"shipping-taxable","19":"purchasable","20":"product-type-simple"},"supplier_id":null,"supplier_sku":"","atum_controlled":true,"out_stock_date":null,"out_stock_threshold":null,"inheritable":false,"inbound_stock":null,"stock_on_hold":0,"sold_today":0,"sales_last_days":1,"reserved_stock":null,"customer_returns":null,"warehouse_damage":null,"lost_in_post":null,"other_logs":null,"out_stock_days":0,"lost_sales":0,"has_location":true,"update_date":"2026-04-08T00:03:53","atum_locations":[{"id":373,"name":"Officine","slug":"officine"}],"atum_stock_status":"instock","restock_status":false,"low_stock_amount":"","sales_update_date":"2026-04-08T00:03:53","calc_backorders":null,"acf":[],"_links":{"self":[{"href":"https:\/\/softymed.ch\/de\/wp-json\/wp\/v2\/product\/14071","targetHints":{"allow":["GET"]}}],"collection":[{"href":"https:\/\/softymed.ch\/de\/wp-json\/wp\/v2\/product"}],"about":[{"href":"https:\/\/softymed.ch\/de\/wp-json\/wp\/v2\/types\/product"}],"wp:featuredmedia":[{"embeddable":true,"href":"https:\/\/softymed.ch\/de\/wp-json\/wp\/v2\/media\/14075"}],"wp:attachment":[{"href":"https:\/\/softymed.ch\/de\/wp-json\/wp\/v2\/media?parent=14071"}],"wp:term":[{"taxonomy":"product_brand","embeddable":true,"href":"https:\/\/softymed.ch\/de\/wp-json\/wp\/v2\/product_brand?post=14071"},{"taxonomy":"product_cat","embeddable":true,"href":"https:\/\/softymed.ch\/de\/wp-json\/wp\/v2\/product_cat?post=14071"},{"taxonomy":"product_tag","embeddable":true,"href":"https:\/\/softymed.ch\/de\/wp-json\/wp\/v2\/product_tag?post=14071"},{"taxonomy":"categorie_principale","embeddable":true,"href":"https:\/\/softymed.ch\/de\/wp-json\/wp\/v2\/categorie_principale?post=14071"},{"taxonomy":"marque","embeddable":true,"href":"https:\/\/softymed.ch\/de\/wp-json\/wp\/v2\/marque?post=14071"}],"curies":[{"name":"wp","href":"https:\/\/api.w.org\/{rel}","templated":true}]}}