{"id":13979,"date":"2025-08-26T14:42:23","date_gmt":"2025-08-26T12:42:23","guid":{"rendered":"https:\/\/softymed.ch\/?post_type=product&#038;p=13979"},"modified":"2025-08-28T19:50:52","modified_gmt":"2025-08-28T17:50:52","slug":"kit-luxascope-auris-led-3-7v-reloaded","status":"publish","type":"product","link":"https:\/\/softymed.ch\/de\/boutique\/appareils-equipements\/kit-luxascope-auris-led-3-7v-recharg\/","title":{"rendered":"Kit LuxaScope Auris LED 3.7V auflad."},"content":{"rendered":"<p><strong>Merkmale<\/strong><\/p>\n<p><strong>Otoskop<\/strong><br \/>\nBeleuchtung: LED-Ring mit 6 LEDs (konzentrisch), keine Glasfaser, das Sichtfeld ist nicht eingeschr\u00e4nkt.<br \/>\n-Wartungsfrei, da kein Auswechseln der Gl\u00fchbirne erforderlich ist<br \/>\n-M\u00f6glichkeit, die Helligkeit zu dimmen<br \/>\n-Automatische Abschaltung nach 3 Minuten<br \/>\nLED-Lebensdauer: ca. 100.000 Stunden bei konstantem Stromverbrauch<br \/>\n-Beleuchtungsst\u00e4rke: ca. 10.000 Lux<br \/>\n-Farbtemperatur: ca. 4.200 K<br \/>\n-Optimiertes Kopfdesign<br \/>\nSchwenklupe, 3-fache Vergr\u00f6\u00dferung<br \/>\n-Einblas\u00f6ffnung f\u00fcr pneumatischen Test<br \/>\nGriff aus zwei Materialien: Aluminium und glasfaserverst\u00e4rktem Kunststoff, kompatibel mit dem Dermatoskopkopf und dem LuxaScope LED-Ophthalmoskop.<br \/>\n-Schalter in Form eines Druckknopfes EIN\/AUS<br \/>\nStromversorgung: 2x AAA Alkaline-Batterien, enthalten<br \/>\nInklusive 20 graue Einweg-Spekula, davon 10 mit 2,5 mm und 10 mit 4,0 mm.<\/p>\n<p><strong>Ophthalmoskop<\/strong><br \/>\n-Korrekturwerte: + 20 bis - 20 D (\u00b1 1 2 3 4 6 8 10 15 20 D)<br \/>\n-5 verschiedene Filter verf\u00fcgbar: gro\u00dfer Spot, kleiner Spot, Gr\u00fcnfilter, Halbmond und Fadenkreuz<br \/>\n-Beleuchtung: LED<br \/>\n-M\u00f6glichkeit, die Helligkeit zu dimmen, um Blendung zu vermeiden<br \/>\n-Automatische Abschaltung nach 3 Minuten<br \/>\n-Lebensdauer der LEDs: ca. 50.000 Stunden bei konstanter Stromzufuhr<br \/>\n-Farbtemperatur: ca. 4.200 K<br \/>\n-Optimiertes Kopfdesign<br \/>\nDer Griff besteht aus zwei Materialien: Aluminium und glasfaserverst\u00e4rktem Kunststoff, kompatibel mit Otoskop- und Dermatoskopk\u00f6pfen.<br \/>\n-LuxaScope LED<br \/>\n-Schalter in Form eines Druckknopfes EIN\/AUS<br \/>\nStromversorgung: 1 wiederaufladbarer Lithium-Ionen-Akku 3,7 V<br \/>\nInklusive Ladeger\u00e4t mit USB-Anschluss (EU\/UK\/US-Adapter)<\/p>","protected":false},"excerpt":{"rendered":"<p>Otoskop + Ophthalmoskop<\/p>","protected":false},"featured_media":13983,"template":"","meta":{"_acf_changed":false,"_seopress_robots_primary_cat":"none","_seopress_titles_title":"","_seopress_titles_desc":"","_seopress_robots_index":""},"product_brand":[],"product_cat":[163,122],"product_tag":[348],"categorie_principale":[165,32,28,29],"marque":[211],"class_list":{"0":"post-13979","1":"product","2":"type-product","3":"status-publish","4":"has-post-thumbnail","6":"product_cat-appareils-equipements","7":"product_cat-auscultation-diagnostic","8":"product_tag-nouveaute","9":"categorie_principale-autre","10":"categorie_principale-cardiologie","11":"categorie_principale-medecine-generale","12":"categorie_principale-permanence-hopital","13":"marque-spengler","15":"first","16":"instock","17":"taxable","18":"shipping-taxable","19":"purchasable","20":"product-type-simple"},"supplier_id":null,"supplier_sku":"","atum_controlled":true,"out_stock_date":null,"out_stock_threshold":null,"inheritable":false,"inbound_stock":null,"stock_on_hold":0,"sold_today":0,"sales_last_days":0,"reserved_stock":null,"customer_returns":null,"warehouse_damage":null,"lost_in_post":null,"other_logs":null,"out_stock_days":0,"lost_sales":0,"has_location":true,"update_date":"2026-04-08T00:03:42","atum_locations":[{"id":373,"name":"Officine","slug":"officine"}],"atum_stock_status":"instock","restock_status":false,"low_stock_amount":"","sales_update_date":"2026-04-08T00:03:42","calc_backorders":null,"acf":[],"_links":{"self":[{"href":"https:\/\/softymed.ch\/de\/wp-json\/wp\/v2\/product\/13979","targetHints":{"allow":["GET"]}}],"collection":[{"href":"https:\/\/softymed.ch\/de\/wp-json\/wp\/v2\/product"}],"about":[{"href":"https:\/\/softymed.ch\/de\/wp-json\/wp\/v2\/types\/product"}],"wp:featuredmedia":[{"embeddable":true,"href":"https:\/\/softymed.ch\/de\/wp-json\/wp\/v2\/media\/13983"}],"wp:attachment":[{"href":"https:\/\/softymed.ch\/de\/wp-json\/wp\/v2\/media?parent=13979"}],"wp:term":[{"taxonomy":"product_brand","embeddable":true,"href":"https:\/\/softymed.ch\/de\/wp-json\/wp\/v2\/product_brand?post=13979"},{"taxonomy":"product_cat","embeddable":true,"href":"https:\/\/softymed.ch\/de\/wp-json\/wp\/v2\/product_cat?post=13979"},{"taxonomy":"product_tag","embeddable":true,"href":"https:\/\/softymed.ch\/de\/wp-json\/wp\/v2\/product_tag?post=13979"},{"taxonomy":"categorie_principale","embeddable":true,"href":"https:\/\/softymed.ch\/de\/wp-json\/wp\/v2\/categorie_principale?post=13979"},{"taxonomy":"marque","embeddable":true,"href":"https:\/\/softymed.ch\/de\/wp-json\/wp\/v2\/marque?post=13979"}],"curies":[{"name":"wp","href":"https:\/\/api.w.org\/{rel}","templated":true}]}}