{"id":13799,"date":"2025-07-25T18:44:55","date_gmt":"2025-07-25T16:44:55","guid":{"rendered":"https:\/\/softymed.ch\/?post_type=product&#038;p=13799"},"modified":"2025-08-26T15:12:21","modified_gmt":"2025-08-26T13:12:21","slug":"smartled-otoscope-spengler-x-luxamed-edition","status":"publish","type":"product","link":"https:\/\/softymed.ch\/de\/boutique\/appareils-equipements\/otoscope-smartled-spengler-x-luxamed-edition\/","title":{"rendered":"Otoskop Smartled Spengler x Luxamed Edition"},"content":{"rendered":"<p><strong>Merkmale<\/strong><\/p>\n<p><strong>Design und Robustheit<\/strong><br \/>\n-L\u00e9ger (100gr), id\u00e9al pour un usage quotidien sans fatigue<br \/>\n-Manche en aluminium et en fibre de verre renforc\u00e9e<br \/>\nIkonische Spengler-Farbe<\/p>\n<p><strong>\u00c9clairement lumineux<\/strong><br \/>\n-Offre une luminosit\u00e9 de 10 000 Lux pour une observation claire<br \/>\n-Temp\u00e9rature des couleurs: 4.250 K<\/p>\n<p><strong>Technologische Innovation<\/strong><br \/>\n-Anneau de 6 LED concentriques plac\u00e9 \u00e0 l\u2019avant pour un champ de vision d\u00e9gag\u00e9, sans ombre<br \/>\n-Dur\u00e9e d\u2019utilisation prolong\u00e9e avec un courant constant, environ 100 000 heures<br \/>\n-Luminosit\u00e9 ajustable gr\u00e2ce \u00e0 une pression longue sur le bouton ON\/OFF<br \/>\n-Automatische Abschaltung nach 3 Minuten<\/p>\n<p>Qualit\u00e9 et innovation MADE IN GERMANY<br \/>\nInclus: 2 piles AAA\/LR03 + 20 sp\u00e9culums jetables (10 en 2.5 mm et 10 en 4 mm)<\/p>","protected":false},"excerpt":{"rendered":"<p>LED-Technologie<\/p>","protected":false},"featured_media":13972,"template":"","meta":{"_acf_changed":false,"_seopress_robots_primary_cat":"none","_seopress_titles_title":"","_seopress_titles_desc":"","_seopress_robots_index":""},"product_brand":[],"product_cat":[163,122],"product_tag":[],"categorie_principale":[32,28,29],"marque":[211],"class_list":{"0":"post-13799","1":"product","2":"type-product","3":"status-publish","4":"has-post-thumbnail","6":"product_cat-appareils-equipements","7":"product_cat-auscultation-diagnostic","8":"categorie_principale-cardiologie","9":"categorie_principale-medecine-generale","10":"categorie_principale-permanence-hopital","11":"marque-spengler","13":"first","14":"instock","15":"taxable","16":"shipping-taxable","17":"purchasable","18":"product-type-simple"},"supplier_id":null,"supplier_sku":"","atum_controlled":true,"out_stock_date":null,"out_stock_threshold":null,"inheritable":false,"inbound_stock":null,"stock_on_hold":0,"sold_today":0,"sales_last_days":0,"reserved_stock":null,"customer_returns":null,"warehouse_damage":null,"lost_in_post":null,"other_logs":null,"out_stock_days":0,"lost_sales":0,"has_location":true,"update_date":"2026-04-08T00:03:42","atum_locations":[{"id":373,"name":"Officine","slug":"officine"}],"atum_stock_status":"instock","restock_status":false,"low_stock_amount":"","sales_update_date":"2026-04-08T00:03:42","calc_backorders":null,"acf":[],"_links":{"self":[{"href":"https:\/\/softymed.ch\/de\/wp-json\/wp\/v2\/product\/13799","targetHints":{"allow":["GET"]}}],"collection":[{"href":"https:\/\/softymed.ch\/de\/wp-json\/wp\/v2\/product"}],"about":[{"href":"https:\/\/softymed.ch\/de\/wp-json\/wp\/v2\/types\/product"}],"wp:featuredmedia":[{"embeddable":true,"href":"https:\/\/softymed.ch\/de\/wp-json\/wp\/v2\/media\/13972"}],"wp:attachment":[{"href":"https:\/\/softymed.ch\/de\/wp-json\/wp\/v2\/media?parent=13799"}],"wp:term":[{"taxonomy":"product_brand","embeddable":true,"href":"https:\/\/softymed.ch\/de\/wp-json\/wp\/v2\/product_brand?post=13799"},{"taxonomy":"product_cat","embeddable":true,"href":"https:\/\/softymed.ch\/de\/wp-json\/wp\/v2\/product_cat?post=13799"},{"taxonomy":"product_tag","embeddable":true,"href":"https:\/\/softymed.ch\/de\/wp-json\/wp\/v2\/product_tag?post=13799"},{"taxonomy":"categorie_principale","embeddable":true,"href":"https:\/\/softymed.ch\/de\/wp-json\/wp\/v2\/categorie_principale?post=13799"},{"taxonomy":"marque","embeddable":true,"href":"https:\/\/softymed.ch\/de\/wp-json\/wp\/v2\/marque?post=13799"}],"curies":[{"name":"wp","href":"https:\/\/api.w.org\/{rel}","templated":true}]}}