{"id":13717,"date":"2025-07-21T14:54:34","date_gmt":"2025-07-21T12:54:34","guid":{"rendered":"https:\/\/softymed.ch\/?post_type=product&#038;p=13717"},"modified":"2026-02-19T15:04:44","modified_gmt":"2026-02-19T14:04:44","slug":"rhena-star","status":"publish","type":"product","link":"https:\/\/softymed.ch\/de\/boutique\/soin-des-plaies\/bandage\/rhena-star\/","title":{"rendered":"Rhena\u00ae Star"},"content":{"rendered":"<p>Rhena Star est une bande universelle \u00e0 \u00e9lasticit\u00e9 permanente avec une extensibilit\u00e9 de 110%. Elle est id\u00e9ale pour tous les bandages o\u00f9 une l\u00e9g\u00e8re compression est requise.<br \/>\nGr\u00e2ce \u00e0 sa proportion \u00e9lev\u00e9e de fibres naturelles, Rhena Star est particuli\u00e8rement hypoallerg\u00e9nique, douce et respirante.<\/p>\n<p>La proportion \u00e9lev\u00e9e de coton et l\u2019\u00e9lasticit\u00e9 exceptionnelle conf\u00e8rent \u00e0 Rhena Star un spectre tr\u00e8s large d\u2019applications. L\u2019\u00e9lasticit\u00e9 est conserv\u00e9e m\u00eame apr\u00e8s un port prolong\u00e9.<br \/>\nLa structure textile anti-d\u00e9rapante pr\u00e9vient tout glissement et garantit un ajustement parfait. La bande peut \u00eatre nettoy\u00e9e plusieurs fois sans s\u2019effilocher aux extr\u00e9mit\u00e9s.<\/p>\n<p><strong>Hinweise<\/strong><br \/>\n-Bandages compressifs l\u00e9gers<br \/>\n-Entlastungsverb\u00e4nde<br \/>\n-Nachbehandlung von Frakturen und Luxationen<br \/>\n-Fixation d\u2019attelles et de bandages<\/p>\n<p><strong>Merkmale<\/strong><br \/>\n-Bande \u00e9lastique \u00e0 extension moyenne.<br \/>\n-Indiqu\u00e9e pour la fixation et le soutien, mais peut aussi convenir comme bandage compressif.<br \/>\n-89% coton, 8% polyamide et 3% polyur\u00e9thane<br \/>\n-Extensibilit\u00e9 d&rsquo;env. 95%<\/p>","protected":false},"excerpt":{"rendered":"<p>Elastische Binde mit mittlerer Dehnung wei\u00df<\/p>","protected":false},"featured_media":13728,"template":"","meta":{"_acf_changed":false,"_seopress_robots_primary_cat":"none","_seopress_titles_title":"","_seopress_titles_desc":"","_seopress_robots_index":""},"product_brand":[],"product_cat":[241,104],"product_tag":[348],"categorie_principale":[31,28,30,29],"marque":[107],"class_list":{"0":"post-13717","1":"product","2":"type-product","3":"status-publish","4":"has-post-thumbnail","6":"product_cat-bandage","7":"product_cat-soin-des-plaies","8":"product_tag-nouveaute","9":"categorie_principale-gynecologie","10":"categorie_principale-medecine-generale","11":"categorie_principale-orthopedie","12":"categorie_principale-permanence-hopital","13":"marque-hartmann","15":"first","16":"instock","17":"taxable","18":"shipping-taxable","19":"purchasable","20":"product-type-variable"},"supplier_id":null,"supplier_sku":"","atum_controlled":true,"out_stock_date":null,"out_stock_threshold":null,"inheritable":true,"inbound_stock":null,"stock_on_hold":0,"sold_today":0,"sales_last_days":0,"reserved_stock":null,"customer_returns":null,"warehouse_damage":null,"lost_in_post":null,"other_logs":null,"out_stock_days":0,"lost_sales":0,"has_location":true,"update_date":"2026-04-08T00:03:43","atum_locations":[{"id":373,"name":"Officine","slug":"officine"}],"atum_stock_status":"instock","restock_status":false,"low_stock_amount":"","sales_update_date":"2026-04-08T00:03:43","calc_backorders":null,"acf":[],"_links":{"self":[{"href":"https:\/\/softymed.ch\/de\/wp-json\/wp\/v2\/product\/13717","targetHints":{"allow":["GET"]}}],"collection":[{"href":"https:\/\/softymed.ch\/de\/wp-json\/wp\/v2\/product"}],"about":[{"href":"https:\/\/softymed.ch\/de\/wp-json\/wp\/v2\/types\/product"}],"wp:featuredmedia":[{"embeddable":true,"href":"https:\/\/softymed.ch\/de\/wp-json\/wp\/v2\/media\/13728"}],"wp:attachment":[{"href":"https:\/\/softymed.ch\/de\/wp-json\/wp\/v2\/media?parent=13717"}],"wp:term":[{"taxonomy":"product_brand","embeddable":true,"href":"https:\/\/softymed.ch\/de\/wp-json\/wp\/v2\/product_brand?post=13717"},{"taxonomy":"product_cat","embeddable":true,"href":"https:\/\/softymed.ch\/de\/wp-json\/wp\/v2\/product_cat?post=13717"},{"taxonomy":"product_tag","embeddable":true,"href":"https:\/\/softymed.ch\/de\/wp-json\/wp\/v2\/product_tag?post=13717"},{"taxonomy":"categorie_principale","embeddable":true,"href":"https:\/\/softymed.ch\/de\/wp-json\/wp\/v2\/categorie_principale?post=13717"},{"taxonomy":"marque","embeddable":true,"href":"https:\/\/softymed.ch\/de\/wp-json\/wp\/v2\/marque?post=13717"}],"curies":[{"name":"wp","href":"https:\/\/api.w.org\/{rel}","templated":true}]}}