{"id":13600,"date":"2025-07-22T12:07:59","date_gmt":"2025-07-22T10:07:59","guid":{"rendered":"https:\/\/softymed.ch\/?post_type=product&#038;p=13600"},"modified":"2026-03-31T11:22:57","modified_gmt":"2026-03-31T09:22:57","slug":"mediset-cupule-250ml","status":"publish","type":"product","link":"https:\/\/softymed.ch\/de\/boutique\/petite-chirurgie-suture\/mediset-cupule-250ml\/","title":{"rendered":"MediSet\u00ae"},"content":{"rendered":"<p>Les cupules MediSet\u00ae, d&rsquo;une contenance de 250 ml, servent \u00e0 recueillir les liquides ou les instruments m\u00e9dicaux pendant le traitement. Ils sont emball\u00e9s individuellement de mani\u00e8re st\u00e9rile et conviennent donc parfaitement \u00e0 l&rsquo;utilisation dans les blocs op\u00e9ratoires.<\/p>\n<p><strong>Merkmale<\/strong><br \/>\n-Pour la collecte de liquides et d&rsquo;instruments m\u00e9dicaux<br \/>\n-Capacit\u00e9: 250 ml<br \/>\n-Sterile Einzelverpackung<br \/>\n-Parfait pour les blocs op\u00e9ratoires<br \/>\n-Particuli\u00e8rement hygi\u00e9nique<\/p>","protected":false},"excerpt":{"rendered":"<p>Steriler 250-ml-Chirurgiebecher<\/p>","protected":false},"featured_media":13603,"template":"","meta":{"_acf_changed":false,"_seopress_robots_primary_cat":"none","_seopress_titles_title":"","_seopress_titles_desc":"","_seopress_robots_index":""},"product_brand":[],"product_cat":[134,103,104],"product_tag":[],"categorie_principale":[165,31,28,29],"marque":[107],"class_list":{"0":"post-13600","1":"product","2":"type-product","3":"status-publish","4":"has-post-thumbnail","6":"product_cat-petite-chirurgie-suture","7":"product_cat-sets-de-soin","8":"product_cat-soin-des-plaies","9":"categorie_principale-autre","10":"categorie_principale-gynecologie","11":"categorie_principale-medecine-generale","12":"categorie_principale-permanence-hopital","13":"marque-hartmann","15":"first","16":"instock","17":"taxable","18":"shipping-taxable","19":"purchasable","20":"product-type-simple"},"supplier_id":null,"supplier_sku":"","atum_controlled":true,"out_stock_date":null,"out_stock_threshold":null,"inheritable":false,"inbound_stock":null,"stock_on_hold":0,"sold_today":0,"sales_last_days":0,"reserved_stock":null,"customer_returns":null,"warehouse_damage":null,"lost_in_post":null,"other_logs":null,"out_stock_days":0,"lost_sales":0,"has_location":true,"update_date":"2026-04-08T00:03:56","atum_locations":[{"id":373,"name":"Officine","slug":"officine"}],"atum_stock_status":"instock","restock_status":false,"low_stock_amount":"","sales_update_date":"2026-04-08T00:03:55","calc_backorders":null,"acf":[],"_links":{"self":[{"href":"https:\/\/softymed.ch\/de\/wp-json\/wp\/v2\/product\/13600","targetHints":{"allow":["GET"]}}],"collection":[{"href":"https:\/\/softymed.ch\/de\/wp-json\/wp\/v2\/product"}],"about":[{"href":"https:\/\/softymed.ch\/de\/wp-json\/wp\/v2\/types\/product"}],"wp:featuredmedia":[{"embeddable":true,"href":"https:\/\/softymed.ch\/de\/wp-json\/wp\/v2\/media\/13603"}],"wp:attachment":[{"href":"https:\/\/softymed.ch\/de\/wp-json\/wp\/v2\/media?parent=13600"}],"wp:term":[{"taxonomy":"product_brand","embeddable":true,"href":"https:\/\/softymed.ch\/de\/wp-json\/wp\/v2\/product_brand?post=13600"},{"taxonomy":"product_cat","embeddable":true,"href":"https:\/\/softymed.ch\/de\/wp-json\/wp\/v2\/product_cat?post=13600"},{"taxonomy":"product_tag","embeddable":true,"href":"https:\/\/softymed.ch\/de\/wp-json\/wp\/v2\/product_tag?post=13600"},{"taxonomy":"categorie_principale","embeddable":true,"href":"https:\/\/softymed.ch\/de\/wp-json\/wp\/v2\/categorie_principale?post=13600"},{"taxonomy":"marque","embeddable":true,"href":"https:\/\/softymed.ch\/de\/wp-json\/wp\/v2\/marque?post=13600"}],"curies":[{"name":"wp","href":"https:\/\/api.w.org\/{rel}","templated":true}]}}