{"id":13464,"date":"2025-06-25T17:37:46","date_gmt":"2025-06-25T15:37:46","guid":{"rendered":"https:\/\/softymed.ch\/?post_type=product&#038;p=13464"},"modified":"2026-03-31T11:22:17","modified_gmt":"2026-03-31T09:22:17","slug":"pfannenwender-mit-loffel","status":"publish","type":"product","link":"https:\/\/softymed.ch\/de\/boutique\/chimie-hematologie\/spatule-avec-cuillere\/","title":{"rendered":"Pfannenwender mit L\u00f6ffel"},"content":{"rendered":"<p>Ces spatules d&rsquo;\u00e9chantillonnage \u00e9prouv\u00e9es permettent d&rsquo;\u00e9chantillonner ou de traiter facilement et en toute s\u00e9curit\u00e9 diff\u00e9rents milieux, par exemple des poudres, des granul\u00e9s, des p\u00e2tes ou des liquides.<br \/>\n\u00c0 double face, elles ont un c\u00f4t\u00e9 en forme de cuill\u00e8re et l&rsquo;autre en forme de spatule classique et sont produites en salle blanche de classe 7 (10.000).<\/p>\n<p>En laboratoire, la cuill\u00e8re avec spatule peut \u00eatre utilis\u00e9e de diff\u00e9rentes mani\u00e8res, comme cuill\u00e8re d&rsquo;\u00e9chantillonnage, pour la mesure ou le transvasement de petites quantit\u00e9s, comme racleur ou pour m\u00e9langer et remuer.<\/p>\n<p><strong>Merkmale<\/strong><br \/>\n-Cuill\u00e8re \u00e0 \u00e9chantillons \u00e0 usage unique<br \/>\n-Volumen: 0.5 ml<br \/>\n-En polystyr\u00e8ne blanc<br \/>\n-Longueur ext\u00e9rieure L x P: 178 x 16 mm<br \/>\nGMP-konform: nein<br \/>\n-St\u00e9rilis\u00e9 aux rayons gamma: non<br \/>\n-Autoklavierbar: nein<br \/>\n-Entspricht den Lebensmittelrichtlinien der EU und der FDA<br \/>\n-Gro\u00dfpackung mit 100 Spateln<\/p>","protected":false},"excerpt":{"rendered":"<p>Nicht steril, zum einmaligen Gebrauch<\/p>","protected":false},"featured_media":13465,"template":"","meta":{"_acf_changed":false,"_seopress_robots_primary_cat":"none","_seopress_titles_title":"","_seopress_titles_desc":"","_seopress_robots_index":""},"product_brand":[],"product_cat":[123,131,132],"product_tag":[],"categorie_principale":[165,27],"marque":[376],"class_list":{"0":"post-13464","1":"product","2":"type-product","3":"status-publish","4":"has-post-thumbnail","6":"product_cat-chimie-hematologie","7":"product_cat-microbiologie","8":"product_cat-microscopie","9":"categorie_principale-autre","10":"categorie_principale-laboratoire","11":"marque-burkle","13":"first","14":"instock","15":"taxable","16":"shipping-taxable","17":"purchasable","18":"product-type-simple"},"supplier_id":null,"supplier_sku":"","atum_controlled":true,"out_stock_date":null,"out_stock_threshold":null,"inheritable":false,"inbound_stock":null,"stock_on_hold":0,"sold_today":0,"sales_last_days":0,"reserved_stock":null,"customer_returns":null,"warehouse_damage":null,"lost_in_post":null,"other_logs":null,"out_stock_days":0,"lost_sales":0,"has_location":true,"update_date":"2026-04-09T00:03:57","atum_locations":[{"id":373,"name":"Officine","slug":"officine"}],"atum_stock_status":"instock","restock_status":false,"low_stock_amount":"","sales_update_date":"2026-04-09T00:03:57","calc_backorders":null,"acf":[],"_links":{"self":[{"href":"https:\/\/softymed.ch\/de\/wp-json\/wp\/v2\/product\/13464","targetHints":{"allow":["GET"]}}],"collection":[{"href":"https:\/\/softymed.ch\/de\/wp-json\/wp\/v2\/product"}],"about":[{"href":"https:\/\/softymed.ch\/de\/wp-json\/wp\/v2\/types\/product"}],"wp:featuredmedia":[{"embeddable":true,"href":"https:\/\/softymed.ch\/de\/wp-json\/wp\/v2\/media\/13465"}],"wp:attachment":[{"href":"https:\/\/softymed.ch\/de\/wp-json\/wp\/v2\/media?parent=13464"}],"wp:term":[{"taxonomy":"product_brand","embeddable":true,"href":"https:\/\/softymed.ch\/de\/wp-json\/wp\/v2\/product_brand?post=13464"},{"taxonomy":"product_cat","embeddable":true,"href":"https:\/\/softymed.ch\/de\/wp-json\/wp\/v2\/product_cat?post=13464"},{"taxonomy":"product_tag","embeddable":true,"href":"https:\/\/softymed.ch\/de\/wp-json\/wp\/v2\/product_tag?post=13464"},{"taxonomy":"categorie_principale","embeddable":true,"href":"https:\/\/softymed.ch\/de\/wp-json\/wp\/v2\/categorie_principale?post=13464"},{"taxonomy":"marque","embeddable":true,"href":"https:\/\/softymed.ch\/de\/wp-json\/wp\/v2\/marque?post=13464"}],"curies":[{"name":"wp","href":"https:\/\/api.w.org\/{rel}","templated":true}]}}