{"id":13332,"date":"2025-05-28T16:43:23","date_gmt":"2025-05-28T14:43:23","guid":{"rendered":"https:\/\/softymed.ch\/?post_type=product&#038;p=13332"},"modified":"2026-02-04T11:01:22","modified_gmt":"2026-02-04T10:01:22","slug":"einweg-sondenkappen","status":"publish","type":"product","link":"https:\/\/softymed.ch\/de\/boutique\/auscultation-diagnostic\/capuchons-de-sonde-jetables\/","title":{"rendered":"Einweg-Sondenkappen"},"content":{"rendered":"<p>Capuchons de sonde jetables, r\u00e9duit les contaminations crois\u00e9es lors de la prise de mesure faite \u00e0 l&rsquo;aide du thermom\u00e8tre auriculaire ThermoScan PRO 6000.<\/p>\n<p><strong>Merkmale<\/strong><br \/>\nThermoScan PRO 4000 und PRO 6000 Einweg-Sondenkappen<br \/>\n-Avec rev\u00eatement souple<br \/>\n-Hoher Komfort f\u00fcr Patienten<br \/>\n-\u00c0 usage unique &#8211; r\u00e9duit le risque de contamination crois\u00e9e<br \/>\n-\u00c9limination rapide et sans contact<br \/>\n-Carton de 200 pi\u00e8ces<\/p>","protected":false},"excerpt":{"rendered":"<p>F\u00fcr ThermoScan PRO 4000 und PRO 6000<\/p>","protected":false},"featured_media":13333,"template":"","meta":{"_acf_changed":false,"_seopress_robots_primary_cat":"none","_seopress_titles_title":"","_seopress_titles_desc":"","_seopress_robots_index":""},"product_brand":[],"product_cat":[122],"product_tag":[348],"categorie_principale":[165,31,28,29],"marque":[374],"class_list":{"0":"post-13332","1":"product","2":"type-product","3":"status-publish","4":"has-post-thumbnail","6":"product_cat-auscultation-diagnostic","7":"product_tag-nouveaute","8":"categorie_principale-autre","9":"categorie_principale-gynecologie","10":"categorie_principale-medecine-generale","11":"categorie_principale-permanence-hopital","12":"marque-welch-allyn","14":"first","15":"instock","16":"taxable","17":"shipping-taxable","18":"purchasable","19":"product-type-simple"},"supplier_id":null,"supplier_sku":"","atum_controlled":true,"out_stock_date":null,"out_stock_threshold":null,"inheritable":false,"inbound_stock":null,"stock_on_hold":0,"sold_today":0,"sales_last_days":0,"reserved_stock":null,"customer_returns":null,"warehouse_damage":null,"lost_in_post":null,"other_logs":null,"out_stock_days":0,"lost_sales":0,"has_location":true,"update_date":"2026-04-09T00:03:42","atum_locations":[{"id":373,"name":"Officine","slug":"officine"}],"atum_stock_status":"instock","restock_status":false,"low_stock_amount":"","sales_update_date":"2026-04-09T00:03:42","calc_backorders":null,"acf":[],"_links":{"self":[{"href":"https:\/\/softymed.ch\/de\/wp-json\/wp\/v2\/product\/13332","targetHints":{"allow":["GET"]}}],"collection":[{"href":"https:\/\/softymed.ch\/de\/wp-json\/wp\/v2\/product"}],"about":[{"href":"https:\/\/softymed.ch\/de\/wp-json\/wp\/v2\/types\/product"}],"wp:featuredmedia":[{"embeddable":true,"href":"https:\/\/softymed.ch\/de\/wp-json\/wp\/v2\/media\/13333"}],"wp:attachment":[{"href":"https:\/\/softymed.ch\/de\/wp-json\/wp\/v2\/media?parent=13332"}],"wp:term":[{"taxonomy":"product_brand","embeddable":true,"href":"https:\/\/softymed.ch\/de\/wp-json\/wp\/v2\/product_brand?post=13332"},{"taxonomy":"product_cat","embeddable":true,"href":"https:\/\/softymed.ch\/de\/wp-json\/wp\/v2\/product_cat?post=13332"},{"taxonomy":"product_tag","embeddable":true,"href":"https:\/\/softymed.ch\/de\/wp-json\/wp\/v2\/product_tag?post=13332"},{"taxonomy":"categorie_principale","embeddable":true,"href":"https:\/\/softymed.ch\/de\/wp-json\/wp\/v2\/categorie_principale?post=13332"},{"taxonomy":"marque","embeddable":true,"href":"https:\/\/softymed.ch\/de\/wp-json\/wp\/v2\/marque?post=13332"}],"curies":[{"name":"wp","href":"https:\/\/api.w.org\/{rel}","templated":true}]}}