{"id":13080,"date":"2025-04-23T11:06:45","date_gmt":"2025-04-23T09:06:45","guid":{"rendered":"https:\/\/softymed.ch\/?post_type=product&#038;p=13080"},"modified":"2026-03-31T16:05:02","modified_gmt":"2026-03-31T14:05:02","slug":"bd-venflon-pro-safety-mit-instaflash","status":"publish","type":"product","link":"https:\/\/softymed.ch\/de\/boutique\/liste-additionnelle\/bd-venflon-pro-safety-avec-instaflash\/","title":{"rendered":"BD Venflon Pro Safety\u2122 mit Instaflash\u2122"},"content":{"rendered":"<p>Der BD Venflon\u2122 Pro Safety mit Instaflash\u2122-Technologie vereint hohe Sicherheit und Komfort in einem innovativen Design. Der integrierte Sicherheitsmechanismus sch\u00fctzt zuverl\u00e4ssig vor Nadelstichverletzungen, w\u00e4hrend das seitliche Injektionsventil mit Snap-Cap ein ber\u00fchrungsfreies Arbeiten erm\u00f6glicht. Die spezielle Abschr\u00e4gung der Nadel garantiert eine atraumatische und schmerzarme Punktion, was den Komfort f\u00fcr den Patienten erh\u00f6ht.<\/p>\n<p>Die Instaflash\u2122-Technologie best\u00e4tigt auch sofort den erfolgreichen Gef\u00e4\u00dfzugang und erh\u00f6ht die Erfolgsrate der ersten Punktion, wodurch Misserfolge erheblich reduziert werden. Der aus dem einzigartigen BD Vialon\u2122-Polyurethan hergestellte Katheter passt sich dem Gewebe an und erm\u00f6glicht eine l\u00e4ngere Retentionszeit, wodurch das Risiko einer mechanischen Phlebitis minimiert und die Behandlung f\u00fcr den Patienten angenehmer wird.<\/p>\n<p><strong>Merkmale<\/strong><br \/>\n-BD Venflon\u2122 Pro Safety mit Instaflash\u2122<br \/>\n-Intraven\u00f6ser Katheter mit Sicherheitsmechanismus<br \/>\n-Sch\u00fctzt zuverl\u00e4ssig vor Nadelstichverletzungen<br \/>\n-Mit seitlichem Injektionsventil und Snap-Cap<br \/>\n-F\u00f6rdert ber\u00fchrungsloses Arbeiten<br \/>\n-Spezieller Schnitt der Kan\u00fcle f\u00fcr eine atraumatische und schmerzarme Punktion<br \/>\n-Verbessert den Komfort des Patienten<br \/>\nDie Instaflash-Kan\u00fclentechnologie best\u00e4tigt sofort den Zugang zum Schiff<br \/>\n-Garantiert eine h\u00f6here Erfolgsquote bei der ersten Punktion<br \/>\n-Reduziert die Anzahl der fehlgeschlagenen Punktionen<br \/>\n-Gr\u00f6\u00dfere Stabilit\u00e4t in der Vene durch flexible Fl\u00fcgel<br \/>\n-Erm\u00f6glicht eine bequeme und sichere Befestigung<br \/>\n-Ergonomischer Griff f\u00fcr eine Vielzahl von Anwendungstechniken<br \/>\n-Nach dem Gebrauch ist die Nadel vollst\u00e4ndig von einer Schutzkappe umschlossen<br \/>\nGeringes Verletzungs- und Kontaminationsrisiko<br \/>\nEinzigartiger BD Vialon Polyurethan-Katheter<br \/>\n-Wird im Gewebe weicher und geschmeidiger<br \/>\n-Erlaubt es dem Katheter, l\u00e4nger an Ort und Stelle zu bleiben<br \/>\n-Geringeres Risiko einer mechanischen Phlebitis<br \/>\n-Sterile Einzelverpackung<br \/>\n-F\u00fcr den hygienischen und einmaligen Gebrauch<br \/>\nCE-zertifiziert<br \/>\nLatex- und PVC-frei<br \/>\n-Erh\u00e4ltlich in verschiedenen Gr\u00f6\u00dfen (Farbcode)<\/p>","protected":false},"excerpt":{"rendered":"<p>IV-Katheter mit Sicherheitsmechanismus<\/p>","protected":false},"featured_media":13621,"template":"","meta":{"_acf_changed":false,"_seopress_robots_primary_cat":"none","_seopress_titles_title":"","_seopress_titles_desc":"","_seopress_robots_index":""},"product_brand":[],"product_cat":[288,133],"product_tag":[348],"categorie_principale":[32,31,28,29],"marque":[172],"class_list":{"0":"post-13080","1":"product","2":"type-product","3":"status-publish","4":"has-post-thumbnail","6":"product_cat-liste-additionnelle","7":"product_cat-perfusion-injection","8":"product_tag-nouveaute","9":"categorie_principale-cardiologie","10":"categorie_principale-gynecologie","11":"categorie_principale-medecine-generale","12":"categorie_principale-permanence-hopital","13":"marque-becton-dickinson","15":"first","16":"instock","17":"taxable","18":"shipping-taxable","19":"purchasable","20":"product-type-variable"},"supplier_id":null,"supplier_sku":"","atum_controlled":true,"out_stock_date":null,"out_stock_threshold":null,"inheritable":true,"inbound_stock":0,"stock_on_hold":0,"sold_today":0,"sales_last_days":3,"reserved_stock":0,"customer_returns":0,"warehouse_damage":0,"lost_in_post":0,"other_logs":0,"out_stock_days":0,"lost_sales":0,"has_location":true,"update_date":"2026-04-08T00:04:00","atum_locations":[{"id":373,"name":"Officine","slug":"officine"}],"atum_stock_status":"instock","restock_status":false,"low_stock_amount":"","sales_update_date":"2026-04-08T00:04:00","calc_backorders":null,"acf":[],"_links":{"self":[{"href":"https:\/\/softymed.ch\/de\/wp-json\/wp\/v2\/product\/13080","targetHints":{"allow":["GET"]}}],"collection":[{"href":"https:\/\/softymed.ch\/de\/wp-json\/wp\/v2\/product"}],"about":[{"href":"https:\/\/softymed.ch\/de\/wp-json\/wp\/v2\/types\/product"}],"wp:featuredmedia":[{"embeddable":true,"href":"https:\/\/softymed.ch\/de\/wp-json\/wp\/v2\/media\/13621"}],"wp:attachment":[{"href":"https:\/\/softymed.ch\/de\/wp-json\/wp\/v2\/media?parent=13080"}],"wp:term":[{"taxonomy":"product_brand","embeddable":true,"href":"https:\/\/softymed.ch\/de\/wp-json\/wp\/v2\/product_brand?post=13080"},{"taxonomy":"product_cat","embeddable":true,"href":"https:\/\/softymed.ch\/de\/wp-json\/wp\/v2\/product_cat?post=13080"},{"taxonomy":"product_tag","embeddable":true,"href":"https:\/\/softymed.ch\/de\/wp-json\/wp\/v2\/product_tag?post=13080"},{"taxonomy":"categorie_principale","embeddable":true,"href":"https:\/\/softymed.ch\/de\/wp-json\/wp\/v2\/categorie_principale?post=13080"},{"taxonomy":"marque","embeddable":true,"href":"https:\/\/softymed.ch\/de\/wp-json\/wp\/v2\/marque?post=13080"}],"curies":[{"name":"wp","href":"https:\/\/api.w.org\/{rel}","templated":true}]}}