{"id":12678,"date":"2025-03-03T14:29:44","date_gmt":"2025-03-03T13:29:44","guid":{"rendered":"https:\/\/softymed.ch\/?post_type=product&#038;p=12678"},"modified":"2026-04-08T17:22:08","modified_gmt":"2026-04-08T15:22:08","slug":"sterican-sklerose","status":"publish","type":"product","link":"https:\/\/softymed.ch\/de\/boutique\/liste-additionnelle\/sterican-sclerose\/","title":{"rendered":"Sterican\u00ae Sklerosierung"},"content":{"rendered":"<p>Die Sterican\u00ae Einmalkan\u00fclen in Packungen zu 100 St\u00fcck sind heute dank ihrer un\u00fcbertroffenen Qualit\u00e4tsverarbeitung und ihres umfassenden Sortiments der Ma\u00dfstab f\u00fcr Hypodermie.<\/p>\n<p>Die medizinischen Nadeln des Sterican\u00ae-Programms decken den Gro\u00dfteil des Bedarfs in Arztpraxen, Krankenh\u00e4usern und Kliniken ab. Mit einer L\u00e4nge von 12 bis 70 mm eignen sich die Sterican\u00ae Subkutannadeln f\u00fcr die g\u00e4ngigsten medizinischen Injektionen: intramuskul\u00e4re, intraven\u00f6se oder intraarterielle Injektionen sowie subkutane Injektionen.<\/p>\n<p><strong>Merkmale<\/strong><br \/>\nRohr aus rostfreiem Chrom-Nickel-Stahl<br \/>\n-D\u00fcnne Wand und dreifach abgeschr\u00e4gte Spitze f\u00fcr eine schmerzfreie Punktion<br \/>\n-Scheren mit unterschiedlicher L\u00e4nge je nach Indikation<br \/>\n-Silikonbeschichtung f\u00fcr schmerzfreies Eindringen<br \/>\n-Durchsichtiger, farbiger Sockel aus Popypropylen<br \/>\nLuer-Lock-Befestigungsspitze<br \/>\n-Latexfrei<br \/>\n-Sterilisation mit Ethylenoxid<\/p>","protected":false},"excerpt":{"rendered":"<p>Nadel zur Sklerosierung von Krampfadern<\/p>","protected":false},"featured_media":12682,"template":"","meta":{"_acf_changed":false,"_seopress_robots_primary_cat":"none","_seopress_titles_title":"","_seopress_titles_desc":"","_seopress_robots_index":""},"product_brand":[],"product_cat":[288,133],"product_tag":[],"categorie_principale":[31,27,28,29],"marque":[171],"class_list":{"0":"post-12678","1":"product","2":"type-product","3":"status-publish","4":"has-post-thumbnail","6":"product_cat-liste-additionnelle","7":"product_cat-perfusion-injection","8":"categorie_principale-gynecologie","9":"categorie_principale-laboratoire","10":"categorie_principale-medecine-generale","11":"categorie_principale-permanence-hopital","12":"marque-b-braun","14":"first","15":"instock","16":"taxable","17":"shipping-taxable","18":"purchasable","19":"product-type-simple"},"supplier_id":null,"supplier_sku":"","atum_controlled":true,"out_stock_date":null,"out_stock_threshold":null,"inheritable":false,"inbound_stock":0,"stock_on_hold":6,"sold_today":0,"sales_last_days":4,"reserved_stock":0,"customer_returns":0,"warehouse_damage":0,"lost_in_post":0,"other_logs":0,"out_stock_days":0,"lost_sales":0,"has_location":true,"update_date":"2026-04-08T15:22:17","atum_locations":[{"id":373,"name":"Officine","slug":"officine"}],"atum_stock_status":"instock","restock_status":false,"low_stock_amount":"","sales_update_date":"2026-04-08T15:22:17","calc_backorders":null,"acf":[],"_links":{"self":[{"href":"https:\/\/softymed.ch\/de\/wp-json\/wp\/v2\/product\/12678","targetHints":{"allow":["GET"]}}],"collection":[{"href":"https:\/\/softymed.ch\/de\/wp-json\/wp\/v2\/product"}],"about":[{"href":"https:\/\/softymed.ch\/de\/wp-json\/wp\/v2\/types\/product"}],"wp:featuredmedia":[{"embeddable":true,"href":"https:\/\/softymed.ch\/de\/wp-json\/wp\/v2\/media\/12682"}],"wp:attachment":[{"href":"https:\/\/softymed.ch\/de\/wp-json\/wp\/v2\/media?parent=12678"}],"wp:term":[{"taxonomy":"product_brand","embeddable":true,"href":"https:\/\/softymed.ch\/de\/wp-json\/wp\/v2\/product_brand?post=12678"},{"taxonomy":"product_cat","embeddable":true,"href":"https:\/\/softymed.ch\/de\/wp-json\/wp\/v2\/product_cat?post=12678"},{"taxonomy":"product_tag","embeddable":true,"href":"https:\/\/softymed.ch\/de\/wp-json\/wp\/v2\/product_tag?post=12678"},{"taxonomy":"categorie_principale","embeddable":true,"href":"https:\/\/softymed.ch\/de\/wp-json\/wp\/v2\/categorie_principale?post=12678"},{"taxonomy":"marque","embeddable":true,"href":"https:\/\/softymed.ch\/de\/wp-json\/wp\/v2\/marque?post=12678"}],"curies":[{"name":"wp","href":"https:\/\/api.w.org\/{rel}","templated":true}]}}