{"id":10346,"date":"2025-02-27T12:43:31","date_gmt":"2025-02-27T11:43:31","guid":{"rendered":"https:\/\/softymed.ch\/?post_type=product&#038;p=10346"},"modified":"2026-03-27T15:59:01","modified_gmt":"2026-03-27T14:59:01","slug":"bd-venflon-pro-safety","status":"publish","type":"product","link":"https:\/\/softymed.ch\/de\/boutique\/liste-additionnelle\/bd-venflon-pro-safety\/","title":{"rendered":"BD Venflon Pro Safety"},"content":{"rendered":"<p>Le BD Venflon Pro Safety\u2122 BD est un cath\u00e9ter veineux, dont le m\u00e9canisme de s\u00e9curit\u00e9 se d\u00e9clenche automatiquement lorsque l&rsquo;aiguille est retir\u00e9e. Le m\u00e9canisme de s\u00e9curit\u00e9 irr\u00e9versible assure un haut niveau de protection contre les blessures par coupure et \u00e9raflure.<\/p>\n<p>Le cath\u00e9ter en polyur\u00e9thane est non seulement r\u00e9sistant aux pliures, mais il offre \u00e9galement un d\u00e9bit constant, une biocompatibilit\u00e9 \u00e9lev\u00e9e et un bon contraste aux rayons X.<\/p>\n<p><strong>Merkmale<\/strong><br \/>\n-Venflon Pro Safety\u2122<br \/>\n-Cath\u00e9ter intraveineux de s\u00e9curit\u00e9<br \/>\n-Soupape d&rsquo;injection int\u00e9gr\u00e9e avec fermeture \u00e0 d\u00e9clic<br \/>\n-Le m\u00e9canisme de s\u00e9curit\u00e9 est activ\u00e9 automatiquement<br \/>\n-Eine schmerzfreie Punktion<br \/>\n-Gleichm\u00e4\u00dfiges Auftragen von Silikon erleichtert das Vorschieben der Nadeln<br \/>\n-Cath\u00e9ter en polyur\u00e9thane r\u00e9sistant \u00e0 la flexion<br \/>\n-D\u00e9bit constant<br \/>\n-Capacit\u00e9 de contraste \u00e9lev\u00e9 des rayons X<br \/>\n-La biocompatibilit\u00e9 r\u00e9duit la thrombophl\u00e9bite<br \/>\n-R\u00e9duction du risque d&rsquo;\u00e9claboussures de sang lors du retrait des aiguilles<br \/>\n-Weiche Fl\u00fcgel<br \/>\nLatex- und PVC-frei<br \/>\n-Farbkodierte Kan\u00fclengr\u00f6\u00dfe<br \/>\n-Sterile Einzelverpackung<\/p>","protected":false},"excerpt":{"rendered":"<p>Passiv sicherer intraven\u00f6ser Katheter<\/p>","protected":false},"featured_media":9845,"template":"","meta":{"_acf_changed":false,"_seopress_robots_primary_cat":"none","_seopress_titles_title":"","_seopress_titles_desc":"","_seopress_robots_index":""},"product_brand":[],"product_cat":[288,133],"product_tag":[],"categorie_principale":[32,31,28,29],"marque":[172],"class_list":{"0":"post-10346","1":"product","2":"type-product","3":"status-publish","4":"has-post-thumbnail","6":"product_cat-liste-additionnelle","7":"product_cat-perfusion-injection","8":"categorie_principale-cardiologie","9":"categorie_principale-gynecologie","10":"categorie_principale-medecine-generale","11":"categorie_principale-permanence-hopital","12":"marque-becton-dickinson","14":"first","15":"instock","16":"taxable","17":"shipping-taxable","18":"purchasable","19":"product-type-variable"},"supplier_id":null,"supplier_sku":"","atum_controlled":true,"out_stock_date":null,"out_stock_threshold":null,"inheritable":true,"inbound_stock":0,"stock_on_hold":0,"sold_today":0,"sales_last_days":0,"reserved_stock":0,"customer_returns":0,"warehouse_damage":0,"lost_in_post":0,"other_logs":0,"out_stock_days":0,"lost_sales":0,"has_location":true,"update_date":"2026-04-08T00:03:54","atum_locations":[{"id":373,"name":"Officine","slug":"officine"}],"atum_stock_status":"instock","restock_status":false,"low_stock_amount":"","sales_update_date":"2026-04-08T00:03:54","calc_backorders":null,"acf":[],"_links":{"self":[{"href":"https:\/\/softymed.ch\/de\/wp-json\/wp\/v2\/product\/10346","targetHints":{"allow":["GET"]}}],"collection":[{"href":"https:\/\/softymed.ch\/de\/wp-json\/wp\/v2\/product"}],"about":[{"href":"https:\/\/softymed.ch\/de\/wp-json\/wp\/v2\/types\/product"}],"wp:featuredmedia":[{"embeddable":true,"href":"https:\/\/softymed.ch\/de\/wp-json\/wp\/v2\/media\/9845"}],"wp:attachment":[{"href":"https:\/\/softymed.ch\/de\/wp-json\/wp\/v2\/media?parent=10346"}],"wp:term":[{"taxonomy":"product_brand","embeddable":true,"href":"https:\/\/softymed.ch\/de\/wp-json\/wp\/v2\/product_brand?post=10346"},{"taxonomy":"product_cat","embeddable":true,"href":"https:\/\/softymed.ch\/de\/wp-json\/wp\/v2\/product_cat?post=10346"},{"taxonomy":"product_tag","embeddable":true,"href":"https:\/\/softymed.ch\/de\/wp-json\/wp\/v2\/product_tag?post=10346"},{"taxonomy":"categorie_principale","embeddable":true,"href":"https:\/\/softymed.ch\/de\/wp-json\/wp\/v2\/categorie_principale?post=10346"},{"taxonomy":"marque","embeddable":true,"href":"https:\/\/softymed.ch\/de\/wp-json\/wp\/v2\/marque?post=10346"}],"curies":[{"name":"wp","href":"https:\/\/api.w.org\/{rel}","templated":true}]}}