{"id":10019,"date":"2025-02-22T18:29:11","date_gmt":"2025-02-22T17:29:11","guid":{"rendered":"https:\/\/softymed.ch\/?post_type=product&#038;p=10019"},"modified":"2026-03-10T15:22:08","modified_gmt":"2026-03-10T14:22:08","slug":"chirurgische-zange","status":"publish","type":"product","link":"https:\/\/softymed.ch\/de\/boutique\/petite-chirurgie-suture\/pince-chirurgicale\/","title":{"rendered":"Chirurgische Pinzette"},"content":{"rendered":"<p>Les instruments m\u00e9talliques jetables sont emball\u00e9s individuellement de mani\u00e8re st\u00e9rile.<\/p>\n<p>Le marquage couleur des deux c\u00f4t\u00e9s (marquage jetable) \u00e9vite le m\u00e9lange avec des instruments r\u00e9utilisables.<\/p>\n<p><strong>Merkmale<\/strong><br \/>\n-Chirurgische Pinzette<br \/>\n-Standardversion<br \/>\n-Emballage st\u00e9rile individuel<\/p>","protected":false},"excerpt":{"rendered":"<p>Standard mit 1 \u00d7 2 Z\u00e4hnen<br \/>\nZum einmaligen Gebrauch<\/p>","protected":false},"featured_media":10022,"template":"","meta":{"_acf_changed":false,"_seopress_robots_primary_cat":"134","_seopress_titles_title":"","_seopress_titles_desc":"","_seopress_robots_index":""},"product_brand":[],"product_cat":[372,134],"product_tag":[],"categorie_principale":[165,31,28,29],"marque":[],"class_list":{"0":"post-10019","1":"product","2":"type-product","3":"status-publish","4":"has-post-thumbnail","6":"product_cat-medicusana","7":"product_cat-petite-chirurgie-suture","8":"categorie_principale-autre","9":"categorie_principale-gynecologie","10":"categorie_principale-medecine-generale","11":"categorie_principale-permanence-hopital","13":"first","14":"instock","15":"taxable","16":"shipping-taxable","17":"purchasable","18":"product-type-variable"},"supplier_id":null,"supplier_sku":"","atum_controlled":true,"out_stock_date":"2025-02-22 17:29:12","out_stock_threshold":null,"inheritable":true,"inbound_stock":0,"stock_on_hold":0,"sold_today":0,"sales_last_days":0,"reserved_stock":0,"customer_returns":0,"warehouse_damage":0,"lost_in_post":0,"other_logs":0,"out_stock_days":409,"lost_sales":0,"has_location":true,"update_date":"2026-04-08T00:03:47","atum_locations":[{"id":219,"name":"Yellow Cube","slug":"yellow-cube"}],"atum_stock_status":"instock","restock_status":false,"low_stock_amount":"","sales_update_date":"2026-04-08T00:03:47","calc_backorders":null,"acf":[],"_links":{"self":[{"href":"https:\/\/softymed.ch\/de\/wp-json\/wp\/v2\/product\/10019","targetHints":{"allow":["GET"]}}],"collection":[{"href":"https:\/\/softymed.ch\/de\/wp-json\/wp\/v2\/product"}],"about":[{"href":"https:\/\/softymed.ch\/de\/wp-json\/wp\/v2\/types\/product"}],"wp:featuredmedia":[{"embeddable":true,"href":"https:\/\/softymed.ch\/de\/wp-json\/wp\/v2\/media\/10022"}],"wp:attachment":[{"href":"https:\/\/softymed.ch\/de\/wp-json\/wp\/v2\/media?parent=10019"}],"wp:term":[{"taxonomy":"product_brand","embeddable":true,"href":"https:\/\/softymed.ch\/de\/wp-json\/wp\/v2\/product_brand?post=10019"},{"taxonomy":"product_cat","embeddable":true,"href":"https:\/\/softymed.ch\/de\/wp-json\/wp\/v2\/product_cat?post=10019"},{"taxonomy":"product_tag","embeddable":true,"href":"https:\/\/softymed.ch\/de\/wp-json\/wp\/v2\/product_tag?post=10019"},{"taxonomy":"categorie_principale","embeddable":true,"href":"https:\/\/softymed.ch\/de\/wp-json\/wp\/v2\/categorie_principale?post=10019"},{"taxonomy":"marque","embeddable":true,"href":"https:\/\/softymed.ch\/de\/wp-json\/wp\/v2\/marque?post=10019"}],"curies":[{"name":"wp","href":"https:\/\/api.w.org\/{rel}","templated":true}]}}