{"id":13,"date":"2023-03-29T15:45:42","date_gmt":"2023-03-29T15:45:42","guid":{"rendered":"https:\/\/softymed.ch\/mon-compte\/"},"modified":"2025-02-26T13:25:13","modified_gmt":"2025-02-26T12:25:13","slug":"mein-konto","status":"publish","type":"page","link":"https:\/\/softymed.ch\/de\/mon-compte\/","title":{"rendered":"Mein Konto"},"content":{"rendered":"<div class=\"woocommerce\"><\/div>","protected":false},"excerpt":{"rendered":"","protected":false},"author":1,"featured_media":0,"parent":0,"menu_order":0,"comment_status":"closed","ping_status":"closed","template":"","meta":{"_acf_changed":false,"_seopress_robots_primary_cat":"","_seopress_titles_title":"Mon compte \u2013 Acc\u00e9dez \u00e0 votre espace client SOFTYMED","_seopress_titles_desc":"Connectez-vous \u00e0 votre compte SOFTYMED pour g\u00e9rer vos commandes, vos favoris, suivre vos livraisons et acc\u00e9der \u00e0 vos informations personnelles en toute s\u00e9curit\u00e9.","_seopress_robots_index":"","footnotes":""},"class_list":["post-13","page","type-page","status-publish","hentry"],"acf":[],"_links":{"self":[{"href":"https:\/\/softymed.ch\/de\/wp-json\/wp\/v2\/pages\/13","targetHints":{"allow":["GET"]}}],"collection":[{"href":"https:\/\/softymed.ch\/de\/wp-json\/wp\/v2\/pages"}],"about":[{"href":"https:\/\/softymed.ch\/de\/wp-json\/wp\/v2\/types\/page"}],"author":[{"embeddable":true,"href":"https:\/\/softymed.ch\/de\/wp-json\/wp\/v2\/users\/1"}],"replies":[{"embeddable":true,"href":"https:\/\/softymed.ch\/de\/wp-json\/wp\/v2\/comments?post=13"}],"version-history":[{"count":0,"href":"https:\/\/softymed.ch\/de\/wp-json\/wp\/v2\/pages\/13\/revisions"}],"wp:attachment":[{"href":"https:\/\/softymed.ch\/de\/wp-json\/wp\/v2\/media?parent=13"}],"curies":[{"name":"wp","href":"https:\/\/api.w.org\/{rel}","templated":true}]}}