{"id":119,"date":"2023-10-18T10:45:06","date_gmt":"2023-10-18T08:45:06","guid":{"rendered":"https:\/\/softymed.ch\/?page_id=119"},"modified":"2025-02-26T13:29:16","modified_gmt":"2025-02-26T12:29:16","slug":"a-propos","status":"publish","type":"page","link":"https:\/\/softymed.ch\/de\/a-propos\/","title":{"rendered":"\u00dcber"},"content":{"rendered":"<div class=\"members-access-error\">Sorry, aber Sie haben keine Erlaubnis, sich diesen Inhalt anzusehen.<\/div>","protected":false},"excerpt":{"rendered":"<div class=\"members-access-error\">Sorry, aber Sie haben keine Erlaubnis, sich diesen Inhalt anzusehen.<\/div>","protected":false},"author":1,"featured_media":0,"parent":0,"menu_order":0,"comment_status":"closed","ping_status":"closed","template":"","meta":{"_acf_changed":false,"_seopress_robots_primary_cat":"","_seopress_titles_title":"A propos de SOFTYMED \u2013 Votre partenaire en mati\u00e8re de mat\u00e9riel m\u00e9dical","_seopress_titles_desc":"Entreprise de vente de mat\u00e9riel m\u00e9dical d\u00e9di\u00e9 aux professionnels de sant\u00e9, SOFTYMED s\u2019est donn\u00e9e pour mission de rendre accessible des produits m\u00e9dicaux \u00e0 des tarifs le plus juste possible.","_seopress_robots_index":"","footnotes":""},"class_list":["post-119","page","type-page","status-publish","hentry"],"acf":[],"_links":{"self":[{"href":"https:\/\/softymed.ch\/de\/wp-json\/wp\/v2\/pages\/119","targetHints":{"allow":["GET"]}}],"collection":[{"href":"https:\/\/softymed.ch\/de\/wp-json\/wp\/v2\/pages"}],"about":[{"href":"https:\/\/softymed.ch\/de\/wp-json\/wp\/v2\/types\/page"}],"author":[{"embeddable":true,"href":"https:\/\/softymed.ch\/de\/wp-json\/wp\/v2\/users\/1"}],"replies":[{"embeddable":true,"href":"https:\/\/softymed.ch\/de\/wp-json\/wp\/v2\/comments?post=119"}],"version-history":[{"count":0,"href":"https:\/\/softymed.ch\/de\/wp-json\/wp\/v2\/pages\/119\/revisions"}],"wp:attachment":[{"href":"https:\/\/softymed.ch\/de\/wp-json\/wp\/v2\/media?parent=119"}],"curies":[{"name":"wp","href":"https:\/\/api.w.org\/{rel}","templated":true}]}}